{"id":19431,"date":"2025-04-10T12:16:20","date_gmt":"2025-04-10T10:16:20","guid":{"rendered":"https:\/\/myspainfood.com\/producto\/ekstra-jomfruolivenolie-pakke-med-3-karafler-viejo-olivas-15-l\/"},"modified":"2026-01-29T12:35:49","modified_gmt":"2026-01-29T11:35:49","slug":"ekstra-jomfruolivenolie-pakke-med-3-karafler-viejo-olivas-15-l","status":"publish","type":"product","link":"https:\/\/myspainfood.com\/da\/producto\/ekstra-jomfruolivenolie-pakke-med-3-karafler-viejo-olivas-15-l\/","title":{"rendered":"Ekstra jomfruolivenolie - Pakke med 3 karafler - Viejo Olivas - 15 L"},"content":{"rendered":"<h3><strong>Ekstra jomfruolivenolie - Pakke med 3 karafler - Viejo Olivas - 15 L<\/strong><\/h3>\n<p>Oplev Middelhavets rige smag med <strong>Viejo Olivas Extra Virgin Olive Oil Pack<\/strong>, som indeholder tre 5-liters flasker. Denne olie er resultatet af en omhyggelig udv\u00e6lgelse af oliven af h\u00f8jeste kvalitet, dyrket i traditionelle olivenlunde. Den <strong>kolde udvindingsproces<\/strong> garanterer, at hver dr\u00e5be bevarer alle de ern\u00e6ringsm\u00e6ssige egenskaber og den enest\u00e5ende smag, der kendetegner en \u00e6gte ekstra jomfruolivenolie.  <\/p>\n<p>Hver 5-liters karaffel er designet til at opfylde behovene hos kokke og madelskere. Med en frugtagtig aroma og en afbalanceret smag er denne olie perfekt til at forbedre smagen i dine salater, marinader og gryderetter. Formatet p\u00e5 15 liter er ideelt til hverdagsbrug og giver betydelige besparelser uden at g\u00e5 p\u00e5 kompromis med kvaliteten, s\u00e5 du altid har denne vigtige ingrediens i middelhavsk\u00f8kkenet ved h\u00e5nden.  <\/p>\n<p><strong>Hvorfor v\u00e6lge Viejo Olivas ekstra jomfruolivenolie?<\/strong><\/p>\n<ul>\n<li><strong>F\u00f8rsteklasses kvalitet<\/strong>: Hver karaffel er fremstillet af udvalgte oliven, hvilket resulterer i en olie med intens smag og sunde egenskaber.<\/li>\n<li><strong>Alsidig brug<\/strong>: Perfekt til madlavning, krydring og til at give dine retter et s\u00e6rligt pr\u00e6g.<\/li>\n<li><strong>\u00d8konomisk effektivitet<\/strong>: Ved at k\u00f8be i en pakke f\u00e5r du meget for pengene, hvilket er ideelt for familier eller restaurationsvirksomheder.<\/li>\n<\/ul>\n<p>Hvis du vil vide mere om fordelene ved olivenolie, kan du bes\u00f8ge vores afsnit om <a target=\"_new\" rel=\"noopener\">fordelene ved olivenolie<\/a> og finde ud af, hvordan den kan forbedre dit helbred og dine opskrifter. Hvis du vil have et st\u00f8rre udvalg, kan du tjekke vores kategori med <a target=\"_new\" rel=\"noopener\">olier og eddiker<\/a>, hvor du finder andre produkter af h\u00f8j kvalitet, der passer perfekt til dit k\u00f8kken.<\/p>\n<p>Ved at v\u00e6lge <strong>Viejo Olivas Extra Virgin Olive Oil Pack<\/strong> v\u00e6lger du ikke kun kvalitet og smag, men du st\u00f8tter ogs\u00e5 b\u00e6redygtig og ansvarlig landbrugspraksis. Benyt lejligheden til at bringe det bedste fra middelhavstraditionen til dit bord, bestil i dag, og g\u00f8r hvert m\u00e5ltid til en gourmetoplevelse!  <\/p>\n","protected":false},"excerpt":{"rendered":"<p>Ekstra jomfruolivenolie - Pakke med 3 karafler - Viejo Olivas - 15 L Oplev Middelhavets rige smag med Viejo Olivas Extra Virgin Olive Oil Pack, som indeholder tre 5-liters flasker. Denne olie er resultatet af en omhyggelig udv\u00e6lgelse af oliven af h\u00f8jeste kvalitet, dyrket i traditionelle olivenlunde. Den kolde udvindingsproces garanterer, at hver dr\u00e5be bevarer [&hellip;]<\/p>\n","protected":false},"featured_media":19183,"template":"","meta":{"_et_pb_use_builder":"","_et_pb_old_content":"","_et_gb_content_width":""},"product_brand":[1221],"product_cat":[2606,2605],"product_tag":[2607],"class_list":{"0":"post-19431","1":"product","2":"type-product","3":"status-publish","4":"has-post-thumbnail","6":"product_brand-valdezarza","7":"product_cat-ekstra-jomfru-oliven","8":"product_cat-olie-da","9":"product_tag-olie-da","11":"first","12":"outofstock","13":"featured","14":"taxable","15":"shipping-taxable","16":"purchasable","17":"product-type-simple"},"_links":{"self":[{"href":"https:\/\/myspainfood.com\/da\/wp-json\/wp\/v2\/product\/19431","targetHints":{"allow":["GET"]}}],"collection":[{"href":"https:\/\/myspainfood.com\/da\/wp-json\/wp\/v2\/product"}],"about":[{"href":"https:\/\/myspainfood.com\/da\/wp-json\/wp\/v2\/types\/product"}],"wp:featuredmedia":[{"embeddable":true,"href":"https:\/\/myspainfood.com\/da\/wp-json\/wp\/v2\/media\/19183"}],"wp:attachment":[{"href":"https:\/\/myspainfood.com\/da\/wp-json\/wp\/v2\/media?parent=19431"}],"wp:term":[{"taxonomy":"product_brand","embeddable":true,"href":"https:\/\/myspainfood.com\/da\/wp-json\/wp\/v2\/product_brand?post=19431"},{"taxonomy":"product_cat","embeddable":true,"href":"https:\/\/myspainfood.com\/da\/wp-json\/wp\/v2\/product_cat?post=19431"},{"taxonomy":"product_tag","embeddable":true,"href":"https:\/\/myspainfood.com\/da\/wp-json\/wp\/v2\/product_tag?post=19431"}],"curies":[{"name":"wp","href":"https:\/\/api.w.org\/{rel}","templated":true}]}}