{"id":19438,"date":"2025-04-10T12:16:30","date_gmt":"2025-04-10T10:16:30","guid":{"rendered":"https:\/\/myspainfood.com\/producto\/karre-af-100-iberisk-agernfodret-svinekoed-fili-500-gr\/"},"modified":"2026-01-29T13:12:22","modified_gmt":"2026-01-29T12:12:22","slug":"karre-af-100-iberisk-agernfodret-svinekoed-fili-500-gr","status":"publish","type":"product","link":"https:\/\/myspainfood.com\/da\/producto\/karre-af-100-iberisk-agernfodret-svinekoed-fili-500-gr\/","title":{"rendered":"Karr\u00e9 af 100% iberisk agernfodret svinek\u00f8d - FILI - 500 gr"},"content":{"rendered":"<h3>Kotelet af 100% iberisk agernfodret svinek\u00f8d - FILI - 800 gr<\/h3>\n<p>Den <strong>100% iberiske agernfodrede svinekam - FILI<\/strong> p\u00e5 800 gram er en gourmetdelikatesse, fremstillet af racerene iberiske grise, der er opdr\u00e6ttet i naturen og fodret med agern. Denne h\u00e5ndv\u00e6rksm\u00e6ssige proces giver sammen med den omhyggelige modning en uovertruffen smag og en saftig konsistens. Perfekt til elskere af iberiske produkter og rig p\u00e5 sunde fedtsyrer.  <\/p>\n<p>Hvis du vil vide mere om fordelene ved at spise iberiske produkter, kan du bes\u00f8ge <a href=\"https:\/\/www.jamonlovers.es\" target=\"_new\" rel=\"noopener noreferrer nofollow\" target=\"_blank\">Jam\u00f3n Lovers<\/a>.<\/p>\n<p>Opdag flere muligheder i vores kategorier af <a href=\"https:\/\/latiendadesami.com\/categoria-producto\/queso-embutido\/\" target=\"_blank\" rel=\"noopener noreferrer nofollow\"><span style=\"color: #2ea3f2;\">P\u00f8lser<\/span><\/a><\/p>\n","protected":false},"excerpt":{"rendered":"<p>Kotelet af 100% iberisk agernfodret svinek\u00f8d - FILI - 800 gr Den 100% iberiske agernfodrede svinekam - FILI p\u00e5 800 gram er en gourmetdelikatesse, fremstillet af racerene iberiske grise, der er opdr\u00e6ttet i naturen og fodret med agern. Denne h\u00e5ndv\u00e6rksm\u00e6ssige proces giver sammen med den omhyggelige modning en uovertruffen smag og en saftig konsistens. Perfekt [&hellip;]<\/p>\n","protected":false},"featured_media":19440,"template":"","meta":{"_et_pb_use_builder":"","_et_pb_old_content":"","_et_gb_content_width":""},"product_brand":[1388],"product_cat":[2292,2293],"product_tag":[],"class_list":{"0":"post-19438","1":"product","2":"type-product","3":"status-publish","4":"has-post-thumbnail","6":"product_brand-fili","7":"product_cat-ost-og-polse-da","8":"product_cat-polse-da","10":"first","11":"outofstock","12":"taxable","13":"shipping-taxable","14":"purchasable","15":"product-type-simple"},"_links":{"self":[{"href":"https:\/\/myspainfood.com\/da\/wp-json\/wp\/v2\/product\/19438","targetHints":{"allow":["GET"]}}],"collection":[{"href":"https:\/\/myspainfood.com\/da\/wp-json\/wp\/v2\/product"}],"about":[{"href":"https:\/\/myspainfood.com\/da\/wp-json\/wp\/v2\/types\/product"}],"wp:featuredmedia":[{"embeddable":true,"href":"https:\/\/myspainfood.com\/da\/wp-json\/wp\/v2\/media\/19440"}],"wp:attachment":[{"href":"https:\/\/myspainfood.com\/da\/wp-json\/wp\/v2\/media?parent=19438"}],"wp:term":[{"taxonomy":"product_brand","embeddable":true,"href":"https:\/\/myspainfood.com\/da\/wp-json\/wp\/v2\/product_brand?post=19438"},{"taxonomy":"product_cat","embeddable":true,"href":"https:\/\/myspainfood.com\/da\/wp-json\/wp\/v2\/product_cat?post=19438"},{"taxonomy":"product_tag","embeddable":true,"href":"https:\/\/myspainfood.com\/da\/wp-json\/wp\/v2\/product_tag?post=19438"}],"curies":[{"name":"wp","href":"https:\/\/api.w.org\/{rel}","templated":true}]}}