{"id":19475,"date":"2025-04-10T12:16:34","date_gmt":"2025-04-10T10:16:34","guid":{"rendered":"https:\/\/myspainfood.com\/producto\/filet-af-agernfodret-50-iberisk-svinekoed-fili-500-gr\/"},"modified":"2026-01-30T08:25:02","modified_gmt":"2026-01-30T07:25:02","slug":"filet-af-agernfodret-50-iberisk-svinekoed-fili-500-gr","status":"publish","type":"product","link":"https:\/\/myspainfood.com\/da\/producto\/filet-af-agernfodret-50-iberisk-svinekoed-fili-500-gr\/","title":{"rendered":"Filet af agernfodret 50% iberisk svinek\u00f8d - Fili - 500 gr"},"content":{"rendered":"<p>800 gram <strong>iberisk agernfodret 50% agernfodret svinekam - FILI<\/strong> er en gourmetdelikatesse, fremstillet af racerene iberiske grise, der er opdr\u00e6ttet i naturen og fodret med agern. Denne h\u00e5ndv\u00e6rksm\u00e6ssige proces giver sammen med den omhyggelige modning en uovertruffen smag og en saftig konsistens. Perfekt til elskere af iberiske produkter og rig p\u00e5 sunde fedtsyrer.  <\/p>\n<p>Hvis du vil vide mere om fordelene ved at spise iberiske produkter, kan du bes\u00f8ge <a href=\"https:\/\/www.jamonlovers.es\" target=\"_new\" rel=\"noopener noreferrer nofollow\" target=\"_blank\">Jam\u00f3n Lovers<\/a>.<\/p>\n<p>Opdag flere muligheder i vores kategorier af <a href=\"https:\/\/latiendadesami.com\/categoria-producto\/queso-embutido\/\" target=\"_blank\" rel=\"noopener noreferrer nofollow\"><span style=\"color: #2ea3f2;\">P\u00f8lser<\/span><\/a><\/p>\n","protected":false},"excerpt":{"rendered":"<p>800 gram iberisk agernfodret 50% agernfodret svinekam - FILI er en gourmetdelikatesse, fremstillet af racerene iberiske grise, der er opdr\u00e6ttet i naturen og fodret med agern. Denne h\u00e5ndv\u00e6rksm\u00e6ssige proces giver sammen med den omhyggelige modning en uovertruffen smag og en saftig konsistens. Perfekt til elskere af iberiske produkter og rig p\u00e5 sunde fedtsyrer. Hvis du [&hellip;]<\/p>\n","protected":false},"featured_media":19479,"template":"","meta":{"_et_pb_use_builder":"","_et_pb_old_content":"","_et_gb_content_width":""},"product_brand":[],"product_cat":[2292,2293],"product_tag":[],"class_list":{"0":"post-19475","1":"product","2":"type-product","3":"status-publish","4":"has-post-thumbnail","6":"product_cat-ost-og-polse-da","7":"product_cat-polse-da","9":"first","10":"outofstock","11":"taxable","12":"shipping-taxable","13":"purchasable","14":"product-type-simple"},"_links":{"self":[{"href":"https:\/\/myspainfood.com\/da\/wp-json\/wp\/v2\/product\/19475","targetHints":{"allow":["GET"]}}],"collection":[{"href":"https:\/\/myspainfood.com\/da\/wp-json\/wp\/v2\/product"}],"about":[{"href":"https:\/\/myspainfood.com\/da\/wp-json\/wp\/v2\/types\/product"}],"wp:featuredmedia":[{"embeddable":true,"href":"https:\/\/myspainfood.com\/da\/wp-json\/wp\/v2\/media\/19479"}],"wp:attachment":[{"href":"https:\/\/myspainfood.com\/da\/wp-json\/wp\/v2\/media?parent=19475"}],"wp:term":[{"taxonomy":"product_brand","embeddable":true,"href":"https:\/\/myspainfood.com\/da\/wp-json\/wp\/v2\/product_brand?post=19475"},{"taxonomy":"product_cat","embeddable":true,"href":"https:\/\/myspainfood.com\/da\/wp-json\/wp\/v2\/product_cat?post=19475"},{"taxonomy":"product_tag","embeddable":true,"href":"https:\/\/myspainfood.com\/da\/wp-json\/wp\/v2\/product_tag?post=19475"}],"curies":[{"name":"wp","href":"https:\/\/api.w.org\/{rel}","templated":true}]}}