{"id":19619,"date":"2025-04-10T12:14:40","date_gmt":"2025-04-10T10:14:40","guid":{"rendered":"https:\/\/myspainfood.com\/producto\/ekstra-hele-ristede-piquillo-peberfrugter-destapa-la-huerta-190gr\/"},"modified":"2026-01-30T14:25:04","modified_gmt":"2026-01-30T13:25:04","slug":"ekstra-hele-ristede-piquillo-peberfrugter-destapa-la-huerta-190gr","status":"publish","type":"product","link":"https:\/\/myspainfood.com\/da\/producto\/ekstra-hele-ristede-piquillo-peberfrugter-destapa-la-huerta-190gr\/","title":{"rendered":"Ekstra hele ristede Piquillo-peberfrugter Destapa la huerta 190gr"},"content":{"rendered":"<p>Ingredienser: Piquillo-peberfrugter, hvidl\u00f8g, salt og syrningsmiddel: citronsyre, h\u00e6rder: calciumklorid.<\/p>\n<p>Efter \u00e5bning opbevares p\u00e5 k\u00f8l og forbruges helst inden for 5 dage<\/p>\n<p>Vi har den h\u00f8jeste kvalitet til den bedste pris.<\/p>\n<p>Skriv til os for at f\u00e5 flere oplysninger, eller hvis du har sp\u00f8rgsm\u00e5l om dette eller andre produkter i vores katalog.<\/p>\n","protected":false},"excerpt":{"rendered":"<p>Ingredienser: Piquillo-peberfrugter, hvidl\u00f8g, salt og syrningsmiddel: citronsyre, h\u00e6rder: calciumklorid. Efter \u00e5bning opbevares p\u00e5 k\u00f8l og forbruges helst inden for 5 dage Vi har den h\u00f8jeste kvalitet til den bedste pris. Skriv til os for at f\u00e5 flere oplysninger, eller hvis du har sp\u00f8rgsm\u00e5l om dette eller andre produkter i vores katalog.<\/p>\n","protected":false},"featured_media":19624,"template":"","meta":{"_et_pb_use_builder":"","_et_pb_old_content":"","_et_gb_content_width":""},"product_brand":[1129],"product_cat":[1648,2363],"product_tag":[2365,2364],"class_list":{"0":"post-19619","1":"product","2":"type-product","3":"status-publish","4":"has-post-thumbnail","6":"product_brand-mateo","7":"product_cat-konserves","8":"product_cat-peberfrugter","9":"product_tag-peber","10":"product_tag-stegt","12":"first","13":"outofstock","14":"featured","15":"taxable","16":"shipping-taxable","17":"product-type-variable"},"_links":{"self":[{"href":"https:\/\/myspainfood.com\/da\/wp-json\/wp\/v2\/product\/19619","targetHints":{"allow":["GET"]}}],"collection":[{"href":"https:\/\/myspainfood.com\/da\/wp-json\/wp\/v2\/product"}],"about":[{"href":"https:\/\/myspainfood.com\/da\/wp-json\/wp\/v2\/types\/product"}],"wp:featuredmedia":[{"embeddable":true,"href":"https:\/\/myspainfood.com\/da\/wp-json\/wp\/v2\/media\/19624"}],"wp:attachment":[{"href":"https:\/\/myspainfood.com\/da\/wp-json\/wp\/v2\/media?parent=19619"}],"wp:term":[{"taxonomy":"product_brand","embeddable":true,"href":"https:\/\/myspainfood.com\/da\/wp-json\/wp\/v2\/product_brand?post=19619"},{"taxonomy":"product_cat","embeddable":true,"href":"https:\/\/myspainfood.com\/da\/wp-json\/wp\/v2\/product_cat?post=19619"},{"taxonomy":"product_tag","embeddable":true,"href":"https:\/\/myspainfood.com\/da\/wp-json\/wp\/v2\/product_tag?post=19619"}],"curies":[{"name":"wp","href":"https:\/\/api.w.org\/{rel}","templated":true}]}}