{"id":19726,"date":"2025-04-10T12:14:40","date_gmt":"2025-04-10T10:14:40","guid":{"rendered":"https:\/\/myspainfood.com\/producto\/sydlige-makrelfileter-ubago-med-olivenolie-105-gr\/"},"modified":"2026-04-19T13:44:40","modified_gmt":"2026-04-19T11:44:40","slug":"sydlige-makrelfileter-ubago-med-olivenolie-105-gr","status":"publish","type":"product","link":"https:\/\/myspainfood.com\/da\/producto\/sydlige-makrelfileter-ubago-med-olivenolie-105-gr\/","title":{"rendered":"Sydlige makrelfileter - Ubago - Med olivenolie - 105 gr"},"content":{"rendered":"<h3><strong>Ubago sydlige makrelfileter med olivenolie - traditionel kvalitet og smag<\/strong><\/h3>\n<p>Oplev de <strong>sydlige makrelfileter i olivenolie fra <a href=\"https:\/\/ubagogroup.com\/\" target=\"_blank\" rel=\"noopener noreferrer nofollow\">Ubago<\/a><\/strong>, en delikatesse rig p\u00e5 <a href=\"https:\/\/nutribiotica.es\/digestivo-y-nutricion\/omega-3-para-que-sirve\/\" target=\"_blank\" rel=\"noopener noreferrer nofollow\"><strong>omega-3<\/strong><\/a> og proteiner. Denne gourmetkonserves best\u00e5r af makrel fanget ud for Atlanterhavskysten og pakket i <strong>ekstra jomfruolivenolie<\/strong>, som fremh\u00e6ver dens smag og friskhed.<\/p>\n<p>Ideel til tilberedning af sunde opskrifter eller til at nyde i salater og snacks. F\u00e5 mere at vide om fordelene ved <strong>ekstra jomfruolivenolie<\/strong> i <a href=\"https:\/\/latiendadesami.com\/category\/recetas\/\" rel=\"noopener noreferrer nofollow\" target=\"_blank\">vores blog om gourmetprodukter<\/a>. <\/p>\n<p><strong>Bestil i dag, og nyd den autentiske smag af de sydlige kyster.<\/strong> Hvis du er vild med dette produkt, m\u00e5 du ikke g\u00e5 glip af vores udvalg af <strong><a href=\"https:\/\/latiendadesami.com\/categoria-producto\/conservas\/\" rel=\"noopener noreferrer nofollow\" target=\"_blank\">gourmetkonserves<\/a><\/strong> eller opdage andre l\u00e6kre <strong><a href=\"https:\/\/latiendadesami.com\/categoria-producto\/queso-embutido\/\" rel=\"noopener noreferrer nofollow\" target=\"_blank\">typiske spanske produkter<\/a><\/strong> s\u00e5som olier, vine, p\u00f8lser og meget mere.<\/p>\n<p>G\u00e5 p\u00e5 opdagelse i vores butik, og f\u00e5 det bedste fra den spanske gastronomi p\u00e5 dit bord!<\/p>\n","protected":false},"excerpt":{"rendered":"<p>Ubago sydlige makrelfileter med olivenolie - traditionel kvalitet og smag<\/p>\n","protected":false},"featured_media":19732,"template":"","meta":{"_et_pb_use_builder":"","_et_pb_old_content":"","_et_gb_content_width":""},"product_brand":[],"product_cat":[1648,2192],"product_tag":[],"class_list":{"0":"post-19726","1":"product","2":"type-product","3":"status-publish","4":"has-post-thumbnail","6":"product_cat-konserves","7":"product_cat-testkategori","9":"first","10":"instock","11":"taxable","12":"shipping-taxable","13":"purchasable","14":"product-type-variable"},"_links":{"self":[{"href":"https:\/\/myspainfood.com\/da\/wp-json\/wp\/v2\/product\/19726","targetHints":{"allow":["GET"]}}],"collection":[{"href":"https:\/\/myspainfood.com\/da\/wp-json\/wp\/v2\/product"}],"about":[{"href":"https:\/\/myspainfood.com\/da\/wp-json\/wp\/v2\/types\/product"}],"wp:featuredmedia":[{"embeddable":true,"href":"https:\/\/myspainfood.com\/da\/wp-json\/wp\/v2\/media\/19732"}],"wp:attachment":[{"href":"https:\/\/myspainfood.com\/da\/wp-json\/wp\/v2\/media?parent=19726"}],"wp:term":[{"taxonomy":"product_brand","embeddable":true,"href":"https:\/\/myspainfood.com\/da\/wp-json\/wp\/v2\/product_brand?post=19726"},{"taxonomy":"product_cat","embeddable":true,"href":"https:\/\/myspainfood.com\/da\/wp-json\/wp\/v2\/product_cat?post=19726"},{"taxonomy":"product_tag","embeddable":true,"href":"https:\/\/myspainfood.com\/da\/wp-json\/wp\/v2\/product_tag?post=19726"}],"curies":[{"name":"wp","href":"https:\/\/api.w.org\/{rel}","templated":true}]}}