{"id":19942,"date":"2025-04-10T12:16:17","date_gmt":"2025-04-10T10:16:17","guid":{"rendered":"https:\/\/myspainfood.com\/producto\/halvsyret-ost-san-isidro-3-kg-ca\/"},"modified":"2026-01-30T14:35:02","modified_gmt":"2026-01-30T13:35:02","slug":"halvsyret-ost-san-isidro-3-kg-ca","status":"publish","type":"product","link":"https:\/\/myspainfood.com\/da\/producto\/halvsyret-ost-san-isidro-3-kg-ca\/","title":{"rendered":"Halvsyret ost San Isidro - 3 kg (ca.)"},"content":{"rendered":"<h3><strong>San Isidro Halvfed ost - 3 kg<\/strong><\/h3>\n<p><strong>San Isidro Semicured Cheese<\/strong> 3,4 kg er det ideelle valg for elskere af traditionel ost. Den afbalancerede modning, den cremede konsistens og den milde smag med intense strejf g\u00f8r den perfekt til enhver lejlighed. <\/p>\n<h4><strong>Vigtigste funktioner:<\/strong><\/h4>\n<ul>\n<li><strong>Ideel v\u00e6gt<\/strong>: 3,4 kg, designet til at dele eller nyde ved store arrangementer.<\/li>\n<li><strong>H\u00e5ndv\u00e6rksm\u00e6ssig produktion<\/strong>: Respekt for lokale traditioner for ostefremstilling.<\/li>\n<li><strong>Unik smag<\/strong>: milde m\u00e6lkeagtige noter med et modningspunkt, der adskiller den.<\/li>\n<\/ul>\n<p>Server med <a href=\"https:\/\/latiendadesami.com\/categoria-producto\/queso-embutido\/\" rel=\"noopener noreferrer nofollow\" target=\"_blank\">vores iberiske k\u00f8dp\u00e5l\u00e6g<\/a> til et perfekt ostebord.<\/p>\n","protected":false},"excerpt":{"rendered":"<p>San Isidro Halvfed ost - 3 kg San Isidro Semicured Cheese 3,4 kg er det ideelle valg for elskere af traditionel ost. Den afbalancerede modning, den cremede konsistens og den milde smag med intense strejf g\u00f8r den perfekt til enhver lejlighed. Vigtigste funktioner: Ideel v\u00e6gt: 3,4 kg, designet til at dele eller nyde ved store [&hellip;]<\/p>\n","protected":false},"featured_media":19948,"template":"","meta":{"_et_pb_use_builder":"","_et_pb_old_content":"","_et_gb_content_width":""},"product_brand":[],"product_cat":[5742,2292],"product_tag":[],"class_list":{"0":"post-19942","1":"product","2":"type-product","3":"status-publish","4":"has-post-thumbnail","6":"product_cat-haerdning-da","7":"product_cat-ost-og-polse-da","9":"first","10":"instock","11":"taxable","12":"shipping-taxable","13":"purchasable","14":"product-type-variable"},"_links":{"self":[{"href":"https:\/\/myspainfood.com\/da\/wp-json\/wp\/v2\/product\/19942","targetHints":{"allow":["GET"]}}],"collection":[{"href":"https:\/\/myspainfood.com\/da\/wp-json\/wp\/v2\/product"}],"about":[{"href":"https:\/\/myspainfood.com\/da\/wp-json\/wp\/v2\/types\/product"}],"wp:featuredmedia":[{"embeddable":true,"href":"https:\/\/myspainfood.com\/da\/wp-json\/wp\/v2\/media\/19948"}],"wp:attachment":[{"href":"https:\/\/myspainfood.com\/da\/wp-json\/wp\/v2\/media?parent=19942"}],"wp:term":[{"taxonomy":"product_brand","embeddable":true,"href":"https:\/\/myspainfood.com\/da\/wp-json\/wp\/v2\/product_brand?post=19942"},{"taxonomy":"product_cat","embeddable":true,"href":"https:\/\/myspainfood.com\/da\/wp-json\/wp\/v2\/product_cat?post=19942"},{"taxonomy":"product_tag","embeddable":true,"href":"https:\/\/myspainfood.com\/da\/wp-json\/wp\/v2\/product_tag?post=19942"}],"curies":[{"name":"wp","href":"https:\/\/api.w.org\/{rel}","templated":true}]}}