{"id":20037,"date":"2025-04-10T12:16:17","date_gmt":"2025-04-10T10:16:17","guid":{"rendered":"https:\/\/myspainfood.com\/producto\/raa-faaremaelksost-flor-esgueva-1-kg\/"},"modified":"2026-01-30T14:36:29","modified_gmt":"2026-01-30T13:36:29","slug":"raa-faaremaelksost-flor-esgueva-1-kg","status":"publish","type":"product","link":"https:\/\/myspainfood.com\/da\/producto\/raa-faaremaelksost-flor-esgueva-1-kg\/","title":{"rendered":"R\u00e5 f\u00e5rem\u00e6lksost - Flor Esgueva - 1 kg"},"content":{"rendered":"<h3><strong>R\u00e5 f\u00e5rem\u00e6lksost - Flor Esgueva - 1 kg<\/strong><\/h3>\n<p>Den <strong>r\u00e5 f\u00e5rem\u00e6lksost - Flor Esgueva<\/strong>- er et benchmark inden for spanske h\u00e5ndv\u00e6rksoste. Den er fremstillet af r\u00e5 m\u00e6lk fra udvalgte f\u00e5r og udm\u00e6rker sig ved sin faste konsistens, intense aroma og en smag, der kombinerer m\u00e6lkeagtige noter med et perfekt strejf af modenhed. <\/p>\n<h4><strong>Hvorfor v\u00e6lge Flor Esgueva<\/strong><\/h4>\n<ul>\n<li><strong>R\u00e5 f\u00e5rem\u00e6lk<\/strong>: Autentisk smag og naturlige egenskaber intakte.<\/li>\n<li><strong>Traditionel modning<\/strong>: Forbedret i k\u00e6ldre for at opn\u00e5 en unik smagsprofil.<\/li>\n<li><strong>Ideel st\u00f8rrelse<\/strong>: Perfekt til at dele eller nyde i forskellige opskrifter.<\/li>\n<\/ul>\n","protected":false},"excerpt":{"rendered":"<p>R\u00e5 f\u00e5rem\u00e6lksost - Flor Esgueva - 1 kg Den r\u00e5 f\u00e5rem\u00e6lksost - Flor Esgueva- er et benchmark inden for spanske h\u00e5ndv\u00e6rksoste. Den er fremstillet af r\u00e5 m\u00e6lk fra udvalgte f\u00e5r og udm\u00e6rker sig ved sin faste konsistens, intense aroma og en smag, der kombinerer m\u00e6lkeagtige noter med et perfekt strejf af modenhed. Hvorfor v\u00e6lge Flor [&hellip;]<\/p>\n","protected":false},"featured_media":20044,"template":"","meta":{"_et_pb_use_builder":"","_et_pb_old_content":"","_et_gb_content_width":""},"product_brand":[],"product_cat":[2292],"product_tag":[],"class_list":{"0":"post-20037","1":"product","2":"type-product","3":"status-publish","4":"has-post-thumbnail","6":"product_cat-ost-og-polse-da","8":"first","9":"outofstock","10":"taxable","11":"shipping-taxable","12":"product-type-variable"},"_links":{"self":[{"href":"https:\/\/myspainfood.com\/da\/wp-json\/wp\/v2\/product\/20037","targetHints":{"allow":["GET"]}}],"collection":[{"href":"https:\/\/myspainfood.com\/da\/wp-json\/wp\/v2\/product"}],"about":[{"href":"https:\/\/myspainfood.com\/da\/wp-json\/wp\/v2\/types\/product"}],"wp:featuredmedia":[{"embeddable":true,"href":"https:\/\/myspainfood.com\/da\/wp-json\/wp\/v2\/media\/20044"}],"wp:attachment":[{"href":"https:\/\/myspainfood.com\/da\/wp-json\/wp\/v2\/media?parent=20037"}],"wp:term":[{"taxonomy":"product_brand","embeddable":true,"href":"https:\/\/myspainfood.com\/da\/wp-json\/wp\/v2\/product_brand?post=20037"},{"taxonomy":"product_cat","embeddable":true,"href":"https:\/\/myspainfood.com\/da\/wp-json\/wp\/v2\/product_cat?post=20037"},{"taxonomy":"product_tag","embeddable":true,"href":"https:\/\/myspainfood.com\/da\/wp-json\/wp\/v2\/product_tag?post=20037"}],"curies":[{"name":"wp","href":"https:\/\/api.w.org\/{rel}","templated":true}]}}