{"id":20253,"date":"2025-04-10T12:10:53","date_gmt":"2025-04-10T10:10:53","guid":{"rendered":"https:\/\/myspainfood.com\/producto\/blomsterhonning-1-kg-6-enheder\/"},"modified":"2025-04-10T12:10:53","modified_gmt":"2025-04-10T10:10:53","slug":"blomsterhonning-1-kg-6-enheder","status":"publish","type":"product","link":"https:\/\/myspainfood.com\/da\/producto\/blomsterhonning-1-kg-6-enheder\/","title":{"rendered":"Blomsterhonning 1 kg 6 enheder"},"content":{"rendered":"<p style=\"text-align: left\">Miel de Flores 1 kg er et produkt, der fremstilles takket v\u00e6re de omfattende faciliteter, der er udstyret med automatiserede <a href=\"https:\/\/es.wikipedia.org\/wiki\/Miel\" target=\"_blank\" rel=\"noopener noreferrer nofollow\">produktionslinjer<\/a> og et integreret kvalitetssystem.<\/p>\n<p style=\"text-align: left\">Efter at v\u00e6re blevet h\u00f8stet af erfarne biavlere pakkes produktet i en proces, der sikrer maksimal bevarelse af dets naturlige egenskaber.<\/p>\n<p style=\"text-align: left\">Dette produkt udvikler sig takket v\u00e6re erfaring, viden og entusiasme hos alle dem, der udg\u00f8r det, med et afbalanceret engagement i den bedste tradition, der bevarer det gode arbejde fra i g\u00e5r, og gennem produktionsprocesser, der sikrer <strong>kvaliteten af det endelige produkt<\/strong>.<\/p>\n<p style=\"text-align: left\">Honning er en komplet f\u00f8devare, som bierne producerer af den nektar, de udvinder fra blomsterne.<\/p>\n<p style=\"text-align: left\">Det er en gyldenfarvet, tyktflydende, s\u00f8d og l\u00e6kker v\u00e6ske, som bierne beholder som f\u00f8de i sommerhalv\u00e5ret.<\/p>\n<p style=\"text-align: left\">Det har mange fordele som f.eks:<\/p>\n<ul style=\"text-align: left\">\n<li>Det er en sukkererstatning. Naturligt og l\u00e6kkert. <\/li>\n<li>Det styrker dit forsvar. Det beskytter dig organisk. <\/li>\n<li>Forhindrer infektioner. Den tager sig af dit helbred. <\/li>\n<li>Det giver dig ekstra energi p\u00e5 daglig basis.<\/li>\n<li>  Hj\u00e6lper med at fremme ford\u00f8jelsen<\/li>\n<\/ul>\n<p style=\"text-align: left\">Hvis du \u00f8nsker at k\u00f8be Miel de Flores 1 kg eller en anden type <a href=\"https:\/\/latiendadesami.com\/categoria-producto\/conservas\/\" rel=\"noopener noreferrer nofollow\" target=\"_blank\">d\u00e5semad<\/a>, s\u00e5 t\u00f8v ikke med at tage et kig p\u00e5 vores online katalog for at se det store udvalg, vi har.<\/p>\n<p style=\"text-align: left\">Skriv til os for mere information.<\/p>\n","protected":false},"excerpt":{"rendered":"<p>Blomsterhonning 1 kg<\/p>\n","protected":false},"featured_media":20263,"template":"","meta":{"_et_pb_use_builder":"","_et_pb_old_content":"","_et_gb_content_width":""},"product_brand":[1210],"product_cat":[3052,3051,1648,3053],"product_tag":[],"class_list":{"0":"post-20253","1":"product","2":"type-product","3":"status-publish","4":"has-post-thumbnail","6":"product_brand-la-celda-real","7":"product_cat-engroshandel-da","8":"product_cat-honning-da","9":"product_cat-konserves","10":"product_cat-konserves-da","12":"first","13":"instock","14":"taxable","15":"shipping-taxable","16":"purchasable","17":"product-type-variable"},"_links":{"self":[{"href":"https:\/\/myspainfood.com\/da\/wp-json\/wp\/v2\/product\/20253","targetHints":{"allow":["GET"]}}],"collection":[{"href":"https:\/\/myspainfood.com\/da\/wp-json\/wp\/v2\/product"}],"about":[{"href":"https:\/\/myspainfood.com\/da\/wp-json\/wp\/v2\/types\/product"}],"wp:featuredmedia":[{"embeddable":true,"href":"https:\/\/myspainfood.com\/da\/wp-json\/wp\/v2\/media\/20263"}],"wp:attachment":[{"href":"https:\/\/myspainfood.com\/da\/wp-json\/wp\/v2\/media?parent=20253"}],"wp:term":[{"taxonomy":"product_brand","embeddable":true,"href":"https:\/\/myspainfood.com\/da\/wp-json\/wp\/v2\/product_brand?post=20253"},{"taxonomy":"product_cat","embeddable":true,"href":"https:\/\/myspainfood.com\/da\/wp-json\/wp\/v2\/product_cat?post=20253"},{"taxonomy":"product_tag","embeddable":true,"href":"https:\/\/myspainfood.com\/da\/wp-json\/wp\/v2\/product_tag?post=20253"}],"curies":[{"name":"wp","href":"https:\/\/api.w.org\/{rel}","templated":true}]}}