{"id":21333,"date":"2025-04-10T12:10:23","date_gmt":"2025-04-10T10:10:23","guid":{"rendered":"https:\/\/myspainfood.com\/producto\/piquillo-peberfrugtsalat-15-kg\/"},"modified":"2025-04-10T12:10:23","modified_gmt":"2025-04-10T10:10:23","slug":"piquillo-peberfrugtsalat-15-kg","status":"publish","type":"product","link":"https:\/\/myspainfood.com\/da\/producto\/piquillo-peberfrugtsalat-15-kg\/","title":{"rendered":"Piquillo-peberfrugtsalat 1,5 kg"},"content":{"rendered":"<p><a href=\"https:\/\/www.alsurvegetales.com\/producto\/id\/35\/pimiento-del-piquillo\" target=\"_blank\" rel=\"noopener noreferrer nofollow\">Alsurs<\/a> piquillo-peberfrugtsalat er lavet med en s\u00f8d peberfrugt p\u00e5 d\u00e5se.<\/p>\n<p>Peberfrugten er kendt for sin h\u00f8je kvalitet og sin helt s\u00e6rlige smag med et strejf af krydderi.<\/p>\n<p>De er ogs\u00e5 kendetegnet ved deres intense r\u00f8de farve, deres unikke tekstur, deres st\u00f8rrelse og deres s\u00e6rlige aflange trekantede form.<\/p>\n<p>Ingredienser: Piquillo-peberfrugter, l\u00f8g, vand, sukker, salt, eddike og citronsyre.<\/p>\n<p>Gryden har en nettov\u00e6gt p\u00e5 410 gram.<\/p>\n<p>Opbevares p\u00e5 et k\u00f8ligt, t\u00f8rt sted. N\u00e5r den er \u00e5bnet, overf\u00f8res den til en ikke-metallisk beholder, afk\u00f8les og forbruges inden for 7 dage. <\/p>\n<p>Alsur er en familievirksomhed, hvor essensen af mad er hovedpersonen.<\/p>\n<h4>De vigtigste fordele ved d\u00e5semad<\/h4>\n<ol>\n<li>De bevarer alle de ern\u00e6ringsm\u00e6ssige egenskaber i selve maden. Maden bevarer sin friskhed. <\/li>\n<li>De anvendte f\u00f8devarer er sunde og derfor velegnede til en optimal kost p\u00e5 grund af deres h\u00f8je vitamin- og proteinindhold.<\/li>\n<li>Disse produkter har en l\u00e6ngere levetid (2-5 \u00e5r er typisk).<\/li>\n<li>Konserverne er meget nemme at opbevare, da deres emballage er nem at anvende.<\/li>\n<\/ol>\n<p>Hvis du vil k\u00f8be Peberfrugtsalat med tun eller en anden type <a href=\"https:\/\/latiendadesami.com\/categoria-producto\/conservas\/\" rel=\"noopener noreferrer nofollow\" target=\"_blank\">d\u00e5semad<\/a>, s\u00e5 t\u00f8v ikke med at tage et kig i vores online katalog for at se det store udvalg af <a href=\"https:\/\/latiendadesami.com\/categoria-producto\/conservas\/atun-y-bonito\/\" target=\"_blank\" rel=\"noopener noreferrer nofollow\">tun<\/a>, vi har.<\/p>\n<p>Skriv til os for mere information.<\/p>\n","protected":false},"excerpt":{"rendered":"<p>Alsurs piquillo-peberfrugtsalat er lavet med en s\u00f8d peberfrugt p\u00e5 d\u00e5se. Peberfrugten er kendt for sin h\u00f8je kvalitet og sin helt s\u00e6rlige smag med et strejf af krydderi. De er ogs\u00e5 kendetegnet ved deres intense r\u00f8de farve, deres unikke tekstur, deres st\u00f8rrelse og deres s\u00e6rlige aflange trekantede form. Ingredienser: Piquillo-peberfrugter, l\u00f8g, vand, sukker, salt, eddike og [&hellip;]<\/p>\n","protected":false},"featured_media":21334,"template":"","meta":{"_et_pb_use_builder":"","_et_pb_old_content":"","_et_gb_content_width":""},"product_brand":[1196],"product_cat":[3729,1648,2363],"product_tag":[],"class_list":{"0":"post-21333","1":"product","2":"type-product","3":"status-publish","4":"has-post-thumbnail","6":"product_brand-alsur","7":"product_cat-grontsager","8":"product_cat-konserves","9":"product_cat-peberfrugter","11":"first","12":"outofstock","13":"taxable","14":"shipping-taxable","15":"purchasable","16":"product-type-simple"},"_links":{"self":[{"href":"https:\/\/myspainfood.com\/da\/wp-json\/wp\/v2\/product\/21333","targetHints":{"allow":["GET"]}}],"collection":[{"href":"https:\/\/myspainfood.com\/da\/wp-json\/wp\/v2\/product"}],"about":[{"href":"https:\/\/myspainfood.com\/da\/wp-json\/wp\/v2\/types\/product"}],"wp:featuredmedia":[{"embeddable":true,"href":"https:\/\/myspainfood.com\/da\/wp-json\/wp\/v2\/media\/21334"}],"wp:attachment":[{"href":"https:\/\/myspainfood.com\/da\/wp-json\/wp\/v2\/media?parent=21333"}],"wp:term":[{"taxonomy":"product_brand","embeddable":true,"href":"https:\/\/myspainfood.com\/da\/wp-json\/wp\/v2\/product_brand?post=21333"},{"taxonomy":"product_cat","embeddable":true,"href":"https:\/\/myspainfood.com\/da\/wp-json\/wp\/v2\/product_cat?post=21333"},{"taxonomy":"product_tag","embeddable":true,"href":"https:\/\/myspainfood.com\/da\/wp-json\/wp\/v2\/product_tag?post=21333"}],"curies":[{"name":"wp","href":"https:\/\/api.w.org\/{rel}","templated":true}]}}