{"id":21511,"date":"2025-04-10T12:10:29","date_gmt":"2025-04-10T10:10:29","guid":{"rendered":"https:\/\/myspainfood.com\/producto\/stykker-af-tunmave-areoso-120gr-250-enheder\/"},"modified":"2025-04-10T12:10:29","modified_gmt":"2025-04-10T10:10:29","slug":"stykker-af-tunmave-areoso-120gr-250-enheder","status":"publish","type":"product","link":"https:\/\/myspainfood.com\/da\/producto\/stykker-af-tunmave-areoso-120gr-250-enheder\/","title":{"rendered":"Stykker af tunmave Areoso 120gr 250 enheder"},"content":{"rendered":"<p>Specifikationer: Bugen af gulfinnet tun (Thunnus albacares) i solsikkeolie.<\/p>\n<p>Ingredienser: Yellowfin tun mave 65,2%, solsikkeolie 34,8%, salt, salt.<\/p>\n<p>Produktionsproces: Den bugvendte del af den gulfinnede tun er en af de mest v\u00e6rdsatte for sin gode smag og bl\u00f8de konsistens. Stykkerne af bugtun ankommer til fabrikken for at blive h\u00e5ndteret p\u00e5 en helt traditionel m\u00e5de. Efter tilberedningen renses de og deles manuelt i tynde skiver af ensartet st\u00f8rrelse. De pakkes i d\u00e5ser, og der tils\u00e6ttes olivenolie som d\u00e6kkende v\u00e6ske, hvilket uden tvivl vil fremh\u00e6ve den fulde smag af dette h\u00f8jt v\u00e6rdsatte produkt. Derefter forsegles og steriliseres d\u00e5serne, en strengt kontrolleret proces, der garanterer produktets kvalitet og holdbarhed i \u00e5revis uden tils\u00e6tning af kunstige konserveringsmidler.    <\/p>\n<p>Skriv til os for mere information.<\/p>\n","protected":false},"excerpt":{"rendered":"<p>Specifikationer: Bugen af gulfinnet tun (Thunnus albacares) i solsikkeolie. Ingredienser: Yellowfin tun mave 65,2%, solsikkeolie 34,8%, salt, salt. Produktionsproces: Den bugvendte del af den gulfinnede tun er en af de mest v\u00e6rdsatte for sin gode smag og bl\u00f8de konsistens. Stykkerne af bugtun ankommer til fabrikken for at blive h\u00e5ndteret p\u00e5 en helt traditionel m\u00e5de. Efter [&hellip;]<\/p>\n","protected":false},"featured_media":21519,"template":"","meta":{"_et_pb_use_builder":"","_et_pb_old_content":"","_et_gb_content_width":""},"product_brand":[1358],"product_cat":[3052,3283],"product_tag":[],"class_list":{"0":"post-21511","1":"product","2":"type-product","3":"status-publish","4":"has-post-thumbnail","6":"product_brand-areoso","7":"product_cat-engroshandel-da","8":"product_cat-konserves-da-2","10":"first","11":"outofstock","12":"taxable","13":"shipping-taxable","14":"product-type-variable"},"_links":{"self":[{"href":"https:\/\/myspainfood.com\/da\/wp-json\/wp\/v2\/product\/21511","targetHints":{"allow":["GET"]}}],"collection":[{"href":"https:\/\/myspainfood.com\/da\/wp-json\/wp\/v2\/product"}],"about":[{"href":"https:\/\/myspainfood.com\/da\/wp-json\/wp\/v2\/types\/product"}],"wp:featuredmedia":[{"embeddable":true,"href":"https:\/\/myspainfood.com\/da\/wp-json\/wp\/v2\/media\/21519"}],"wp:attachment":[{"href":"https:\/\/myspainfood.com\/da\/wp-json\/wp\/v2\/media?parent=21511"}],"wp:term":[{"taxonomy":"product_brand","embeddable":true,"href":"https:\/\/myspainfood.com\/da\/wp-json\/wp\/v2\/product_brand?post=21511"},{"taxonomy":"product_cat","embeddable":true,"href":"https:\/\/myspainfood.com\/da\/wp-json\/wp\/v2\/product_cat?post=21511"},{"taxonomy":"product_tag","embeddable":true,"href":"https:\/\/myspainfood.com\/da\/wp-json\/wp\/v2\/product_tag?post=21511"}],"curies":[{"name":"wp","href":"https:\/\/api.w.org\/{rel}","templated":true}]}}