{"id":21709,"date":"2025-04-10T12:10:34","date_gmt":"2025-04-10T10:10:34","guid":{"rendered":"https:\/\/myspainfood.com\/producto\/iberisk-salchichon-extra-fili-500-gram-salamanca\/"},"modified":"2026-01-29T11:13:40","modified_gmt":"2026-01-29T10:13:40","slug":"iberisk-salchichon-extra-fili-500-gram-salamanca","status":"publish","type":"product","link":"https:\/\/myspainfood.com\/da\/producto\/iberisk-salchichon-extra-fili-500-gram-salamanca\/","title":{"rendered":"Iberisk Salchich\u00f3n extra Fili 500 gram Salamanca"},"content":{"rendered":"<p>Traditionelt produkt af h\u00f8jeste kvalitet lavet med et udvalg af det bedste iberiske magre k\u00f8d, tilberedt med naturlige krydderier.<\/p>\n","protected":false},"excerpt":{"rendered":"<p>Traditionelt produkt af h\u00f8jeste kvalitet lavet med et udvalg af det bedste iberiske magre k\u00f8d, tilberedt med naturlige krydderier.<\/p>\n","protected":false},"featured_media":21715,"template":"","meta":{"_et_pb_use_builder":"","_et_pb_old_content":"","_et_gb_content_width":""},"product_brand":[1388],"product_cat":[1860,2292,2293],"product_tag":[],"class_list":{"0":"post-21709","1":"product","2":"type-product","3":"status-publish","4":"has-post-thumbnail","6":"product_brand-fili","7":"product_cat-koldt","8":"product_cat-ost-og-polse-da","9":"product_cat-polse-da","10":"product_shipping_class-kold-forsendelse","12":"first","13":"instock","14":"taxable","15":"shipping-taxable","16":"purchasable","17":"product-type-variable"},"_links":{"self":[{"href":"https:\/\/myspainfood.com\/da\/wp-json\/wp\/v2\/product\/21709","targetHints":{"allow":["GET"]}}],"collection":[{"href":"https:\/\/myspainfood.com\/da\/wp-json\/wp\/v2\/product"}],"about":[{"href":"https:\/\/myspainfood.com\/da\/wp-json\/wp\/v2\/types\/product"}],"wp:featuredmedia":[{"embeddable":true,"href":"https:\/\/myspainfood.com\/da\/wp-json\/wp\/v2\/media\/21715"}],"wp:attachment":[{"href":"https:\/\/myspainfood.com\/da\/wp-json\/wp\/v2\/media?parent=21709"}],"wp:term":[{"taxonomy":"product_brand","embeddable":true,"href":"https:\/\/myspainfood.com\/da\/wp-json\/wp\/v2\/product_brand?post=21709"},{"taxonomy":"product_cat","embeddable":true,"href":"https:\/\/myspainfood.com\/da\/wp-json\/wp\/v2\/product_cat?post=21709"},{"taxonomy":"product_tag","embeddable":true,"href":"https:\/\/myspainfood.com\/da\/wp-json\/wp\/v2\/product_tag?post=21709"}],"curies":[{"name":"wp","href":"https:\/\/api.w.org\/{rel}","templated":true}]}}