{"id":21833,"date":"2025-04-10T12:10:34","date_gmt":"2025-04-10T10:10:34","guid":{"rendered":"https:\/\/myspainfood.com\/producto\/sardinilla-25-35-areoso-i-olivenolie-120gr\/"},"modified":"2025-04-10T12:10:34","modified_gmt":"2025-04-10T10:10:34","slug":"sardinilla-25-35-areoso-i-olivenolie-120gr","status":"publish","type":"product","link":"https:\/\/myspainfood.com\/da\/producto\/sardinilla-25-35-areoso-i-olivenolie-120gr\/","title":{"rendered":"Sardinilla 25\/35 Areoso i olivenolie 120gr"},"content":{"rendered":"<p>Produkt: Sardiner i olivenolie 25\/35 stykker<\/p>\n<p>Specifikationer: Sm\u00e5 sardiner (Sardina pilchardus) fra de galiciske Rias, af ensartet st\u00f8rrelse i olivenolie. H\u00e5ndplukket i hver d\u00e5se. <\/p>\n<p>Ingredienser: Sardiner 73%, olivenolie 27% og salt.<\/p>\n<p>Produktionsprocessen: Selv om sardinen er en fisk, er den et kr\u00e6vende produkt og har en ret arbejdsintensiv produktionsproces. N\u00e5r sardinerne ankommer til fabrikken, bliver de forsigtigt fjernet fra hovedet og renset for at undg\u00e5, at de g\u00e5r i stykker og \u00f8del\u00e6gger deres udseende. Sardinerne l\u00e6gges derefter p\u00e5 riste, k\u00f8res over og neds\u00e6nkes i saltlage (vand og salt) for at give dem smag og fasthed. Derefter ristes de p\u00e5 traditionel vis og pakkes i h\u00e5nden i hver d\u00e5se. N\u00e5r olivenolien er tilsat, forsegles og steriliseres d\u00e5serne, en strengt kontrolleret proces, der garanterer produktets bevarelse og kvalitet i \u00e5revis uden behov for at tils\u00e6tte konserveringsmidler eller kunstige tils\u00e6tningsstoffer. Herefter er d\u00e5serne klar til opbevaring og videre forarbejdning.     <\/p>\n","protected":false},"excerpt":{"rendered":"<p>Produkt: Sardiner i olivenolie 25\/35 stykker Specifikationer: Sm\u00e5 sardiner (Sardina pilchardus) fra de galiciske Rias, af ensartet st\u00f8rrelse i olivenolie. H\u00e5ndplukket i hver d\u00e5se. Ingredienser: Sardiner 73%, olivenolie 27% og salt. Produktionsprocessen: Selv om sardinen er en fisk, er den et kr\u00e6vende produkt og har en ret arbejdsintensiv produktionsproces. N\u00e5r sardinerne ankommer til fabrikken, bliver [&hellip;]<\/p>\n","protected":false},"featured_media":21838,"template":"","meta":{"_et_pb_use_builder":"","_et_pb_old_content":"","_et_gb_content_width":""},"product_brand":[1358],"product_cat":[1648,3794],"product_tag":[],"class_list":{"0":"post-21833","1":"product","2":"type-product","3":"status-publish","4":"has-post-thumbnail","6":"product_brand-areoso","7":"product_cat-konserves","8":"product_cat-sardinillas-da","10":"first","11":"outofstock","12":"taxable","13":"shipping-taxable","14":"product-type-variable"},"_links":{"self":[{"href":"https:\/\/myspainfood.com\/da\/wp-json\/wp\/v2\/product\/21833","targetHints":{"allow":["GET"]}}],"collection":[{"href":"https:\/\/myspainfood.com\/da\/wp-json\/wp\/v2\/product"}],"about":[{"href":"https:\/\/myspainfood.com\/da\/wp-json\/wp\/v2\/types\/product"}],"wp:featuredmedia":[{"embeddable":true,"href":"https:\/\/myspainfood.com\/da\/wp-json\/wp\/v2\/media\/21838"}],"wp:attachment":[{"href":"https:\/\/myspainfood.com\/da\/wp-json\/wp\/v2\/media?parent=21833"}],"wp:term":[{"taxonomy":"product_brand","embeddable":true,"href":"https:\/\/myspainfood.com\/da\/wp-json\/wp\/v2\/product_brand?post=21833"},{"taxonomy":"product_cat","embeddable":true,"href":"https:\/\/myspainfood.com\/da\/wp-json\/wp\/v2\/product_cat?post=21833"},{"taxonomy":"product_tag","embeddable":true,"href":"https:\/\/myspainfood.com\/da\/wp-json\/wp\/v2\/product_tag?post=21833"}],"curies":[{"name":"wp","href":"https:\/\/api.w.org\/{rel}","templated":true}]}}