{"id":22339,"date":"2025-04-10T12:05:32","date_gmt":"2025-04-10T10:05:32","guid":{"rendered":"https:\/\/myspainfood.com\/producto\/baskisk-chili\/"},"modified":"2025-04-10T12:05:32","modified_gmt":"2025-04-10T10:05:32","slug":"baskisk-chili","status":"publish","type":"product","link":"https:\/\/myspainfood.com\/da\/producto\/baskisk-chili\/","title":{"rendered":"Baskisk chili"},"content":{"rendered":"<p>Basque Guindilla Peppers in Vinegar giver vores <a href=\"https:\/\/es.wikipedia.org\/wiki\/Guindilla_de_Ibarra\" target=\"_blank\" rel=\"noopener noreferrer nofollow\">retter<\/a> det krydrede touch, der f\u00e5r dem til at skille sig ud.<\/p>\n<p>Dette produkt f\u00e5r ganen til at vibrere og er meget v\u00e6rdsat sammen med gryderetter eller saucer fulde af smag.<\/p>\n<p>Blandt de mange traditionelle ingredienser i det baskiske k\u00f8kken er piparra-chilipeberen.<\/p>\n<p>En meget speciel chili, da den n\u00e6sten ikke svier.<\/p>\n<p>Den passer godt ind i alle slags menuer og bliver taget godt imod af dem, der ikke er specielt glade for denne smag.<\/p>\n<p>De baskiske chilipeber i denne krukke har en gennemsnitlig st\u00f8rrelse p\u00e5 mellem 7 og 12 cm og er tilberedt med eddike.<\/p>\n<p>Et \u00e6gte touch, som piparras normalt serveres med, og som vil sende et gys af intens smag gennem din krop ved hver eneste mundfuld.<\/p>\n<p>Nogle egenskaber ved perleh\u00f8nen:<\/p>\n<ul>\n<li>S\u00e6nker kolesteroltallet.<\/li>\n<li>Stimulerer blod- og \u00e5ndedr\u00e6tscirkulationen.<\/li>\n<li>Man mener, at det kan hj\u00e6lpe med at reducere overv\u00e6gt ved at s\u00e6tte gang i stofskiftet.<\/li>\n<li>If\u00f8lge nogle unders\u00f8gelser beskytter det maven ved at f\u00e5 den til at producere mere slim.<\/li>\n<\/ul>\n<p>Hvis du vil k\u00f8be oliven eller andre typer <a href=\"https:\/\/latiendadesami.com\/categoria-producto\/encurtidos\/\" rel=\"noopener noreferrer nofollow\" target=\"_blank\">pickles<\/a>, s\u00e5 t\u00f8v ikke med at tage et kig p\u00e5 vores onlinekatalog for at se det store udvalg af <a href=\"https:\/\/latiendadesami.com\/categoria-producto\/encurtidos\/pepinillos\/\" target=\"_blank\" rel=\"noopener noreferrer nofollow\">pickles<\/a>, vi har.<\/p>\n","protected":false},"excerpt":{"rendered":"<p>&nbsp;<\/p>\n<p>&nbsp;<\/p>\n","protected":false},"featured_media":22346,"template":"","meta":{"_et_pb_use_builder":"","_et_pb_old_content":"","_et_gb_content_width":""},"product_brand":[1057],"product_cat":[4043,1647],"product_tag":[4044],"class_list":{"0":"post-22339","1":"product","2":"type-product","3":"status-publish","4":"has-post-thumbnail","6":"product_brand-la-encajera","7":"product_cat-chilipeber","8":"product_cat-pickles-da","9":"product_tag-baskisk-da","11":"first","12":"outofstock","13":"taxable","14":"shipping-taxable","15":"product-type-variable"},"_links":{"self":[{"href":"https:\/\/myspainfood.com\/da\/wp-json\/wp\/v2\/product\/22339","targetHints":{"allow":["GET"]}}],"collection":[{"href":"https:\/\/myspainfood.com\/da\/wp-json\/wp\/v2\/product"}],"about":[{"href":"https:\/\/myspainfood.com\/da\/wp-json\/wp\/v2\/types\/product"}],"wp:featuredmedia":[{"embeddable":true,"href":"https:\/\/myspainfood.com\/da\/wp-json\/wp\/v2\/media\/22346"}],"wp:attachment":[{"href":"https:\/\/myspainfood.com\/da\/wp-json\/wp\/v2\/media?parent=22339"}],"wp:term":[{"taxonomy":"product_brand","embeddable":true,"href":"https:\/\/myspainfood.com\/da\/wp-json\/wp\/v2\/product_brand?post=22339"},{"taxonomy":"product_cat","embeddable":true,"href":"https:\/\/myspainfood.com\/da\/wp-json\/wp\/v2\/product_cat?post=22339"},{"taxonomy":"product_tag","embeddable":true,"href":"https:\/\/myspainfood.com\/da\/wp-json\/wp\/v2\/product_tag?post=22339"}],"curies":[{"name":"wp","href":"https:\/\/api.w.org\/{rel}","templated":true}]}}