{"id":22350,"date":"2025-04-10T12:05:33","date_gmt":"2025-04-10T10:05:33","guid":{"rendered":"https:\/\/myspainfood.com\/producto\/syltet-musling-grande-oti-4-6-stykker\/"},"modified":"2025-04-10T12:05:33","modified_gmt":"2025-04-10T10:05:33","slug":"syltet-musling-grande-oti-4-6-stykker","status":"publish","type":"product","link":"https:\/\/myspainfood.com\/da\/producto\/syltet-musling-grande-oti-4-6-stykker\/","title":{"rendered":"Syltet musling Grande Oti 4\/6 stykker"},"content":{"rendered":"<p style=\"text-align: left\">Oti Grande Muslinger 4\/6 stk. 90 g er et naturprodukt, der er fremstillet p\u00e5 <a href=\"http:\/\/www.conservasoti.es\/paginas\/historia.html\" target=\"_blank\" rel=\"noopener noreferrer nofollow\">traditionel<\/a> vis.<\/p>\n<p style=\"text-align: left\">Conservas Oti er en virksomhed med en familietradition, hvis gode arbejde er g\u00e5et i arv fra generation til generation.<\/p>\n<p style=\"text-align: left\">Familiens h\u00e5rde arbejde og indsats har i h\u00f8j grad gjort det muligt for <span class=\"negrita\">Conservas Oti<\/span> at vokse og udvide.<\/p>\n<p style=\"text-align: left\">De vigtigste forretningsomr\u00e5der er From the Sea, From the Land og From the Farm.<\/p>\n<p style=\"text-align: left\">Fra havet: Muslinger, Ventresca, Sardinillas, Melva&#8230; Oti stor musling 4\/6 stykker <\/p>\n<p style=\"text-align: left\">Lokale produkter omfatter: m\u00e6lkekik\u00e6rter, hvide kidneyb\u00f8nner, pintob\u00f8nner, pardinalinser&#8230;<\/p>\n<p style=\"text-align: left\">Fra g\u00e5rden: Ren f\u00e5reost, ib\u00e9rico skinke fra agern, ib\u00e9rico salchich\u00f3n fra agern, ib\u00e9rico chorizo fra agern,&#8230;<\/p>\n<h4 style=\"text-align: left\">De vigtigste fordele ved d\u00e5semad<\/h4>\n<ol style=\"text-align: left\">\n<li>De bevarer alle de ern\u00e6ringsm\u00e6ssige egenskaber i selve maden. Maden bevarer sin friskhed. <\/li>\n<li>De anvendte f\u00f8devarer er sunde og derfor velegnede til en optimal kost p\u00e5 grund af deres h\u00f8je vitamin- og proteinindhold.<\/li>\n<li>Disse produkter har en l\u00e6ngere levetid (2-5 \u00e5r er typisk).<\/li>\n<li>Konserverne er meget nemme at opbevare, da deres emballage er nem at anvende.<\/li>\n<\/ol>\n<p style=\"text-align: left\">Hvis du vil k\u00f8be tun eller andre former for <a href=\"https:\/\/latiendadesami.com\/categoria-producto\/conservas\/\" rel=\"noopener noreferrer nofollow\" target=\"_blank\">d\u00e5semad<\/a>, s\u00e5 t\u00f8v ikke med at tage et kig p\u00e5 vores onlinekatalog for at se det store udvalg af <a href=\"https:\/\/latiendadesami.com\/categoria-producto\/conservas\/atun-y-bonito\/\" target=\"_blank\" rel=\"noopener noreferrer nofollow\">tun<\/a>, vi har.<\/p>\n<p style=\"text-align: left\">Skriv til os for mere information.<\/p>\n","protected":false},"excerpt":{"rendered":"<p>Oti Grande Muslinger 4\/6 stk. 90 g er et naturprodukt, der er fremstillet p\u00e5 traditionel vis. Conservas Oti er en virksomhed med en familietradition, hvis gode arbejde er g\u00e5et i arv fra generation til generation. Familiens h\u00e5rde arbejde og indsats har i h\u00f8j grad gjort det muligt for Conservas Oti at vokse og udvide. De [&hellip;]<\/p>\n","protected":false},"featured_media":22357,"template":"","meta":{"_et_pb_use_builder":"","_et_pb_old_content":"","_et_gb_content_width":""},"product_brand":[1075],"product_cat":[1648,4069],"product_tag":[],"class_list":{"0":"post-22350","1":"product","2":"type-product","3":"status-publish","4":"has-post-thumbnail","6":"product_brand-oti","7":"product_cat-konserves","8":"product_cat-muslinger-da-2","10":"first","11":"outofstock","12":"featured","13":"taxable","14":"shipping-taxable","15":"product-type-variable"},"_links":{"self":[{"href":"https:\/\/myspainfood.com\/da\/wp-json\/wp\/v2\/product\/22350","targetHints":{"allow":["GET"]}}],"collection":[{"href":"https:\/\/myspainfood.com\/da\/wp-json\/wp\/v2\/product"}],"about":[{"href":"https:\/\/myspainfood.com\/da\/wp-json\/wp\/v2\/types\/product"}],"wp:featuredmedia":[{"embeddable":true,"href":"https:\/\/myspainfood.com\/da\/wp-json\/wp\/v2\/media\/22357"}],"wp:attachment":[{"href":"https:\/\/myspainfood.com\/da\/wp-json\/wp\/v2\/media?parent=22350"}],"wp:term":[{"taxonomy":"product_brand","embeddable":true,"href":"https:\/\/myspainfood.com\/da\/wp-json\/wp\/v2\/product_brand?post=22350"},{"taxonomy":"product_cat","embeddable":true,"href":"https:\/\/myspainfood.com\/da\/wp-json\/wp\/v2\/product_cat?post=22350"},{"taxonomy":"product_tag","embeddable":true,"href":"https:\/\/myspainfood.com\/da\/wp-json\/wp\/v2\/product_tag?post=22350"}],"curies":[{"name":"wp","href":"https:\/\/api.w.org\/{rel}","templated":true}]}}