{"id":22842,"date":"2025-04-10T12:05:09","date_gmt":"2025-04-10T10:05:09","guid":{"rendered":"https:\/\/myspainfood.com\/producto\/partida-de-la-abuela-900-gr-chicon\/"},"modified":"2026-01-29T11:29:46","modified_gmt":"2026-01-29T10:29:46","slug":"partida-de-la-abuela-900-gr-chicon","status":"publish","type":"product","link":"https:\/\/myspainfood.com\/da\/producto\/partida-de-la-abuela-900-gr-chicon\/","title":{"rendered":"Partida de la Abuela 900 gr Chicon"},"content":{"rendered":"<p>Fordele ved Chicon Grandmother&#8217;s Split Olives<\/p>\n<p>Fordelene ved bedstemors kn\u00e6kkede oliven er mange, og ud over deres fantastiske smag er deres egenskaber ogs\u00e5 meget gavnlige for helbredet.<\/p>\n<p>De s\u00e6nker kolesteroltallet. Takket v\u00e6re oliesyre hj\u00e6lper bedstemors delte oliven med at holde kolesteroltallet i skak. <\/p>\n<p>De hj\u00e6lper p\u00e5 ford\u00f8jelsen. P\u00e5 grund af deres h\u00f8je fiberindhold hj\u00e6lper disse oliven med at fjerne giftstoffer og forbedre den generelle ford\u00f8jelse. <\/p>\n<p>Fordele for huden. A- og E-vitamin er godt for huden og har anti-ageing-fordele. <\/p>\n<p>De giver energi. De har et h\u00f8jt indhold af jern, som hj\u00e6lper med at syntetisere carnitin og producere energi. <\/p>\n<p>K\u00f8b dine oliven fra bedstemors fest<\/p>\n<p>Grandma&#8217;s Olives udm\u00e6rker sig ved deres s\u00f8de, men intense smag og deres karakteristiske krydderier, som er skabt af naturlige krydderier.<\/p>\n<p>Efter at have v\u00e6ret konserveret i 5 \u00e5r udbl\u00f8des oliventr\u00e6ets frugter, indtil de opn\u00e5r den behagelige konsistens i vores <a href=\"https:\/\/latiendadesami.com\/categoria-producto\/encurtidos\/\" target=\"_blank\" rel=\"noopener noreferrer nofollow\">&#8220;Encurtidos Aceitunas de la Abuela&#8221; (bedstemors olivenpickles<\/a> ).<\/p>\n<p>Disse hele, fastk\u00f8dede oliven, let knuste og <a href=\"https:\/\/es.wikipedia.org\/wiki\/Aceitunas_ali%C3%B1adas\" target=\"_blank\" rel=\"noopener noreferrer nofollow\">krydret<\/a> efter bedstemors opskrift, er resultatet af en lang familietradition, oprindeligt fra Antequera i Malaga.<\/p>\n","protected":false},"excerpt":{"rendered":"<p>Fordele ved Chicon Grandmother&#8217;s Split Olives Fordelene ved bedstemors kn\u00e6kkede oliven er mange, og ud over deres fantastiske smag er deres egenskaber ogs\u00e5 meget gavnlige for helbredet. De s\u00e6nker kolesteroltallet. Takket v\u00e6re oliesyre hj\u00e6lper bedstemors delte oliven med at holde kolesteroltallet i skak. De hj\u00e6lper p\u00e5 ford\u00f8jelsen. P\u00e5 grund af deres h\u00f8je fiberindhold hj\u00e6lper disse [&hellip;]<\/p>\n","protected":false},"featured_media":22850,"template":"","meta":{"_et_pb_use_builder":"","_et_pb_old_content":"","_et_gb_content_width":""},"product_brand":[1036],"product_cat":[1654,1647],"product_tag":[1770,1771],"class_list":{"0":"post-22842","1":"product","2":"type-product","3":"status-publish","4":"has-post-thumbnail","6":"product_brand-chicon","7":"product_cat-oliven-da","8":"product_cat-pickles-da","9":"product_tag-bedstemor","10":"product_tag-vare-da","12":"first","13":"instock","14":"featured","15":"taxable","16":"shipping-taxable","17":"purchasable","18":"product-type-variable"},"_links":{"self":[{"href":"https:\/\/myspainfood.com\/da\/wp-json\/wp\/v2\/product\/22842","targetHints":{"allow":["GET"]}}],"collection":[{"href":"https:\/\/myspainfood.com\/da\/wp-json\/wp\/v2\/product"}],"about":[{"href":"https:\/\/myspainfood.com\/da\/wp-json\/wp\/v2\/types\/product"}],"wp:featuredmedia":[{"embeddable":true,"href":"https:\/\/myspainfood.com\/da\/wp-json\/wp\/v2\/media\/22850"}],"wp:attachment":[{"href":"https:\/\/myspainfood.com\/da\/wp-json\/wp\/v2\/media?parent=22842"}],"wp:term":[{"taxonomy":"product_brand","embeddable":true,"href":"https:\/\/myspainfood.com\/da\/wp-json\/wp\/v2\/product_brand?post=22842"},{"taxonomy":"product_cat","embeddable":true,"href":"https:\/\/myspainfood.com\/da\/wp-json\/wp\/v2\/product_cat?post=22842"},{"taxonomy":"product_tag","embeddable":true,"href":"https:\/\/myspainfood.com\/da\/wp-json\/wp\/v2\/product_tag?post=22842"}],"curies":[{"name":"wp","href":"https:\/\/api.w.org\/{rel}","templated":true}]}}