{"id":25195,"date":"2025-04-10T12:05:46","date_gmt":"2025-04-10T10:05:46","guid":{"rendered":"https:\/\/myspainfood.com\/producto\/ansjosfyldte-asier-2-kg-nej\/"},"modified":"2025-06-25T12:23:04","modified_gmt":"2025-06-25T10:23:04","slug":"ansjosfyldte-asier-2-kg-nej","status":"publish","type":"product","link":"https:\/\/myspainfood.com\/da\/producto\/ansjosfyldte-asier-2-kg-nej\/","title":{"rendered":"Ansjosfyldte asier 2 kg nej"},"content":{"rendered":"<p>Ansjosfyldt agurk 2 kg - agurk, ansjos, l\u00f8g, oliven, peber, salt. Til at nyde som <a href=\"https:\/\/www.google.com\/search?q=pepinillos+rellenos+de+anchoa&amp;sxsrf=APq-WBt_i-Tka1Uv3POveVZqwLAkAbPIVg:1644316240904&amp;source=lnms&amp;tbm=isch&amp;sa=X&amp;ved=2ahUKEwj7or-r8-_1AhXO57sIHTYYAU0Q_AUoAXoECAEQAw&amp;biw=1577&amp;bih=780&amp;dpr=1\" target=\"_blank\" rel=\"noopener noreferrer nofollow\">forret.<\/a> <\/p>\n<p>Blandingen af smage fra ingredienserne sammen med et strejf af eddike giver den en s\u00e6rlig smag, der er meget behagelig for ganen.<\/p>\n<p>Pickles er en snack, der booster immunforsvaret, hvilket betyder, at de st\u00f8tter kroppens forsvar og generelle sundhed.<\/p>\n<h3><strong>Fordele ved ansjosfyldte agurker 2 kg<\/strong><\/h3>\n<p>Kendte du til fordelene ved pickles generelt? Her er en liste over de vigtigste: <\/p>\n<ul>\n<li>Rig p\u00e5 probiotika.<\/li>\n<li>De hj\u00e6lper p\u00e5 ford\u00f8jelsen.<\/li>\n<li>De styrker immunforsvaret.<\/li>\n<li>De reducerer sukkertrangen.<\/li>\n<li>Gunstig for galdebl\u00e6ren.<\/li>\n<\/ul>\n<p>Hvis du vil k\u00f8be oliven eller andre typer <a href=\"https:\/\/latiendadesami.com\/categoria-producto\/encurtidos\/\" rel=\"noopener noreferrer nofollow\" target=\"_blank\">pickles<\/a>, s\u00e5 t\u00f8v ikke med at tage et kig p\u00e5 vores onlinekatalog for at se det store udvalg af <a href=\"https:\/\/latiendadesami.com\/categoria-producto\/encurtidos\/pepinillos\/\" target=\"_blank\" rel=\"noopener noreferrer nofollow\">pickles<\/a>, vi har.<\/p>\n","protected":false},"excerpt":{"rendered":"<p>Ansjosfyldt agurk 2 kg - agurk, ansjos, l\u00f8g, oliven, peber, salt. Til at nyde som forret. Blandingen af smage fra ingredienserne sammen med et strejf af eddike giver den en s\u00e6rlig smag, der er meget behagelig for ganen. Pickles er en snack, der booster immunforsvaret, hvilket betyder, at de st\u00f8tter kroppens forsvar og generelle sundhed. [&hellip;]<\/p>\n","protected":false},"featured_media":25199,"template":"","meta":{"_et_pb_use_builder":"","_et_pb_old_content":"","_et_gb_content_width":""},"product_brand":[1069],"product_cat":[1649,1860,1647],"product_tag":[5065,2019],"class_list":{"0":"post-25195","1":"product","2":"type-product","3":"status-publish","4":"has-post-thumbnail","6":"product_brand-sangar","7":"product_cat-agurker","8":"product_cat-koldt","9":"product_cat-pickles-da","10":"product_tag-ansjos","11":"product_tag-gherkin-da","12":"product_shipping_class-kold-forsendelse","14":"first","15":"instock","16":"taxable","17":"shipping-taxable","18":"purchasable","19":"product-type-simple"},"_links":{"self":[{"href":"https:\/\/myspainfood.com\/da\/wp-json\/wp\/v2\/product\/25195","targetHints":{"allow":["GET"]}}],"collection":[{"href":"https:\/\/myspainfood.com\/da\/wp-json\/wp\/v2\/product"}],"about":[{"href":"https:\/\/myspainfood.com\/da\/wp-json\/wp\/v2\/types\/product"}],"wp:featuredmedia":[{"embeddable":true,"href":"https:\/\/myspainfood.com\/da\/wp-json\/wp\/v2\/media\/25199"}],"wp:attachment":[{"href":"https:\/\/myspainfood.com\/da\/wp-json\/wp\/v2\/media?parent=25195"}],"wp:term":[{"taxonomy":"product_brand","embeddable":true,"href":"https:\/\/myspainfood.com\/da\/wp-json\/wp\/v2\/product_brand?post=25195"},{"taxonomy":"product_cat","embeddable":true,"href":"https:\/\/myspainfood.com\/da\/wp-json\/wp\/v2\/product_cat?post=25195"},{"taxonomy":"product_tag","embeddable":true,"href":"https:\/\/myspainfood.com\/da\/wp-json\/wp\/v2\/product_tag?post=25195"}],"curies":[{"name":"wp","href":"https:\/\/api.w.org\/{rel}","templated":true}]}}