{"id":25368,"date":"2025-04-10T12:05:46","date_gmt":"2025-04-10T10:05:46","guid":{"rendered":"https:\/\/myspainfood.com\/producto\/udbenet-45-kg\/"},"modified":"2025-05-08T20:43:46","modified_gmt":"2025-05-08T18:43:46","slug":"udbenet-45-kg","status":"publish","type":"product","link":"https:\/\/myspainfood.com\/da\/producto\/udbenet-45-kg\/","title":{"rendered":"Udbenet 4,5 kg"},"content":{"rendered":"<p>Pitted Olive 4,5 kg er gr\u00f8n i farven og <a href=\"https:\/\/www.google.com\/search?q=aceitunas+deshuesadas&amp;sxsrf=APq-WBvbn4FM7rlwj2SbPE3GYq4nrKA1Ug:1644314369924&amp;source=lnms&amp;tbm=isch&amp;sa=X&amp;ved=2ahUKEwjE56uv7O_1AhWrgf0HHWvsDTUQ_AUoAXoECAEQAw&amp;biw=1577&amp;bih=780&amp;dpr=1\" target=\"_blank\" rel=\"noopener noreferrer nofollow\">udstenet<\/a>. Den bevarer sin oprindelige form. <\/p>\n<p>Det er et meget sundt supplement til vores traditionelle, n\u00e6ringsrige middelhavskost.<\/p>\n<p>I Spanien finder vi oliven, asier, almagro-auberginer, guler\u00f8dder, l\u00f8g, meget traditionelt kapers, hvidl\u00f8g eller endda en blanding af dem.<\/p>\n<p>De serveres ofte som tapas til \u00f8l (ikke til vin p\u00e5 grund af deres indhold af eddike).<\/p>\n<p>Syltede agurker er g\u00e5et fra at v\u00e6re en \u00e6ldgammel teknik til at konservere mad over hele verden til at v\u00e6re en af de mest popul\u00e6re tapas eller forretter i spansk gastronomi.<\/p>\n<h3>Fordele ved udstenede oliven 4,5 kg<\/h3>\n<p>Kendte du til de mange fordele ved disse oliven? De er meget effektive til at forebygge hjerte- og kredsl\u00f8bssygdomme generelt. <\/p>\n<p>Det skyldes det h\u00f8je indhold af um\u00e6ttede fedtstoffer. Derudover er det en f\u00f8devare, der indeholder meget jern og fibre og er meget m\u00e6ttende, hvilket g\u00f8r det til et perfekt mellemm\u00e5ltid. <\/p>\n<p>Hvis du vil k\u00f8be oliven eller andre former for <a href=\"https:\/\/latiendadesami.com\/categoria-producto\/encurtidos\/\" rel=\"noopener noreferrer nofollow\" target=\"_blank\">syltede f\u00f8devarer<\/a>, s\u00e5 t\u00f8v ikke med at tage et kig p\u00e5 vores onlinekatalog for at se det store udvalg af <a href=\"https:\/\/latiendadesami.com\/categoria-producto\/encurtidos\/aceitunas\/\" target=\"_blank\" rel=\"noopener noreferrer nofollow\">oliven<\/a>, vi har.<\/p>\n<p>Du kan skrive til os for at f\u00e5 flere oplysninger om hele vores pr\u00f8vesamling.<\/p>\n","protected":false},"excerpt":{"rendered":"<p>Pitted Olive 4,5 kg er gr\u00f8n i farven og udstenet. Den bevarer sin oprindelige form. Det er et meget sundt supplement til vores traditionelle, n\u00e6ringsrige middelhavskost. I Spanien finder vi oliven, asier, almagro-auberginer, guler\u00f8dder, l\u00f8g, meget traditionelt kapers, hvidl\u00f8g eller endda en blanding af dem. De serveres ofte som tapas til \u00f8l (ikke til vin [&hellip;]<\/p>\n","protected":false},"featured_media":25374,"template":"","meta":{"_et_pb_use_builder":"","_et_pb_old_content":"","_et_gb_content_width":""},"product_brand":[1069],"product_cat":[1654,1647],"product_tag":[5219],"class_list":{"0":"post-25368","1":"product","2":"type-product","3":"status-publish","4":"has-post-thumbnail","6":"product_brand-sangar","7":"product_cat-oliven-da","8":"product_cat-pickles-da","9":"product_tag-udbenet","11":"first","12":"outofstock","13":"taxable","14":"shipping-taxable","15":"product-type-variable"},"_links":{"self":[{"href":"https:\/\/myspainfood.com\/da\/wp-json\/wp\/v2\/product\/25368","targetHints":{"allow":["GET"]}}],"collection":[{"href":"https:\/\/myspainfood.com\/da\/wp-json\/wp\/v2\/product"}],"about":[{"href":"https:\/\/myspainfood.com\/da\/wp-json\/wp\/v2\/types\/product"}],"wp:featuredmedia":[{"embeddable":true,"href":"https:\/\/myspainfood.com\/da\/wp-json\/wp\/v2\/media\/25374"}],"wp:attachment":[{"href":"https:\/\/myspainfood.com\/da\/wp-json\/wp\/v2\/media?parent=25368"}],"wp:term":[{"taxonomy":"product_brand","embeddable":true,"href":"https:\/\/myspainfood.com\/da\/wp-json\/wp\/v2\/product_brand?post=25368"},{"taxonomy":"product_cat","embeddable":true,"href":"https:\/\/myspainfood.com\/da\/wp-json\/wp\/v2\/product_cat?post=25368"},{"taxonomy":"product_tag","embeddable":true,"href":"https:\/\/myspainfood.com\/da\/wp-json\/wp\/v2\/product_tag?post=25368"}],"curies":[{"name":"wp","href":"https:\/\/api.w.org\/{rel}","templated":true}]}}