{"id":25406,"date":"2025-04-10T12:06:25","date_gmt":"2025-04-10T10:06:25","guid":{"rendered":"https:\/\/myspainfood.com\/producto\/cantabriske-ansjoser-300-g\/"},"modified":"2025-06-24T16:19:20","modified_gmt":"2025-06-24T14:19:20","slug":"cantabriske-ansjoser-300-g","status":"publish","type":"product","link":"https:\/\/myspainfood.com\/da\/producto\/cantabriske-ansjoser-300-g\/","title":{"rendered":"Cantabriske ansjoser 300 g"},"content":{"rendered":"<p>Cantabriske ansjoser er de mest v\u00e6rdsatte p\u00e5 markedet og udm\u00e6rker sig ved deres fine konsistens og intense smag. Arroyabe Cantabrian Anchovies er af overlegen kvalitet, kun fanget i Det Cantabriske Hav, fra arten &#8220;Engraulis Encrasicholus&#8221; og produceret ved hj\u00e6lp af traditionelle metoder. <\/p>\n<p>Der findes to typer halvkonserverede ansjoser: ansjosfileter i olie og saltede ansjoser. Saltede ansjoser pakkes i d\u00e5ser med salt i for\u00e5rets kysts\u00e6son og f\u00e5r derefter lov til at modne i 9 m\u00e5neder. De er den bedste l\u00f8sning for dem, der vil tilberede ansjoser efter deres egen smag, og du kan k\u00f8be saltede ansjoser i d\u00e5ser p\u00e5 2,5, 5 og 10 kg.  <\/p>\n<p>Ansjosfileter i olivenolie har den ekstra fordel, at de efter modning renses og fileteres i h\u00e5nden efter traditionelle ansjosforarbejdningsteknikker.<\/p>\n","protected":false},"excerpt":{"rendered":"<p>Cantabriske ansjoser er de mest v\u00e6rdsatte p\u00e5 markedet og udm\u00e6rker sig ved deres fine konsistens og intense smag. Arroyabe Cantabrian Anchovies er af overlegen kvalitet, kun fanget i Det Cantabriske Hav, fra arten &#8220;Engraulis Encrasicholus&#8221; og produceret ved hj\u00e6lp af traditionelle metoder. Der findes to typer halvkonserverede ansjoser: ansjosfileter i olie og saltede ansjoser. Saltede [&hellip;]<\/p>\n","protected":false},"featured_media":25408,"template":"","meta":{"_et_pb_use_builder":"","_et_pb_old_content":"","_et_gb_content_width":""},"product_brand":[1127],"product_cat":[1861,1860],"product_tag":[],"class_list":{"0":"post-25406","1":"product","2":"type-product","3":"status-publish","4":"has-post-thumbnail","6":"product_brand-picarpicar","7":"product_cat-ansjoser","8":"product_cat-koldt","9":"product_shipping_class-kold-forsendelse","11":"first","12":"outofstock","13":"taxable","14":"shipping-taxable","15":"purchasable","16":"product-type-simple"},"_links":{"self":[{"href":"https:\/\/myspainfood.com\/da\/wp-json\/wp\/v2\/product\/25406","targetHints":{"allow":["GET"]}}],"collection":[{"href":"https:\/\/myspainfood.com\/da\/wp-json\/wp\/v2\/product"}],"about":[{"href":"https:\/\/myspainfood.com\/da\/wp-json\/wp\/v2\/types\/product"}],"wp:featuredmedia":[{"embeddable":true,"href":"https:\/\/myspainfood.com\/da\/wp-json\/wp\/v2\/media\/25408"}],"wp:attachment":[{"href":"https:\/\/myspainfood.com\/da\/wp-json\/wp\/v2\/media?parent=25406"}],"wp:term":[{"taxonomy":"product_brand","embeddable":true,"href":"https:\/\/myspainfood.com\/da\/wp-json\/wp\/v2\/product_brand?post=25406"},{"taxonomy":"product_cat","embeddable":true,"href":"https:\/\/myspainfood.com\/da\/wp-json\/wp\/v2\/product_cat?post=25406"},{"taxonomy":"product_tag","embeddable":true,"href":"https:\/\/myspainfood.com\/da\/wp-json\/wp\/v2\/product_tag?post=25406"}],"curies":[{"name":"wp","href":"https:\/\/api.w.org\/{rel}","templated":true}]}}