{"id":25434,"date":"2025-04-10T12:05:54","date_gmt":"2025-04-10T10:05:54","guid":{"rendered":"https:\/\/myspainfood.com\/producto\/sardinillas-oti-925gr\/"},"modified":"2025-04-10T12:05:54","modified_gmt":"2025-04-10T10:05:54","slug":"sardinillas-oti-925gr","status":"publish","type":"product","link":"https:\/\/myspainfood.com\/da\/producto\/sardinillas-oti-925gr\/","title":{"rendered":"Sardinillas Oti 925gr"},"content":{"rendered":"<p>Conservas Oti udv\u00e6lger de bedste sardiner, som sk\u00e6res, udsk\u00e6res og renses i h\u00e5nden, hvorefter de dampsteges og pakkes i solsikkeolie. De skiller sig ud med deres flotte s\u00f8lvfarvede udseende, cremede konsistens, intense fiskesmag og flotte pr\u00e6sentation. De hj\u00e6lper med at opn\u00e5 en middelhavskost takket v\u00e6re deres h\u00f8je indhold af omega 3.  <\/p>\n","protected":false},"excerpt":{"rendered":"<p>Conservas Oti udv\u00e6lger de bedste sardiner, som sk\u00e6res, udsk\u00e6res og renses i h\u00e5nden, hvorefter de dampsteges og pakkes i solsikkeolie. De skiller sig ud med deres flotte s\u00f8lvfarvede udseende, cremede konsistens, intense fiskesmag og flotte pr\u00e6sentation. De hj\u00e6lper med at opn\u00e5 en middelhavskost takket v\u00e6re deres h\u00f8je indhold af omega 3.<\/p>\n","protected":false},"featured_media":25440,"template":"","meta":{"_et_pb_use_builder":"","_et_pb_old_content":"","_et_gb_content_width":""},"product_brand":[1075],"product_cat":[1648,3794],"product_tag":[],"class_list":{"0":"post-25434","1":"product","2":"type-product","3":"status-publish","4":"has-post-thumbnail","6":"product_brand-oti","7":"product_cat-konserves","8":"product_cat-sardinillas-da","10":"first","11":"outofstock","12":"taxable","13":"shipping-taxable","14":"purchasable","15":"product-type-variable"},"_links":{"self":[{"href":"https:\/\/myspainfood.com\/da\/wp-json\/wp\/v2\/product\/25434","targetHints":{"allow":["GET"]}}],"collection":[{"href":"https:\/\/myspainfood.com\/da\/wp-json\/wp\/v2\/product"}],"about":[{"href":"https:\/\/myspainfood.com\/da\/wp-json\/wp\/v2\/types\/product"}],"wp:featuredmedia":[{"embeddable":true,"href":"https:\/\/myspainfood.com\/da\/wp-json\/wp\/v2\/media\/25440"}],"wp:attachment":[{"href":"https:\/\/myspainfood.com\/da\/wp-json\/wp\/v2\/media?parent=25434"}],"wp:term":[{"taxonomy":"product_brand","embeddable":true,"href":"https:\/\/myspainfood.com\/da\/wp-json\/wp\/v2\/product_brand?post=25434"},{"taxonomy":"product_cat","embeddable":true,"href":"https:\/\/myspainfood.com\/da\/wp-json\/wp\/v2\/product_cat?post=25434"},{"taxonomy":"product_tag","embeddable":true,"href":"https:\/\/myspainfood.com\/da\/wp-json\/wp\/v2\/product_tag?post=25434"}],"curies":[{"name":"wp","href":"https:\/\/api.w.org\/{rel}","templated":true}]}}