{"id":25533,"date":"2025-04-10T12:06:29","date_gmt":"2025-04-10T10:06:29","guid":{"rendered":"https:\/\/myspainfood.com\/producto\/senorio-de-las-ventas-rioja-crianza-vin-aftappet-af-antonio-escribano-pascual\/"},"modified":"2025-04-10T12:06:29","modified_gmt":"2025-04-10T10:06:29","slug":"senorio-de-las-ventas-rioja-crianza-vin-aftappet-af-antonio-escribano-pascual","status":"publish","type":"product","link":"https:\/\/myspainfood.com\/da\/producto\/senorio-de-las-ventas-rioja-crianza-vin-aftappet-af-antonio-escribano-pascual\/","title":{"rendered":"Se\u00f1orio de las Ventas, Rioja Crianza vin aftappet af Antonio Escribano Pascual"},"content":{"rendered":"<p>Opdragelse<\/p>\n<p>Svarer til vine, der er mindst tre \u00e5r gamle, og som har ligget mindst et \u00e5r p\u00e5 egetr\u00e6sfade.<\/p>\n<p>Rubinr\u00f8d farve med en intens aroma af moden frugt, godt kombineret med ristede toner og et strejf af vanilje. Fyldig og afbalanceret i munden med en perfekt harmoni mellem de subtile tanniner. Velsmagende og fyldig, samtidig med at den bevarer sin finesse og elegance.  <\/p>\n","protected":false},"excerpt":{"rendered":"<p>Opdragelse Svarer til vine, der er mindst tre \u00e5r gamle, og som har ligget mindst et \u00e5r p\u00e5 egetr\u00e6sfade. Rubinr\u00f8d farve med en intens aroma af moden frugt, godt kombineret med ristede toner og et strejf af vanilje. Fyldig og afbalanceret i munden med en perfekt harmoni mellem de subtile tanniner. Velsmagende og fyldig, samtidig [&hellip;]<\/p>\n","protected":false},"featured_media":25542,"template":"","meta":{"_et_pb_use_builder":"","_et_pb_old_content":"","_et_gb_content_width":""},"product_brand":[1139],"product_cat":[4899,4901],"product_tag":[4903,5279],"class_list":{"0":"post-25533","1":"product","2":"type-product","3":"status-publish","4":"has-post-thumbnail","6":"product_brand-antonio-escribano","7":"product_cat-drikkevarer-da","8":"product_cat-vin-da","9":"product_tag-antonio-escribano-da","10":"product_tag-opdragelse","12":"first","13":"outofstock","14":"taxable","15":"shipping-taxable","16":"product-type-variable"},"_links":{"self":[{"href":"https:\/\/myspainfood.com\/da\/wp-json\/wp\/v2\/product\/25533","targetHints":{"allow":["GET"]}}],"collection":[{"href":"https:\/\/myspainfood.com\/da\/wp-json\/wp\/v2\/product"}],"about":[{"href":"https:\/\/myspainfood.com\/da\/wp-json\/wp\/v2\/types\/product"}],"wp:featuredmedia":[{"embeddable":true,"href":"https:\/\/myspainfood.com\/da\/wp-json\/wp\/v2\/media\/25542"}],"wp:attachment":[{"href":"https:\/\/myspainfood.com\/da\/wp-json\/wp\/v2\/media?parent=25533"}],"wp:term":[{"taxonomy":"product_brand","embeddable":true,"href":"https:\/\/myspainfood.com\/da\/wp-json\/wp\/v2\/product_brand?post=25533"},{"taxonomy":"product_cat","embeddable":true,"href":"https:\/\/myspainfood.com\/da\/wp-json\/wp\/v2\/product_cat?post=25533"},{"taxonomy":"product_tag","embeddable":true,"href":"https:\/\/myspainfood.com\/da\/wp-json\/wp\/v2\/product_tag?post=25533"}],"curies":[{"name":"wp","href":"https:\/\/api.w.org\/{rel}","templated":true}]}}