{"id":25666,"date":"2025-04-10T12:06:58","date_gmt":"2025-04-10T10:06:58","guid":{"rendered":"https:\/\/myspainfood.com\/producto\/hvid-tunfilet-i-syltet-sauce\/"},"modified":"2025-05-08T20:43:07","modified_gmt":"2025-05-08T18:43:07","slug":"hvid-tunfilet-i-syltet-sauce","status":"publish","type":"product","link":"https:\/\/myspainfood.com\/da\/producto\/hvid-tunfilet-i-syltet-sauce\/","title":{"rendered":"Hvid tunfilet i syltet sauce"},"content":{"rendered":"<p>Hvid tunfilet i syltet sauce er et <a href=\"https:\/\/twitter.com\/mca_spain\" target=\"_blank\" rel=\"noopener noreferrer nofollow\">produkt fra MCA Spain.<\/a><\/p>\n<p>Hovedingrediensen er tunfilet af h\u00f8jeste kvalitet.<\/p>\n<p>N\u00e5r den er \u00e5bnet, skal den opbevares p\u00e5 k\u00f8l og helst indtages inden for 5 dage.<\/p>\n<p>Alta Cocina er et af de kommercielle brands, som MCA Spain-koncernen g\u00e5r p\u00e5 markedet under.<\/p>\n<p>MCA Spain har sin oprindelse i Carlos Ripas erfaring, den nuv\u00e6rende General Manager, efter at have arbejdet i et \u00e5rti i en familievirksomhed med tilknytning til detailf\u00f8devaresektoren.<\/p>\n<p>Men det var i midten af 1980&#8217;erne, at Ripa lancerede sit eget personlige projekt i sin hjemby (Mendavia, Navarra): en konservesfabrik, MCA Spain.<\/p>\n<p>Denne virksomhed har med sine gr\u00f8ntsags- og fiskekonserves positioneret sig i den f\u00f8rste division af den spanske landbrugsf\u00f8devaresektor.<\/p>\n<p>En spektakul\u00e6r udvikling, som ikke ville have v\u00e6ret mulig uden et f\u00f8rsteklasses team og et kald for kundeservice.<\/p>\n<p>Hvis du \u00f8nsker at k\u00f8be syltede hvide tunfileter eller andre former for <a href=\"https:\/\/latiendadesami.com\/categoria-producto\/conservas\/\" rel=\"noopener noreferrer nofollow\" target=\"_blank\">d\u00e5semad<\/a>, s\u00e5 t\u00f8v ikke med at tage et kig p\u00e5 vores online katalog.<\/p>\n<p>Vi har den h\u00f8jeste kvalitet til den bedste pris.<\/p>\n<p>Skriv til os for at f\u00e5 flere oplysninger, eller hvis du har sp\u00f8rgsm\u00e5l til dette eller andre produkter i vores katalog.<\/p>\n","protected":false},"excerpt":{"rendered":"<p>Hvide tunfileter i syltet sauce<\/p>\n","protected":false},"featured_media":25671,"template":"","meta":{"_et_pb_use_builder":"","_et_pb_old_content":"","_et_gb_content_width":""},"product_brand":[1129],"product_cat":[1648,4298],"product_tag":[],"class_list":{"0":"post-25666","1":"product","2":"type-product","3":"status-publish","4":"has-post-thumbnail","6":"product_brand-mateo","7":"product_cat-konserves","8":"product_cat-tun-og-bonito","10":"first","11":"outofstock","12":"taxable","13":"shipping-taxable","14":"product-type-variable"},"_links":{"self":[{"href":"https:\/\/myspainfood.com\/da\/wp-json\/wp\/v2\/product\/25666","targetHints":{"allow":["GET"]}}],"collection":[{"href":"https:\/\/myspainfood.com\/da\/wp-json\/wp\/v2\/product"}],"about":[{"href":"https:\/\/myspainfood.com\/da\/wp-json\/wp\/v2\/types\/product"}],"wp:featuredmedia":[{"embeddable":true,"href":"https:\/\/myspainfood.com\/da\/wp-json\/wp\/v2\/media\/25671"}],"wp:attachment":[{"href":"https:\/\/myspainfood.com\/da\/wp-json\/wp\/v2\/media?parent=25666"}],"wp:term":[{"taxonomy":"product_brand","embeddable":true,"href":"https:\/\/myspainfood.com\/da\/wp-json\/wp\/v2\/product_brand?post=25666"},{"taxonomy":"product_cat","embeddable":true,"href":"https:\/\/myspainfood.com\/da\/wp-json\/wp\/v2\/product_cat?post=25666"},{"taxonomy":"product_tag","embeddable":true,"href":"https:\/\/myspainfood.com\/da\/wp-json\/wp\/v2\/product_tag?post=25666"}],"curies":[{"name":"wp","href":"https:\/\/api.w.org\/{rel}","templated":true}]}}