{"id":25772,"date":"2025-04-10T12:06:58","date_gmt":"2025-04-10T10:06:58","guid":{"rendered":"https:\/\/myspainfood.com\/producto\/bonito-en-escabeche-el-pescador-de-cantabria-220-g\/"},"modified":"2025-04-10T12:06:58","modified_gmt":"2025-04-10T10:06:58","slug":"bonito-en-escabeche-el-pescador-de-cantabria-220-g","status":"publish","type":"product","link":"https:\/\/myspainfood.com\/da\/producto\/bonito-en-escabeche-el-pescador-de-cantabria-220-g\/","title":{"rendered":"Bonito en Escabeche El Pescador de cantabria 220 g"},"content":{"rendered":"<p>Bonito en Escabeche Alta Cocina tilberedt af El <a href=\"https:\/\/elpescadordecantabria.es\/\" target=\"_blank\" rel=\"noopener noreferrer nofollow\">Pescador<\/a> de Cantabria. Kvalitet, h\u00e5ndv\u00e6rk og tradition. <\/p>\n<p>Glaskrukken vejer 250 gram.<\/p>\n<p>Ingredienser: hvid tun, vand, eddike, solsikkeolie og salt.<\/p>\n<p>El Pescador de Cantabria er en virksomhed, der ligger i Santo\u00f1a i Cantabrien. Herfra bevarer de den omhyggelige produktionsteknik, som de l\u00e6rte p\u00e5 Sicilien. <\/p>\n<p>Dette produkt er fremragende for helbredet p\u00e5 grund af sit h\u00f8je indhold af omega 3 takket v\u00e6re valget af olier og salt.<\/p>\n<p>Det er et velsmagende, sundt og praktisk produkt.<\/p>\n<h4>De vigtigste fordele ved d\u00e5semad<\/h4>\n<ol>\n<li>De bevarer alle de ern\u00e6ringsm\u00e6ssige egenskaber i selve maden. Maden bevarer sin friskhed. <\/li>\n<li>De anvendte f\u00f8devarer er sunde og derfor velegnede til en optimal kost p\u00e5 grund af deres h\u00f8je vitamin- og proteinindhold.<\/li>\n<li>Disse produkter har en l\u00e6ngere levetid (2-5 \u00e5r er typisk).<\/li>\n<li>Konserverne er meget nemme at opbevare, da deres emballage er nem at anvende.<\/li>\n<\/ol>\n<p>Hvis du gerne vil k\u00f8be Albacore-tun i Escabeche Alta Cocina eller en anden type <a href=\"https:\/\/latiendadesami.com\/categoria-producto\/conservas\/\" rel=\"noopener noreferrer nofollow\" target=\"_blank\">d\u00e5semad<\/a>, s\u00e5 t\u00f8v ikke med at tage et kig p\u00e5 vores online-katalog for at se det store udvalg af <a href=\"https:\/\/latiendadesami.com\/categoria-producto\/conservas\/atun-y-bonito\/\" target=\"_blank\" rel=\"noopener noreferrer nofollow\">tun<\/a>, vi har.<\/p>\n<p>Skriv til os for mere information.<\/p>\n","protected":false},"excerpt":{"rendered":"<p>Syltet harlekin-tun gr.<\/p>\n","protected":false},"featured_media":25781,"template":"","meta":{"_et_pb_use_builder":"","_et_pb_old_content":"","_et_gb_content_width":""},"product_brand":[1162],"product_cat":[1648,4298],"product_tag":[],"class_list":{"0":"post-25772","1":"product","2":"type-product","3":"status-publish","4":"has-post-thumbnail","6":"product_brand-arlequin","7":"product_cat-konserves","8":"product_cat-tun-og-bonito","10":"first","11":"instock","12":"taxable","13":"shipping-taxable","14":"purchasable","15":"product-type-variable"},"_links":{"self":[{"href":"https:\/\/myspainfood.com\/da\/wp-json\/wp\/v2\/product\/25772","targetHints":{"allow":["GET"]}}],"collection":[{"href":"https:\/\/myspainfood.com\/da\/wp-json\/wp\/v2\/product"}],"about":[{"href":"https:\/\/myspainfood.com\/da\/wp-json\/wp\/v2\/types\/product"}],"wp:featuredmedia":[{"embeddable":true,"href":"https:\/\/myspainfood.com\/da\/wp-json\/wp\/v2\/media\/25781"}],"wp:attachment":[{"href":"https:\/\/myspainfood.com\/da\/wp-json\/wp\/v2\/media?parent=25772"}],"wp:term":[{"taxonomy":"product_brand","embeddable":true,"href":"https:\/\/myspainfood.com\/da\/wp-json\/wp\/v2\/product_brand?post=25772"},{"taxonomy":"product_cat","embeddable":true,"href":"https:\/\/myspainfood.com\/da\/wp-json\/wp\/v2\/product_cat?post=25772"},{"taxonomy":"product_tag","embeddable":true,"href":"https:\/\/myspainfood.com\/da\/wp-json\/wp\/v2\/product_tag?post=25772"}],"curies":[{"name":"wp","href":"https:\/\/api.w.org\/{rel}","templated":true}]}}