{"id":26604,"date":"2025-04-10T12:07:09","date_gmt":"2025-04-10T10:07:09","guid":{"rendered":"https:\/\/myspainfood.com\/producto\/hjertemuslinger-oro-serien-20-30-stykker\/"},"modified":"2025-04-10T12:07:09","modified_gmt":"2025-04-10T10:07:09","slug":"hjertemuslinger-oro-serien-20-30-stykker","status":"publish","type":"product","link":"https:\/\/myspainfood.com\/da\/producto\/hjertemuslinger-oro-serien-20-30-stykker\/","title":{"rendered":"Hjertemuslinger ORO-serien 20\/30 stykker"},"content":{"rendered":"<p><a href=\"https:\/\/conservasarlequin.com\/serie-oro\/\" target=\"_blank\" rel=\"noopener noreferrer nofollow\">Arlequ\u00edn<\/a> Golden Cockles 00-serien er et d\u00e5seprodukt fremstillet p\u00e5 traditionel vis.<\/p>\n<p><strong>Nettov\u00e6gt\/ Escu:<\/strong> 113g\/63g<\/p>\n<p><strong>Holdbarhed:<\/strong> 4 \u00e5r<\/p>\n<p><strong>Bevaring:<\/strong> Milj\u00f8<\/p>\n<p><strong>Antal fileter\/antal stykker:<\/strong> 20\/30<\/p>\n<p>Hos Conservas Arlequ\u00edn er det deres mission at tilbyde et godt produkt, den bedste service og et bredt udvalg af fiskekonserves til den bedste pris. Hos Conservas <a href=\"https:\/\/latiendadesami.com\/marca\/arlequin\/\" target=\"_blank\" rel=\"noopener noreferrer nofollow\">Arlequ\u00edn<\/a> er det deres mission at tilbyde et godt produkt, den bedste service og et bredt udvalg af fiskekonserves til den bedste pris.<\/p>\n<p>De har ogs\u00e5 specialiseret sig i ansjoser, hjertemuslinger, ansjoser, tun, lys tun, muslinger, makrel og sardiner.<\/p>\n<p>For eksempel sagde Comidista i avisen El Pa\u00eds om ventrescaen: &#8220;Den er s\u00e5 bl\u00f8d, n\u00e6sten cremet, at man f\u00e5r lyst til at gifte sig med den og leve lykkeligt, indtil Herren tager dig&#8221;.<\/p>\n<h4>De vigtigste fordele ved d\u00e5semad<\/h4>\n<ol>\n<li>De bevarer alle de ern\u00e6ringsm\u00e6ssige egenskaber i selve maden. Maden bevarer sin friskhed. <\/li>\n<li>De anvendte f\u00f8devarer er sunde og derfor velegnede til en optimal kost p\u00e5 grund af deres h\u00f8je vitamin- og proteinindhold.<\/li>\n<li>Disse produkter har en l\u00e6ngere levetid (2-5 \u00e5r er typisk).<\/li>\n<li>Konserverne er meget nemme at opbevare, da deres emballage er nem at anvende.<\/li>\n<\/ol>\n<p>Hvis du vil k\u00f8be tun eller andre former for <a href=\"https:\/\/latiendadesami.com\/categoria-producto\/conservas\/\" rel=\"noopener noreferrer nofollow\" target=\"_blank\">d\u00e5semad<\/a>, s\u00e5 t\u00f8v ikke med at tage et kig p\u00e5 vores onlinekatalog for at se det store udvalg af <a href=\"https:\/\/latiendadesami.com\/categoria-producto\/conservas\/atun-y-bonito\/\" target=\"_blank\" rel=\"noopener noreferrer nofollow\">tun<\/a>, vi har.<\/p>\n<p>Skriv til os for mere information.<\/p>\n","protected":false},"excerpt":{"rendered":"<p><strong>Fra R\u00eda de Noia<\/p>\n<p>Udvalgt kvalitet<\/strong><\/p>\n<p><strong>Antal stykker:<\/strong> 15\/25 stykker<\/p>\n<p><strong>Nettov\u00e6gt:<\/strong> 113 g<\/p>\n<p><strong>Dr\u00e6net v\u00e6gt: <\/strong>63 g<\/p>\n<p><strong>Ingredienser: <\/strong><em>Hjertemuslinger<\/em>, vand, salt, surhedsregulerende middel (E330, E331) og antioxidant (E385).<\/p>\n<p><strong>Allergener:<\/strong> <em>Indeholder bl\u00f8ddyr, hjertemusling.<\/em><\/p>\n<p>Opbevares ved stuetemperatur.<\/p>\n<p>N\u00e5r den er \u00e5bnet, anbefales det at indtage den i sin helhed.<\/p>\n","protected":false},"featured_media":26605,"template":"","meta":{"_et_pb_use_builder":"","_et_pb_old_content":"","_et_gb_content_width":""},"product_brand":[1162],"product_cat":[5678,1648],"product_tag":[5640],"class_list":{"0":"post-26604","1":"product","2":"type-product","3":"status-publish","4":"has-post-thumbnail","6":"product_brand-arlequin","7":"product_cat-hjertemuslinger","8":"product_cat-konserves","9":"product_tag-serieoro-da","11":"first","12":"outofstock","13":"sale","14":"taxable","15":"shipping-taxable","16":"purchasable","17":"product-type-simple"},"_links":{"self":[{"href":"https:\/\/myspainfood.com\/da\/wp-json\/wp\/v2\/product\/26604","targetHints":{"allow":["GET"]}}],"collection":[{"href":"https:\/\/myspainfood.com\/da\/wp-json\/wp\/v2\/product"}],"about":[{"href":"https:\/\/myspainfood.com\/da\/wp-json\/wp\/v2\/types\/product"}],"wp:featuredmedia":[{"embeddable":true,"href":"https:\/\/myspainfood.com\/da\/wp-json\/wp\/v2\/media\/26605"}],"wp:attachment":[{"href":"https:\/\/myspainfood.com\/da\/wp-json\/wp\/v2\/media?parent=26604"}],"wp:term":[{"taxonomy":"product_brand","embeddable":true,"href":"https:\/\/myspainfood.com\/da\/wp-json\/wp\/v2\/product_brand?post=26604"},{"taxonomy":"product_cat","embeddable":true,"href":"https:\/\/myspainfood.com\/da\/wp-json\/wp\/v2\/product_cat?post=26604"},{"taxonomy":"product_tag","embeddable":true,"href":"https:\/\/myspainfood.com\/da\/wp-json\/wp\/v2\/product_tag?post=26604"}],"curies":[{"name":"wp","href":"https:\/\/api.w.org\/{rel}","templated":true}]}}