{"id":26688,"date":"2025-04-10T12:07:15","date_gmt":"2025-04-10T10:07:15","guid":{"rendered":"https:\/\/myspainfood.com\/producto\/andalusisk-makrel-d-o-olivenolie\/"},"modified":"2025-04-10T12:07:15","modified_gmt":"2025-04-10T10:07:15","slug":"andalusisk-makrel-d-o-olivenolie","status":"publish","type":"product","link":"https:\/\/myspainfood.com\/da\/producto\/andalusisk-makrel-d-o-olivenolie\/","title":{"rendered":"Andalusisk makrel D.O. olivenolie"},"content":{"rendered":"<p style=\"text-align: left\">Rene fileter af andalusisk makrel, pakket i en glaskrukke og metalkapsel.<\/p>\n<p style=\"text-align: left\">Produktion og kvalitet er fastlagt i reglerne fra <span class=\"file\">reguleringsr\u00e5det for de beskyttede geografiske betegnelser for andalusisk makrel og fregatmakrel<\/span>, som <a href=\"https:\/\/pesasur.com\/calidad\/\" target=\"_blank\" rel=\"noopener noreferrer nofollow\">Pesasur<\/a> er medlem af.<\/p>\n<p style=\"text-align: left\">Gr\u00e5hvid i farven, glat konsistens og behagelig lugt, en karakteristisk, unik smag.<\/p>\n<p><strong>INGREDIENSER<\/strong><\/p>\n<ul>\n<li>Makreller<\/li>\n<li>Olivenolie<\/li>\n<li>Salt<\/li>\n<\/ul>\n<p>PESASUR bruger andalusisk makrel (I.G.P. Specific Designation of Origin of the Andalusian Region), som forarbejdes frisk p\u00e5 fabrikken det meste af \u00e5ret.<\/p>\n<p>PESASUR bruger ikke kemiske produkter i produktionsprocessen, og erfaringen fra den arbejdsstyrke, der har arbejdet med makrelfileter i generationer, sikrer en perfekt renhed af fisken og en fremragende pr\u00e6sentation af fileterne p\u00e5 glas og d\u00e5ser i alle formater.<\/p>\n<h4>De vigtigste fordele ved d\u00e5semad<\/h4>\n<ol>\n<li>De bevarer alle de ern\u00e6ringsm\u00e6ssige egenskaber i selve maden. Maden bevarer sin friskhed. <\/li>\n<li>De anvendte f\u00f8devarer er sunde og derfor velegnede til en optimal kost p\u00e5 grund af deres h\u00f8je vitamin- og proteinindhold.<\/li>\n<li>Disse produkter har en l\u00e6ngere levetid (2-5 \u00e5r er typisk).<\/li>\n<li>Konserverne er meget nemme at opbevare, da deres emballage er nem at anvende.<\/li>\n<\/ol>\n<p>Hvis du vil k\u00f8be andalusisk makrel eller en anden type <a href=\"https:\/\/latiendadesami.com\/categoria-producto\/conservas\/\" rel=\"noopener noreferrer nofollow\" target=\"_blank\">d\u00e5semad<\/a>, s\u00e5 t\u00f8v ikke med at tage et kig i vores onlinekatalog for at se det store udvalg af <a href=\"https:\/\/latiendadesami.com\/categoria-producto\/conservas\/atun-y-bonito\/\" target=\"_blank\" rel=\"noopener noreferrer nofollow\">tun<\/a>, vi har.<\/p>\n<p>Skriv til os for mere information.<\/p>\n","protected":false},"excerpt":{"rendered":"<p>Olivenolie af andalusisk makrel<\/p>\n","protected":false},"featured_media":26694,"template":"","meta":{"_et_pb_use_builder":"","_et_pb_old_content":"","_et_gb_content_width":""},"product_brand":[1205],"product_cat":[1648,2680],"product_tag":[],"class_list":{"0":"post-26688","1":"product","2":"type-product","3":"status-publish","4":"has-post-thumbnail","6":"product_brand-pesasur","7":"product_cat-konserves","8":"product_cat-makrel","10":"first","11":"outofstock","12":"taxable","13":"shipping-taxable","14":"product-type-variable"},"_links":{"self":[{"href":"https:\/\/myspainfood.com\/da\/wp-json\/wp\/v2\/product\/26688","targetHints":{"allow":["GET"]}}],"collection":[{"href":"https:\/\/myspainfood.com\/da\/wp-json\/wp\/v2\/product"}],"about":[{"href":"https:\/\/myspainfood.com\/da\/wp-json\/wp\/v2\/types\/product"}],"wp:featuredmedia":[{"embeddable":true,"href":"https:\/\/myspainfood.com\/da\/wp-json\/wp\/v2\/media\/26694"}],"wp:attachment":[{"href":"https:\/\/myspainfood.com\/da\/wp-json\/wp\/v2\/media?parent=26688"}],"wp:term":[{"taxonomy":"product_brand","embeddable":true,"href":"https:\/\/myspainfood.com\/da\/wp-json\/wp\/v2\/product_brand?post=26688"},{"taxonomy":"product_cat","embeddable":true,"href":"https:\/\/myspainfood.com\/da\/wp-json\/wp\/v2\/product_cat?post=26688"},{"taxonomy":"product_tag","embeddable":true,"href":"https:\/\/myspainfood.com\/da\/wp-json\/wp\/v2\/product_tag?post=26688"}],"curies":[{"name":"wp","href":"https:\/\/api.w.org\/{rel}","templated":true}]}}