{"id":26746,"date":"2025-04-10T12:07:40","date_gmt":"2025-04-10T10:07:40","guid":{"rendered":"https:\/\/myspainfood.com\/producto\/store-asier-225-kg-vaegt-n\/"},"modified":"2026-04-13T10:56:15","modified_gmt":"2026-04-13T08:56:15","slug":"store-asier-225-kg-vaegt-n","status":"publish","type":"product","link":"https:\/\/myspainfood.com\/da\/producto\/store-asier-225-kg-vaegt-n\/","title":{"rendered":"Store asier 2,25 kg v\u00e6gt n"},"content":{"rendered":"<p>Gherkin Pickles 2,25 kg nettov\u00e6gt - Med kun vand- og saltagurker f\u00e5r du en af de l\u00e6kreste <a href=\"https:\/\/www.google.com\/search?q=pepinillos+gordos&amp;tbm=isch&amp;ved=2ahUKEwj6xNCv8-_1AhWXiP0HHcNGC0QQ2-cCegQIABAA&amp;oq=pepinillos+gordos&amp;gs_lcp=CgNpbWcQA1DZFVjlJ2DcK2gAcAB4AIABYYgB4wqSAQIxOJgBAKABAaoBC2d3cy13aXotaW1nwAEB&amp;sclient=img&amp;ei=WUYCYrq0IpeR9u8Pw42toAQ&amp;bih=780&amp;biw=1577\" target=\"_blank\" rel=\"noopener noreferrer nofollow\">snacks<\/a> nogensinde.<\/p>\n<p>Blandingen af smage fra ingredienserne sammen med et strejf af eddike giver den en s\u00e6rlig smag, der er meget behagelig for ganen.<\/p>\n<p>Pickles er en snack, der booster immunforsvaret, hvilket betyder, at de st\u00f8tter kroppens forsvar og generelle sundhed.<\/p>\n<h3><strong>Fordele ved fede agurker<\/strong><\/h3>\n<p>Kendte du til fordelene ved pickles generelt? Her er en liste over de vigtigste: <\/p>\n<ul>\n<li>Rig p\u00e5 probiotika.<\/li>\n<li>De hj\u00e6lper p\u00e5 ford\u00f8jelsen.<\/li>\n<li>De styrker immunforsvaret.<\/li>\n<li>De reducerer sukkertrangen.<\/li>\n<li>Gunstig for galdebl\u00e6ren.<\/li>\n<\/ul>\n<p>Hvis du vil k\u00f8be oliven eller andre typer <a href=\"https:\/\/latiendadesami.com\/categoria-producto\/encurtidos\/\" rel=\"noopener noreferrer nofollow\" target=\"_blank\">pickles<\/a>, s\u00e5 t\u00f8v ikke med at tage et kig p\u00e5 vores onlinekatalog for at se det store udvalg af <a href=\"https:\/\/latiendadesami.com\/categoria-producto\/encurtidos\/pepinillos\/\" target=\"_blank\" rel=\"noopener noreferrer nofollow\">pickles<\/a>, vi har.<\/p>\n","protected":false},"excerpt":{"rendered":"<p>Gherkin Pickles 2,25 kg nettov\u00e6gt - Med kun vand- og saltagurker f\u00e5r du en af de l\u00e6kreste snacks nogensinde. Blandingen af smage fra ingredienserne sammen med et strejf af eddike giver den en s\u00e6rlig smag, der er meget behagelig for ganen. Pickles er en snack, der booster immunforsvaret, hvilket betyder, at de st\u00f8tter kroppens forsvar [&hellip;]<\/p>\n","protected":false},"featured_media":26748,"template":"","meta":{"_et_pb_use_builder":"","_et_pb_old_content":"","_et_gb_content_width":""},"product_brand":[],"product_cat":[1649,1647],"product_tag":[2019],"class_list":{"0":"post-26746","1":"product","2":"type-product","3":"status-publish","4":"has-post-thumbnail","6":"product_cat-agurker","7":"product_cat-pickles-da","8":"product_tag-gherkin-da","10":"first","11":"instock","12":"taxable","13":"shipping-taxable","14":"purchasable","15":"product-type-simple"},"_links":{"self":[{"href":"https:\/\/myspainfood.com\/da\/wp-json\/wp\/v2\/product\/26746","targetHints":{"allow":["GET"]}}],"collection":[{"href":"https:\/\/myspainfood.com\/da\/wp-json\/wp\/v2\/product"}],"about":[{"href":"https:\/\/myspainfood.com\/da\/wp-json\/wp\/v2\/types\/product"}],"wp:featuredmedia":[{"embeddable":true,"href":"https:\/\/myspainfood.com\/da\/wp-json\/wp\/v2\/media\/26748"}],"wp:attachment":[{"href":"https:\/\/myspainfood.com\/da\/wp-json\/wp\/v2\/media?parent=26746"}],"wp:term":[{"taxonomy":"product_brand","embeddable":true,"href":"https:\/\/myspainfood.com\/da\/wp-json\/wp\/v2\/product_brand?post=26746"},{"taxonomy":"product_cat","embeddable":true,"href":"https:\/\/myspainfood.com\/da\/wp-json\/wp\/v2\/product_cat?post=26746"},{"taxonomy":"product_tag","embeddable":true,"href":"https:\/\/myspainfood.com\/da\/wp-json\/wp\/v2\/product_tag?post=26746"}],"curies":[{"name":"wp","href":"https:\/\/api.w.org\/{rel}","templated":true}]}}