{"id":26836,"date":"2025-04-10T12:07:39","date_gmt":"2025-04-10T10:07:39","guid":{"rendered":"https:\/\/myspainfood.com\/producto\/modnet-gedeost-med-paprika-ca-320-g\/"},"modified":"2025-06-24T14:10:07","modified_gmt":"2025-06-24T12:10:07","slug":"modnet-gedeost-med-paprika-ca-320-g","status":"publish","type":"product","link":"https:\/\/myspainfood.com\/da\/producto\/modnet-gedeost-med-paprika-ca-320-g\/","title":{"rendered":"Modnet gedeost med paprika ca. 320 g"},"content":{"rendered":"<p>Modnet gedeost med paprika ca. 320gr er produceret af Queser\u00eda El <a href=\"https:\/\/www.facebook.com\/Queser%C3%ADa-El-Manjar-1564604537177140\/\" target=\"_blank\" rel=\"noopener noreferrer nofollow\">Manjar<\/a>.<\/p>\n<p>Denne ostefabrik ligger i Velada, Toledo, i n\u00e6rheden af Talavera de la Reina.<\/p>\n<p>Den er lavet af pasteuriseret m\u00e6lk og er d\u00e6kket af et lag paprika p\u00e5 skorpen, som giver den sin s\u00e6rlige og umiskendelige smag.<\/p>\n<p>Ud over at producere paprikamodnet gedeost omfatter produktkataloget ogs\u00e5 en r\u00e6kke andre oste, f.eks. friske oste.<\/p>\n<p>Alle produkterne er h\u00e5ndlavede p\u00e5 traditionel vis. Den omtrentlige v\u00e6gt af hver portion er 320 gram. <\/p>\n<p>Dette produkt skal opbevares p\u00e5 k\u00f8l fra 0\u00ba til 8\u00ba.<\/p>\n<p>Gedeost, eller mere korrekt gedem\u00e6lksost, er kendt som ch\u00e8vre (som er fransk for ged) og er navnet p\u00e5 enhver ost, der er lavet af gedem\u00e6lk.<\/p>\n<p>Gedeost er blevet fremstillet i tusindvis af \u00e5r og var sandsynligvis et af de tidligste mejeriprodukter. I sin enkleste form fremstilles gedeost ved at lade den r\u00e5 m\u00e6lk sk\u00e6re sig naturligt, hvorefter ostemassen dr\u00e6nes og presses. <\/p>\n<p>Hvis du \u00f8nsker at k\u00f8be andre oste eller andre typer <a href=\"https:\/\/latiendadesami.com\/\" rel=\"noopener noreferrer nofollow\" target=\"_blank\">f\u00f8devarer<\/a>, er du velkommen til at kigge i vores onlinekatalog for at se det store udvalg af produkter, vi har.<\/p>\n<p>Skriv til os for mere information.<\/p>\n","protected":false},"excerpt":{"rendered":"<p>Modnet gedeost med paprika ca. 320gr er produceret af Queser\u00eda El Manjar. Denne ostefabrik ligger i Velada, Toledo, i n\u00e6rheden af Talavera de la Reina. Den er lavet af pasteuriseret m\u00e6lk og er d\u00e6kket af et lag paprika p\u00e5 skorpen, som giver den sin s\u00e6rlige og umiskendelige smag. Ud over at producere paprikamodnet gedeost omfatter [&hellip;]<\/p>\n","protected":false},"featured_media":26837,"template":"","meta":{"_et_pb_use_builder":"","_et_pb_old_content":"","_et_gb_content_width":""},"product_brand":[1246],"product_cat":[5742,1860,2292],"product_tag":[],"class_list":{"0":"post-26836","1":"product","2":"type-product","3":"status-publish","4":"has-post-thumbnail","6":"product_brand-el-manjar","7":"product_cat-haerdning-da","8":"product_cat-koldt","9":"product_cat-ost-og-polse-da","10":"product_shipping_class-kold-forsendelse","12":"first","13":"instock","14":"taxable","15":"shipping-taxable","16":"purchasable","17":"product-type-simple"},"_links":{"self":[{"href":"https:\/\/myspainfood.com\/da\/wp-json\/wp\/v2\/product\/26836","targetHints":{"allow":["GET"]}}],"collection":[{"href":"https:\/\/myspainfood.com\/da\/wp-json\/wp\/v2\/product"}],"about":[{"href":"https:\/\/myspainfood.com\/da\/wp-json\/wp\/v2\/types\/product"}],"wp:featuredmedia":[{"embeddable":true,"href":"https:\/\/myspainfood.com\/da\/wp-json\/wp\/v2\/media\/26837"}],"wp:attachment":[{"href":"https:\/\/myspainfood.com\/da\/wp-json\/wp\/v2\/media?parent=26836"}],"wp:term":[{"taxonomy":"product_brand","embeddable":true,"href":"https:\/\/myspainfood.com\/da\/wp-json\/wp\/v2\/product_brand?post=26836"},{"taxonomy":"product_cat","embeddable":true,"href":"https:\/\/myspainfood.com\/da\/wp-json\/wp\/v2\/product_cat?post=26836"},{"taxonomy":"product_tag","embeddable":true,"href":"https:\/\/myspainfood.com\/da\/wp-json\/wp\/v2\/product_tag?post=26836"}],"curies":[{"name":"wp","href":"https:\/\/api.w.org\/{rel}","templated":true}]}}