{"id":26858,"date":"2025-04-10T12:07:31","date_gmt":"2025-04-10T10:07:31","guid":{"rendered":"https:\/\/myspainfood.com\/producto\/campo-real-oliven-45-kg\/"},"modified":"2025-04-10T12:07:31","modified_gmt":"2025-04-10T10:07:31","slug":"campo-real-oliven-45-kg","status":"publish","type":"product","link":"https:\/\/myspainfood.com\/da\/producto\/campo-real-oliven-45-kg\/","title":{"rendered":"Campo Real oliven 4,5 kg"},"content":{"rendered":"<p>Hvis Campo Real kommune er kendt for noget, s\u00e5 er det for sine ber\u00f8mte Campo Real oliven p\u00e5 4,5 kg.<\/p>\n<p>Olivenene tilh\u00f8rer sorterne manzanilla de Campo Real og cacere\u00f1a, og hemmeligheden bag dem ligger i de hundrede\u00e5rige oliventr\u00e6er, de kommer fra, olivendyrkernes erfaring og krydderierne.<\/p>\n<p>Denne <a href=\"https:\/\/www.google.com\/search?q=revuelto+aceitunas+s%C3%A1ngar&amp;sxsrf=APq-WBt1wkTZta0IAEDoueZPBxEuaY8Dtw:1644308614563&amp;source=lnms&amp;tbm=isch&amp;sa=X&amp;ved=2ahUKEwjouvz21u_1AhVV_rsIHacjBd0Q_AUoAXoECAEQAw&amp;biw=1577&amp;bih=780&amp;dpr=1\" target=\"_blank\" rel=\"noopener noreferrer nofollow\">kombination<\/a> af oliven og pickles g\u00f8r det muligt at nyde en uovertruffen smag i dine tapas eller forretter.<\/p>\n<p>Det er et meget sundt supplement til vores traditionelle, n\u00e6ringsrige middelhavskost.<\/p>\n<p>I Spanien finder vi oliven, asier, almagro-auberginer, guler\u00f8dder, l\u00f8g, meget traditionelt kapers, hvidl\u00f8g eller endda en blanding af dem.<\/p>\n<p>De serveres ofte som tapas til \u00f8l (ikke til vin p\u00e5 grund af deres indhold af eddike).<\/p>\n<p>Syltede agurker er g\u00e5et fra at v\u00e6re en \u00e6ldgammel teknik til at konservere mad over hele verden til at v\u00e6re en af de mest popul\u00e6re tapas eller forretter i spansk gastronomi.<\/p>\n<h3><strong>Fordele ved Campo Real Olive 4,5 kg<\/strong><\/h3>\n<p>Kendte du til fordelene ved Campo Real Oliven 4,5 kg og ved syltede agurker i det hele taget? Her er en liste over de vigtigste: <\/p>\n<ul>\n<li>Rig p\u00e5 probiotika.<\/li>\n<li>De hj\u00e6lper p\u00e5 ford\u00f8jelsen.<\/li>\n<li>De styrker immunforsvaret.<\/li>\n<li>De reducerer sukkertrangen.<\/li>\n<li>Gunstig for galdebl\u00e6ren.<\/li>\n<\/ul>\n<p>Hvis du vil k\u00f8be oliven eller andre former for <a href=\"https:\/\/latiendadesami.com\/categoria-producto\/encurtidos\/\" rel=\"noopener noreferrer nofollow\" target=\"_blank\">syltede f\u00f8devarer<\/a>, s\u00e5 t\u00f8v ikke med at tage et kig p\u00e5 vores onlinekatalog for at se det store udvalg af <a href=\"https:\/\/latiendadesami.com\/categoria-producto\/encurtidos\/aceitunas\/\" target=\"_blank\" rel=\"noopener noreferrer nofollow\">oliven<\/a>, vi har.<\/p>\n<p>Skriv til os for mere information.<\/p>\n","protected":false},"excerpt":{"rendered":"<p>Hvis Campo Real kommune er kendt for noget, s\u00e5 er det for sine ber\u00f8mte Campo Real oliven p\u00e5 4,5 kg. Olivenene tilh\u00f8rer sorterne manzanilla de Campo Real og cacere\u00f1a, og hemmeligheden bag dem ligger i de hundrede\u00e5rige oliventr\u00e6er, de kommer fra, olivendyrkernes erfaring og krydderierne. Denne kombination af oliven og pickles g\u00f8r det muligt at [&hellip;]<\/p>\n","protected":false},"featured_media":20483,"template":"","meta":{"_et_pb_use_builder":"","_et_pb_old_content":"","_et_gb_content_width":""},"product_brand":[],"product_cat":[1654,1647],"product_tag":[3173],"class_list":{"0":"post-26858","1":"product","2":"type-product","3":"status-publish","4":"has-post-thumbnail","6":"product_cat-oliven-da","7":"product_cat-pickles-da","8":"product_tag-campo-real-da","10":"first","11":"outofstock","12":"taxable","13":"shipping-taxable","14":"purchasable","15":"product-type-simple"},"_links":{"self":[{"href":"https:\/\/myspainfood.com\/da\/wp-json\/wp\/v2\/product\/26858","targetHints":{"allow":["GET"]}}],"collection":[{"href":"https:\/\/myspainfood.com\/da\/wp-json\/wp\/v2\/product"}],"about":[{"href":"https:\/\/myspainfood.com\/da\/wp-json\/wp\/v2\/types\/product"}],"wp:featuredmedia":[{"embeddable":true,"href":"https:\/\/myspainfood.com\/da\/wp-json\/wp\/v2\/media\/20483"}],"wp:attachment":[{"href":"https:\/\/myspainfood.com\/da\/wp-json\/wp\/v2\/media?parent=26858"}],"wp:term":[{"taxonomy":"product_brand","embeddable":true,"href":"https:\/\/myspainfood.com\/da\/wp-json\/wp\/v2\/product_brand?post=26858"},{"taxonomy":"product_cat","embeddable":true,"href":"https:\/\/myspainfood.com\/da\/wp-json\/wp\/v2\/product_cat?post=26858"},{"taxonomy":"product_tag","embeddable":true,"href":"https:\/\/myspainfood.com\/da\/wp-json\/wp\/v2\/product_tag?post=26858"}],"curies":[{"name":"wp","href":"https:\/\/api.w.org\/{rel}","templated":true}]}}