{"id":26933,"date":"2025-04-10T12:07:32","date_gmt":"2025-04-10T10:07:32","guid":{"rendered":"https:\/\/myspainfood.com\/producto\/saltet-ost-fire-stave-25-kg-ca\/"},"modified":"2025-06-24T13:51:47","modified_gmt":"2025-06-24T11:51:47","slug":"saltet-ost-fire-stave-25-kg-ca","status":"publish","type":"product","link":"https:\/\/myspainfood.com\/da\/producto\/saltet-ost-fire-stave-25-kg-ca\/","title":{"rendered":"Saltet ost Fire stave 2,5 kg ca."},"content":{"rendered":"<p>Cuatro barras-osten er lavet af <a href=\"https:\/\/es.wikipedia.org\/wiki\/Queso_de_leche_de_oveja\" target=\"_blank\" rel=\"noopener noreferrer nofollow\">f\u00e5rem\u00e6lk<\/a> og lagres i ca. 12 m\u00e5neder.<\/p>\n<p>Hele v\u00e6rket vejer cirka 2,5 kilo.<\/p>\n<p>Ost fremstillet af pasteuriseret f\u00e5rem\u00e6lk (min. 65 %) og kom\u00e6lk med en uds\u00f8gt smag, hvis faste konsistens fremh\u00e6ver den intense smag. En fremragende ost, som ikke lader dig i stikken. <\/p>\n<p>Vi anbefaler, at den opbevares t\u00f8rt og k\u00f8ligt mellem 4-8 \u00baC for at forbedre dens holdbarhed.<\/p>\n<p>F\u00e5r har kun to patter og producerer en meget mindre m\u00e6ngde m\u00e6lk end k\u00f8er.<\/p>\n<p>Men da f\u00e5rem\u00e6lk indeholder meget mere fedt, faste stoffer og mineraler end kom\u00e6lk, er den ideel til ostefremstilling.<\/p>\n<p>Det modst\u00e5r ogs\u00e5 bedre forurening under afk\u00f8ling p\u00e5 grund af det meget h\u00f8jere calciumindhold.<\/p>\n<p>Selvom f\u00e5rem\u00e6lk kan drikkes frisk, bruges den i dag prim\u00e6rt til fremstilling af ost og yoghurt.<\/p>\n<p>Hvis du vil k\u00f8be Queso Curado Cuatro barras eller andre typer <a href=\"https:\/\/latiendadesami.com\/categoria-producto\/queso-embutido\/\" rel=\"noopener noreferrer nofollow\" target=\"_blank\">ost eller p\u00e5l\u00e6g<\/a>, s\u00e5 t\u00f8v ikke med at tage et kig p\u00e5 vores online katalog. Vi har den h\u00f8jeste kvalitet til den bedste pris.<\/p>\n<p>Skriv til os for at f\u00e5 flere oplysninger, eller hvis du har sp\u00f8rgsm\u00e5l om dette eller andre produkter.<\/p>\n","protected":false},"excerpt":{"rendered":"<p>Cuatro barras-osten er lavet af f\u00e5rem\u00e6lk og lagres i ca. 12 m\u00e5neder. Hele v\u00e6rket vejer cirka 2,5 kilo. Ost fremstillet af pasteuriseret f\u00e5rem\u00e6lk (min. 65 %) og kom\u00e6lk med en uds\u00f8gt smag, hvis faste konsistens fremh\u00e6ver den intense smag. En fremragende ost, som ikke lader dig i stikken. Vi anbefaler, at den opbevares t\u00f8rt og [&hellip;]<\/p>\n","protected":false},"featured_media":26938,"template":"","meta":{"_et_pb_use_builder":"","_et_pb_old_content":"","_et_gb_content_width":""},"product_brand":[1234],"product_cat":[5742,1860,2292],"product_tag":[],"class_list":{"0":"post-26933","1":"product","2":"type-product","3":"status-publish","4":"has-post-thumbnail","6":"product_brand-cuatro-barras","7":"product_cat-haerdning-da","8":"product_cat-koldt","9":"product_cat-ost-og-polse-da","10":"product_shipping_class-kold-forsendelse","12":"first","13":"outofstock","14":"taxable","15":"shipping-taxable","16":"product-type-variable"},"_links":{"self":[{"href":"https:\/\/myspainfood.com\/da\/wp-json\/wp\/v2\/product\/26933","targetHints":{"allow":["GET"]}}],"collection":[{"href":"https:\/\/myspainfood.com\/da\/wp-json\/wp\/v2\/product"}],"about":[{"href":"https:\/\/myspainfood.com\/da\/wp-json\/wp\/v2\/types\/product"}],"wp:featuredmedia":[{"embeddable":true,"href":"https:\/\/myspainfood.com\/da\/wp-json\/wp\/v2\/media\/26938"}],"wp:attachment":[{"href":"https:\/\/myspainfood.com\/da\/wp-json\/wp\/v2\/media?parent=26933"}],"wp:term":[{"taxonomy":"product_brand","embeddable":true,"href":"https:\/\/myspainfood.com\/da\/wp-json\/wp\/v2\/product_brand?post=26933"},{"taxonomy":"product_cat","embeddable":true,"href":"https:\/\/myspainfood.com\/da\/wp-json\/wp\/v2\/product_cat?post=26933"},{"taxonomy":"product_tag","embeddable":true,"href":"https:\/\/myspainfood.com\/da\/wp-json\/wp\/v2\/product_tag?post=26933"}],"curies":[{"name":"wp","href":"https:\/\/api.w.org\/{rel}","templated":true}]}}