{"id":27336,"date":"2025-04-10T12:07:30","date_gmt":"2025-04-10T10:07:30","guid":{"rendered":"https:\/\/myspainfood.com\/producto\/peber-og-tunsalat\/"},"modified":"2025-04-10T12:07:30","modified_gmt":"2025-04-10T10:07:30","slug":"peber-og-tunsalat","status":"publish","type":"product","link":"https:\/\/myspainfood.com\/da\/producto\/peber-og-tunsalat\/","title":{"rendered":"Peber- og tunsalat"},"content":{"rendered":"<p>Succesen med <a href=\"https:\/\/www.alsurvegetales.com\/producto\/id\/26\/ensalada-de-pimiento-asado-con-atun\" target=\"_blank\" rel=\"noopener noreferrer nofollow\">Alsurs<\/a> Peberfrugtsalat med tun ligger i den varierende farve fra lys til m\u00f8rker\u00f8d, smagen og den bl\u00f8de konsistens.<\/p>\n<p>De ristede peberfrugter udg\u00f8r sammen med l\u00f8gene en l\u00e6kker ret, som er meget nem at tilberede.<\/p>\n<p>Glaskrukken vejer 340 gram.<\/p>\n<p>Opbevares p\u00e5 et k\u00f8ligt, t\u00f8rt sted. N\u00e5r den er \u00e5bnet, skal den nedk\u00f8les og forbruges inden for 7 dage. <\/p>\n<p>Ingredienser: Piquillo-peberfrugter, l\u00f8g, vand, sukker, tun (5%), eddike, salt og citronsyre.<\/p>\n<p>Alsur er en familievirksomhed, hvor essensen af mad er hovedpersonen.<\/p>\n<h4>De vigtigste fordele ved d\u00e5semad<\/h4>\n<ol>\n<li>De bevarer alle de ern\u00e6ringsm\u00e6ssige egenskaber i selve maden. Maden bevarer sin friskhed. <\/li>\n<li>De anvendte f\u00f8devarer er sunde og derfor velegnede til en optimal kost p\u00e5 grund af deres h\u00f8je vitamin- og proteinindhold.<\/li>\n<li>Disse produkter har en l\u00e6ngere levetid (2-5 \u00e5r er typisk).<\/li>\n<li>Konserverne er meget nemme at opbevare, da deres emballage er nem at anvende.<\/li>\n<\/ol>\n<p>Hvis du vil k\u00f8be Peberfrugtsalat med tun eller en anden type <a href=\"https:\/\/latiendadesami.com\/categoria-producto\/conservas\/\" rel=\"noopener noreferrer nofollow\" target=\"_blank\">d\u00e5semad<\/a>, s\u00e5 t\u00f8v ikke med at tage et kig i vores online katalog for at se det store udvalg af <a href=\"https:\/\/latiendadesami.com\/categoria-producto\/conservas\/atun-y-bonito\/\" target=\"_blank\" rel=\"noopener noreferrer nofollow\">tun<\/a>, vi har.<\/p>\n<p>Skriv til os for mere information.<\/p>\n","protected":false},"excerpt":{"rendered":"<p>Succesen med Alsurs Peberfrugtsalat med tun ligger i den varierende farve fra lys til m\u00f8rker\u00f8d, smagen og den bl\u00f8de konsistens. De ristede peberfrugter udg\u00f8r sammen med l\u00f8gene en l\u00e6kker ret, som er meget nem at tilberede. Glaskrukken vejer 340 gram. Opbevares p\u00e5 et k\u00f8ligt, t\u00f8rt sted. N\u00e5r den er \u00e5bnet, skal den nedk\u00f8les og forbruges [&hellip;]<\/p>\n","protected":false},"featured_media":27344,"template":"","meta":{"_et_pb_use_builder":"","_et_pb_old_content":"","_et_gb_content_width":""},"product_brand":[1196],"product_cat":[1648,2363,4298],"product_tag":[],"class_list":{"0":"post-27336","1":"product","2":"type-product","3":"status-publish","4":"has-post-thumbnail","6":"product_brand-alsur","7":"product_cat-konserves","8":"product_cat-peberfrugter","9":"product_cat-tun-og-bonito","11":"first","12":"instock","13":"taxable","14":"shipping-taxable","15":"purchasable","16":"product-type-variable"},"_links":{"self":[{"href":"https:\/\/myspainfood.com\/da\/wp-json\/wp\/v2\/product\/27336","targetHints":{"allow":["GET"]}}],"collection":[{"href":"https:\/\/myspainfood.com\/da\/wp-json\/wp\/v2\/product"}],"about":[{"href":"https:\/\/myspainfood.com\/da\/wp-json\/wp\/v2\/types\/product"}],"wp:featuredmedia":[{"embeddable":true,"href":"https:\/\/myspainfood.com\/da\/wp-json\/wp\/v2\/media\/27344"}],"wp:attachment":[{"href":"https:\/\/myspainfood.com\/da\/wp-json\/wp\/v2\/media?parent=27336"}],"wp:term":[{"taxonomy":"product_brand","embeddable":true,"href":"https:\/\/myspainfood.com\/da\/wp-json\/wp\/v2\/product_brand?post=27336"},{"taxonomy":"product_cat","embeddable":true,"href":"https:\/\/myspainfood.com\/da\/wp-json\/wp\/v2\/product_cat?post=27336"},{"taxonomy":"product_tag","embeddable":true,"href":"https:\/\/myspainfood.com\/da\/wp-json\/wp\/v2\/product_tag?post=27336"}],"curies":[{"name":"wp","href":"https:\/\/api.w.org\/{rel}","templated":true}]}}