{"id":27711,"date":"2025-04-10T12:07:50","date_gmt":"2025-04-10T10:07:50","guid":{"rendered":"https:\/\/myspainfood.com\/producto\/carzorlas-gourmet-blodbudding-320-gr\/"},"modified":"2026-01-16T12:24:27","modified_gmt":"2026-01-16T11:24:27","slug":"carzorlas-gourmet-blodbudding-320-gr","status":"publish","type":"product","link":"https:\/\/myspainfood.com\/da\/producto\/carzorlas-gourmet-blodbudding-320-gr\/","title":{"rendered":"Carzorla&#8217;s Gourmet blodbudding 320 gr"},"content":{"rendered":"<pre>Morcilla de caldera Gourmet de Carzorla<\/pre>\n<p>Det er intet andet end den ufyldte buddingdej, der er kogt i gryden. Du kan bruge den som fyld til t\u00e6rter, dumplings, ristet br\u00f8d eller som en ret, du kan &#8220;dyppe&#8221; br\u00f8det i. <\/p>\n","protected":false},"excerpt":{"rendered":"<p>Morcilla de caldera Gourmet de Carzorla Det er intet andet end den ufyldte buddingdej, der er kogt i gryden. Du kan bruge den som fyld til t\u00e6rter, dumplings, ristet br\u00f8d eller som en ret, du kan &#8220;dyppe&#8221; br\u00f8det i.<\/p>\n","protected":false},"featured_media":27717,"template":"","meta":{"_et_pb_use_builder":"","_et_pb_old_content":"","_et_gb_content_width":""},"product_brand":[1252],"product_cat":[3729,1648],"product_tag":[],"class_list":{"0":"post-27711","1":"product","2":"type-product","3":"status-publish","4":"has-post-thumbnail","6":"product_brand-gourmet-de-cazorla","7":"product_cat-grontsager","8":"product_cat-konserves","10":"first","11":"outofstock","12":"taxable","13":"shipping-taxable","14":"product-type-variable"},"_links":{"self":[{"href":"https:\/\/myspainfood.com\/da\/wp-json\/wp\/v2\/product\/27711","targetHints":{"allow":["GET"]}}],"collection":[{"href":"https:\/\/myspainfood.com\/da\/wp-json\/wp\/v2\/product"}],"about":[{"href":"https:\/\/myspainfood.com\/da\/wp-json\/wp\/v2\/types\/product"}],"wp:featuredmedia":[{"embeddable":true,"href":"https:\/\/myspainfood.com\/da\/wp-json\/wp\/v2\/media\/27717"}],"wp:attachment":[{"href":"https:\/\/myspainfood.com\/da\/wp-json\/wp\/v2\/media?parent=27711"}],"wp:term":[{"taxonomy":"product_brand","embeddable":true,"href":"https:\/\/myspainfood.com\/da\/wp-json\/wp\/v2\/product_brand?post=27711"},{"taxonomy":"product_cat","embeddable":true,"href":"https:\/\/myspainfood.com\/da\/wp-json\/wp\/v2\/product_cat?post=27711"},{"taxonomy":"product_tag","embeddable":true,"href":"https:\/\/myspainfood.com\/da\/wp-json\/wp\/v2\/product_tag?post=27711"}],"curies":[{"name":"wp","href":"https:\/\/api.w.org\/{rel}","templated":true}]}}