{"id":27962,"date":"2025-04-10T12:07:50","date_gmt":"2025-04-10T10:07:50","guid":{"rendered":"https:\/\/myspainfood.com\/producto\/oti-syltede-muslinger-40-50-stykker\/"},"modified":"2025-04-10T12:07:50","modified_gmt":"2025-04-10T10:07:50","slug":"oti-syltede-muslinger-40-50-stykker","status":"publish","type":"product","link":"https:\/\/myspainfood.com\/da\/producto\/oti-syltede-muslinger-40-50-stykker\/","title":{"rendered":"Oti syltede muslinger 40\/50 stykker"},"content":{"rendered":"<p>Den bedste kvalitet og de st\u00f8rste eksemplarer udvindes p\u00e5 det optimale tidspunkt fra de bedste pander. Med et fremragende udseende, ensartet farve, uden sk\u00e6g og meget appetitlige, er de resultatet af omhyggelig udv\u00e6lgelse og forarbejdning. Ingredienser af h\u00f8jeste kvalitet bruges til at lave en l\u00e6kker syltet sauce, som er en ideel topping til dette bl\u00f8ddyr.  <\/p>\n","protected":false},"excerpt":{"rendered":"<p>Den bedste kvalitet og de st\u00f8rste eksemplarer udvindes p\u00e5 det optimale tidspunkt fra de bedste pander. Med et fremragende udseende, ensartet farve, uden sk\u00e6g og meget appetitlige, er de resultatet af omhyggelig udv\u00e6lgelse og forarbejdning. Ingredienser af h\u00f8jeste kvalitet bruges til at lave en l\u00e6kker syltet sauce, som er en ideel topping til dette bl\u00f8ddyr.<\/p>\n","protected":false},"featured_media":27965,"template":"","meta":{"_et_pb_use_builder":"","_et_pb_old_content":"","_et_gb_content_width":""},"product_brand":[1075],"product_cat":[1648,4069],"product_tag":[],"class_list":{"0":"post-27962","1":"product","2":"type-product","3":"status-publish","4":"has-post-thumbnail","6":"product_brand-oti","7":"product_cat-konserves","8":"product_cat-muslinger-da-2","10":"first","11":"outofstock","12":"taxable","13":"shipping-taxable","14":"product-type-variable"},"_links":{"self":[{"href":"https:\/\/myspainfood.com\/da\/wp-json\/wp\/v2\/product\/27962","targetHints":{"allow":["GET"]}}],"collection":[{"href":"https:\/\/myspainfood.com\/da\/wp-json\/wp\/v2\/product"}],"about":[{"href":"https:\/\/myspainfood.com\/da\/wp-json\/wp\/v2\/types\/product"}],"wp:featuredmedia":[{"embeddable":true,"href":"https:\/\/myspainfood.com\/da\/wp-json\/wp\/v2\/media\/27965"}],"wp:attachment":[{"href":"https:\/\/myspainfood.com\/da\/wp-json\/wp\/v2\/media?parent=27962"}],"wp:term":[{"taxonomy":"product_brand","embeddable":true,"href":"https:\/\/myspainfood.com\/da\/wp-json\/wp\/v2\/product_brand?post=27962"},{"taxonomy":"product_cat","embeddable":true,"href":"https:\/\/myspainfood.com\/da\/wp-json\/wp\/v2\/product_cat?post=27962"},{"taxonomy":"product_tag","embeddable":true,"href":"https:\/\/myspainfood.com\/da\/wp-json\/wp\/v2\/product_tag?post=27962"}],"curies":[{"name":"wp","href":"https:\/\/api.w.org\/{rel}","templated":true}]}}