{"id":28071,"date":"2025-04-10T12:07:58","date_gmt":"2025-04-10T10:07:58","guid":{"rendered":"https:\/\/myspainfood.com\/producto\/cusumano-kystnaer-frisk-bonito-18-kg\/"},"modified":"2026-03-24T10:07:30","modified_gmt":"2026-03-24T09:07:30","slug":"cusumano-kystnaer-frisk-bonito-18-kg","status":"publish","type":"product","link":"https:\/\/myspainfood.com\/da\/producto\/cusumano-kystnaer-frisk-bonito-18-kg\/","title":{"rendered":"Cusumano kystn\u00e6r frisk bonito 1&#8217;8 kg"},"content":{"rendered":"<div id=\"product-description-short-5\" class=\"rte-content\">\n<p style=\"text-align: left;\">Kystens friske tun Cusumano er en hvid tun, der fanges en efter en i Det Cantabriske Hav og <a href=\"https:\/\/es.wikipedia.org\/wiki\/Thunnus\" target=\"_blank\" rel=\"noopener noreferrer nofollow\">forarbejdes<\/a> FRISK.<\/p>\n<p>Denne mad har en autentisk smag og en enest\u00e5ende konsistens.<\/p>\n<p>Endelig kan du f\u00e5 en traditionel konserves p\u00e5 dit bord.<\/p>\n<p>Fresco de Costera.<\/p>\n<p>Da det er et s\u00e6sonbestemt fiskeri, der l\u00f8ber fra juni til oktober, garanterer Cusumano, at denne hvide tun ikke har gennemg\u00e5et nogen fryseproces fra fangst til produktion.<\/p>\n<p>Denne tun har bevaret alle sine organoleptiske egenskaber i form af farve, smag og tekstur.<\/p>\n<p>Conservas Cusumano har nye og moderne faciliteter p\u00e5 n\u00e6sten 6.000 m\u00b2 i Mundaka.<\/p>\n<p>Conservas Cusumano er en virksomhed, der i mere end 60 \u00e5r har bevaret k\u00e6rligheden til traditioner og knowhow inden for et af de \u00e6ldste og mest traditionelle erhverv i verden: fiskeri og konservering af frisk hvid tun fra kysten.<\/p>\n<p>I det uforlignelige Urdaibai Biosphere Reserve, som giver dem mulighed for at f\u00e5 den friskeste fisk p\u00e5 grund af beliggenheden s\u00e5 t\u00e6t p\u00e5 havet, der gennemsyrer vores essens.<\/p>\n<p>Hvis du vil k\u00f8be Cusumano Coastal frisk tun eller en anden type <a href=\"https:\/\/latiendadesami.com\/categoria-producto\/conservas\/\" rel=\"noopener noreferrer nofollow\" target=\"_blank\">d\u00e5setun<\/a>, s\u00e5 t\u00f8v ikke med at tage et kig p\u00e5 hele vores onlinekatalog for at se det store udvalg af <a href=\"https:\/\/latiendadesami.com\/categoria-producto\/conservas\/atun-y-bonito\/\" target=\"_blank\" rel=\"noopener noreferrer nofollow\">tun<\/a>, vi har.<\/p>\n<p>Skriv til os for mere information.<\/p>\n<p>&nbsp;<\/p>\n<\/div>\n","protected":false},"excerpt":{"rendered":"<p>Kystens friske tun Cusumano er en hvid tun, der fanges en efter en i Det Cantabriske Hav og forarbejdes FRISK. Denne mad har en autentisk smag og en enest\u00e5ende konsistens. Endelig kan du f\u00e5 en traditionel konserves p\u00e5 dit bord. Fresco de Costera. Da det er et s\u00e6sonbestemt fiskeri, der l\u00f8ber fra juni til oktober, [&hellip;]<\/p>\n","protected":false},"featured_media":28080,"template":"","meta":{"_et_pb_use_builder":"","_et_pb_old_content":"","_et_gb_content_width":""},"product_brand":[1272],"product_cat":[1648,4298],"product_tag":[],"class_list":{"0":"post-28071","1":"product","2":"type-product","3":"status-publish","4":"has-post-thumbnail","6":"product_brand-cusumano","7":"product_cat-konserves","8":"product_cat-tun-og-bonito","10":"first","11":"instock","12":"taxable","13":"shipping-taxable","14":"purchasable","15":"product-type-variable"},"_links":{"self":[{"href":"https:\/\/myspainfood.com\/da\/wp-json\/wp\/v2\/product\/28071","targetHints":{"allow":["GET"]}}],"collection":[{"href":"https:\/\/myspainfood.com\/da\/wp-json\/wp\/v2\/product"}],"about":[{"href":"https:\/\/myspainfood.com\/da\/wp-json\/wp\/v2\/types\/product"}],"wp:featuredmedia":[{"embeddable":true,"href":"https:\/\/myspainfood.com\/da\/wp-json\/wp\/v2\/media\/28080"}],"wp:attachment":[{"href":"https:\/\/myspainfood.com\/da\/wp-json\/wp\/v2\/media?parent=28071"}],"wp:term":[{"taxonomy":"product_brand","embeddable":true,"href":"https:\/\/myspainfood.com\/da\/wp-json\/wp\/v2\/product_brand?post=28071"},{"taxonomy":"product_cat","embeddable":true,"href":"https:\/\/myspainfood.com\/da\/wp-json\/wp\/v2\/product_cat?post=28071"},{"taxonomy":"product_tag","embeddable":true,"href":"https:\/\/myspainfood.com\/da\/wp-json\/wp\/v2\/product_tag?post=28071"}],"curies":[{"name":"wp","href":"https:\/\/api.w.org\/{rel}","templated":true}]}}