{"id":28519,"date":"2025-04-10T12:07:50","date_gmt":"2025-04-10T10:07:50","guid":{"rendered":"https:\/\/myspainfood.com\/producto\/fersken-i-sirup-oti-530-gr-12-enheder\/"},"modified":"2025-04-10T12:07:50","modified_gmt":"2025-04-10T10:07:50","slug":"fersken-i-sirup-oti-530-gr-12-enheder","status":"publish","type":"product","link":"https:\/\/myspainfood.com\/da\/producto\/fersken-i-sirup-oti-530-gr-12-enheder\/","title":{"rendered":"Fersken i sirup Oti 530 gr 12 ENHEDER"},"content":{"rendered":"<p>Frugt i sirup er en type marmelade1, der fremstilles af frugtstykker (stykkerne kan v\u00e6re firkanter, halve, kvarte, skiver, julienne), som koges i en sirup, indtil den tykner. I denne proces sker der en udveksling eller forskydning af vand fra det hypotoniske medium (hvor der er f\u00e6rre opl\u00f8ste stoffer) til det hypertoniske medium (hvor der er flere opl\u00f8ste stoffer), som erstattes af opl\u00f8ste stoffer, der findes i det hypertoniske medium, dvs. at vandet i frugtbladene og sukkeret i siruppen kommer ind i det. Denne proces bruges til konservering af frugt, der skal spises efter lang tid.    <\/p>\n","protected":false},"excerpt":{"rendered":"<p>Frugt i sirup er en type marmelade1, der fremstilles af frugtstykker (stykkerne kan v\u00e6re firkanter, halve, kvarte, skiver, julienne), som koges i en sirup, indtil den tykner. I denne proces sker der en udveksling eller forskydning af vand fra det hypotoniske medium (hvor der er f\u00e6rre opl\u00f8ste stoffer) til det hypertoniske medium (hvor der er [&hellip;]<\/p>\n","protected":false},"featured_media":25228,"template":"","meta":{"_et_pb_use_builder":"","_et_pb_old_content":"","_et_gb_content_width":""},"product_brand":[1075],"product_cat":[5104,1648],"product_tag":[3209],"class_list":{"0":"post-28519","1":"product","2":"type-product","3":"status-publish","4":"has-post-thumbnail","6":"product_brand-oti","7":"product_cat-fersken-da","8":"product_cat-konserves","9":"product_tag-sirup-da","11":"first","12":"outofstock","13":"sale","14":"taxable","15":"shipping-taxable","16":"purchasable","17":"product-type-simple"},"_links":{"self":[{"href":"https:\/\/myspainfood.com\/da\/wp-json\/wp\/v2\/product\/28519","targetHints":{"allow":["GET"]}}],"collection":[{"href":"https:\/\/myspainfood.com\/da\/wp-json\/wp\/v2\/product"}],"about":[{"href":"https:\/\/myspainfood.com\/da\/wp-json\/wp\/v2\/types\/product"}],"wp:featuredmedia":[{"embeddable":true,"href":"https:\/\/myspainfood.com\/da\/wp-json\/wp\/v2\/media\/25228"}],"wp:attachment":[{"href":"https:\/\/myspainfood.com\/da\/wp-json\/wp\/v2\/media?parent=28519"}],"wp:term":[{"taxonomy":"product_brand","embeddable":true,"href":"https:\/\/myspainfood.com\/da\/wp-json\/wp\/v2\/product_brand?post=28519"},{"taxonomy":"product_cat","embeddable":true,"href":"https:\/\/myspainfood.com\/da\/wp-json\/wp\/v2\/product_cat?post=28519"},{"taxonomy":"product_tag","embeddable":true,"href":"https:\/\/myspainfood.com\/da\/wp-json\/wp\/v2\/product_tag?post=28519"}],"curies":[{"name":"wp","href":"https:\/\/api.w.org\/{rel}","templated":true}]}}