{"id":28941,"date":"2025-04-10T12:08:22","date_gmt":"2025-04-10T10:08:22","guid":{"rendered":"https:\/\/myspainfood.com\/producto\/torsk-30-40-hel-hel-saltet-faeroesk-torsk\/"},"modified":"2025-06-24T16:20:23","modified_gmt":"2025-06-24T14:20:23","slug":"torsk-30-40-hel-hel-saltet-faeroesk-torsk","status":"publish","type":"product","link":"https:\/\/myspainfood.com\/da\/producto\/torsk-30-40-hel-hel-saltet-faeroesk-torsk\/","title":{"rendered":"Torsk 30\/40 Hel hel saltet f\u00e6r\u00f8sk torsk"},"content":{"rendered":"<div class=\"et_pb_tab clearfix et_pb_active_content et-pb-active-slide\">\n<div class=\"et_pb_tab_content\">\n<p>Cod 30\/40 Hel saltet f\u00e6r\u00f8sk torsk <a href=\"https:\/\/labarajilla.es\/bacalao\/\" target=\"_blank\" rel=\"noopener noreferrer nofollow\">La Barajilla<\/a> er baseret p\u00e5 et helt stykke torsk, der er sk\u00e5ret i halve, saltet og t\u00f8rret.<\/p>\n<p>Grundlaget for tilberedning af regionale retter i henhold til de enkelte landes traditioner.<\/p>\n<ul>\n<li><strong>ST\u00d8RRELSE<\/strong>: 30\/40<\/li>\n<li><strong>ART<\/strong>: Torsk ( Gadus Morhua )<u><\/u><u><\/u><\/li>\n<li><strong>FISKERIZONE<\/strong>: Det nordvestlige Atlanterhav ( FAO 27 )<u><\/u><u><\/u><\/li>\n<li><strong>OPBEVARING<\/strong>: mellem 0\u00baC og 5\u00baC.<\/li>\n<\/ul>\n<p>Fra et ern\u00e6ringsm\u00e6ssigt synspunkt er torsk en f\u00f8devare rig p\u00e5 protein med h\u00f8j biologisk v\u00e6rdi og ford\u00f8jelighed og med et lavt fedt- og kalorieindhold.<\/p>\n<p>Vandindholdet er ca. 80 % (i frisk torsk).<\/p>\n<p>Denne torsk er en god kilde til vitaminer (hovedsageligt fra B-gruppen) og mineralsalte, som er vigtige for kroppen.<\/p>\n<p>Frisk eller afsaltet torsk kan indtages af folk med h\u00f8jt blodtryk, da den har et lavt indhold af natrium og er rig p\u00e5 kalium.<\/p>\n<p>&#8220;Torsk er f\u00e6llesbetegnelsen for flere fiskearter af sl\u00e6gten Gadus, selv om nogle af de samme sl\u00e6gter kan have andre navne.<\/p>\n<p>Den mest almindelige art er den atlantiske torsk (Gadus morhua eller almindelig torsk).<\/p>\n<p>Hvis du \u00f8nsker at k\u00f8be Cod 30\/40 Whole Salted Faroe Cod eller en anden type <a href=\"https:\/\/latiendadesami.com\/categoria-producto\/frio\/\" rel=\"noopener noreferrer nofollow\" target=\"_blank\">koldt<\/a> produkt, s\u00e5 t\u00f8v ikke med at tage et kig p\u00e5 hele vores online katalog for at se det brede udvalg af torsk, som vi har til r\u00e5dighed.<\/p>\n<p>Skriv til os for mere information.<\/p>\n<\/div>\n<\/div>\n","protected":false},"excerpt":{"rendered":"<p>Cod 30\/40 Hel saltet f\u00e6r\u00f8sk torsk La Barajilla er baseret p\u00e5 et helt stykke torsk, der er sk\u00e5ret i halve, saltet og t\u00f8rret. Grundlaget for tilberedning af regionale retter i henhold til de enkelte landes traditioner. ST\u00d8RRELSE: 30\/40 ART: Torsk ( Gadus Morhua ) FISKERIZONE: Det nordvestlige Atlanterhav ( FAO 27 ) OPBEVARING: mellem 0\u00baC [&hellip;]<\/p>\n","protected":false},"featured_media":28948,"template":"","meta":{"_et_pb_use_builder":"","_et_pb_old_content":"","_et_gb_content_width":""},"product_brand":[1290],"product_cat":[1860,3549],"product_tag":[],"class_list":{"0":"post-28941","1":"product","2":"type-product","3":"status-publish","4":"has-post-thumbnail","6":"product_brand-la-barajilla","7":"product_cat-koldt","8":"product_cat-torsk-da","9":"product_shipping_class-kold-forsendelse","11":"first","12":"instock","13":"taxable","14":"shipping-taxable","15":"purchasable","16":"product-type-variable"},"_links":{"self":[{"href":"https:\/\/myspainfood.com\/da\/wp-json\/wp\/v2\/product\/28941","targetHints":{"allow":["GET"]}}],"collection":[{"href":"https:\/\/myspainfood.com\/da\/wp-json\/wp\/v2\/product"}],"about":[{"href":"https:\/\/myspainfood.com\/da\/wp-json\/wp\/v2\/types\/product"}],"wp:featuredmedia":[{"embeddable":true,"href":"https:\/\/myspainfood.com\/da\/wp-json\/wp\/v2\/media\/28948"}],"wp:attachment":[{"href":"https:\/\/myspainfood.com\/da\/wp-json\/wp\/v2\/media?parent=28941"}],"wp:term":[{"taxonomy":"product_brand","embeddable":true,"href":"https:\/\/myspainfood.com\/da\/wp-json\/wp\/v2\/product_brand?post=28941"},{"taxonomy":"product_cat","embeddable":true,"href":"https:\/\/myspainfood.com\/da\/wp-json\/wp\/v2\/product_cat?post=28941"},{"taxonomy":"product_tag","embeddable":true,"href":"https:\/\/myspainfood.com\/da\/wp-json\/wp\/v2\/product_tag?post=28941"}],"curies":[{"name":"wp","href":"https:\/\/api.w.org\/{rel}","templated":true}]}}