{"id":29571,"date":"2025-04-10T12:08:22","date_gmt":"2025-04-10T10:08:22","guid":{"rendered":"https:\/\/myspainfood.com\/producto\/kuller-fin-crumble-5-kg\/"},"modified":"2025-07-28T13:08:09","modified_gmt":"2025-07-28T11:08:09","slug":"kuller-fin-crumble-5-kg","status":"publish","type":"product","link":"https:\/\/myspainfood.com\/da\/producto\/kuller-fin-crumble-5-kg\/","title":{"rendered":"Kuller fin crumble 5 kg"},"content":{"rendered":"<p>Desmigado Fino Abadejo 5 kg fra <a href=\"https:\/\/labarajilla.es\/bacalao\/\" target=\"_blank\" rel=\"noopener noreferrer nofollow\">La Barajilla<\/a> er baseret p\u00e5 stykker af topkvalitet uden skind eller ben, ideelt til omeletter, kroketter og ajoarriero.<\/p>\n<p>Dette produkt kr\u00e6ver en opbevaringstemperatur p\u00e5 mellem 0\u00baC og 5\u00baC for at bevare sine egenskaber intakte.<\/p>\n<p>Fra et ern\u00e6ringsm\u00e6ssigt synspunkt er torsk en f\u00f8devare rig p\u00e5 protein med h\u00f8j biologisk v\u00e6rdi og ford\u00f8jelighed og med et lavt fedt- og kalorieindhold.<\/p>\n<p>Vandindholdet er ca. 80 % (i frisk torsk).<\/p>\n<p>Denne torsk er en god kilde til vitaminer (hovedsageligt fra B-gruppen) og mineralsalte, som er vigtige for kroppen.<\/p>\n<p>Frisk eller afsaltet torsk kan indtages af folk med h\u00f8jt blodtryk, da den har et lavt indhold af natrium og er rig p\u00e5 kalium.<\/p>\n<p>&#8220;Torsk er f\u00e6llesbetegnelsen for flere fiskearter af sl\u00e6gten Gadus, selv om nogle af de samme sl\u00e6gter kan have andre navne.<\/p>\n<p>Den mest almindelige art er den atlantiske torsk (Gadus morhua eller almindelig torsk).<\/p>\n<p>Hvis du \u00f8nsker at k\u00f8be Desmigado Fino Abadejo 5 kg eller en anden type <a href=\"https:\/\/latiendadesami.com\/categoria-producto\/frio\/\" rel=\"noopener noreferrer nofollow\" target=\"_blank\">koldt<\/a> produkt, s\u00e5 t\u00f8v ikke med at tage et kig p\u00e5 hele vores online katalog for at se det store udvalg af torsk, som vi har.<\/p>\n<p>Skriv til os for mere information.<\/p>\n","protected":false},"excerpt":{"rendered":"<p>Desmigado Fino Abadejo 5 kg fra La Barajilla er baseret p\u00e5 stykker af topkvalitet uden skind eller ben, ideelt til omeletter, kroketter og ajoarriero. Dette produkt kr\u00e6ver en opbevaringstemperatur p\u00e5 mellem 0\u00baC og 5\u00baC for at bevare sine egenskaber intakte. Fra et ern\u00e6ringsm\u00e6ssigt synspunkt er torsk en f\u00f8devare rig p\u00e5 protein med h\u00f8j biologisk v\u00e6rdi [&hellip;]<\/p>\n","protected":false},"featured_media":29574,"template":"","meta":{"_et_pb_use_builder":"","_et_pb_old_content":"","_et_gb_content_width":""},"product_brand":[1290],"product_cat":[1860,3549],"product_tag":[],"class_list":{"0":"post-29571","1":"product","2":"type-product","3":"status-publish","4":"has-post-thumbnail","6":"product_brand-la-barajilla","7":"product_cat-koldt","8":"product_cat-torsk-da","9":"product_shipping_class-kold-forsendelse","11":"first","12":"outofstock","13":"taxable","14":"shipping-taxable","15":"purchasable","16":"product-type-simple"},"_links":{"self":[{"href":"https:\/\/myspainfood.com\/da\/wp-json\/wp\/v2\/product\/29571","targetHints":{"allow":["GET"]}}],"collection":[{"href":"https:\/\/myspainfood.com\/da\/wp-json\/wp\/v2\/product"}],"about":[{"href":"https:\/\/myspainfood.com\/da\/wp-json\/wp\/v2\/types\/product"}],"wp:featuredmedia":[{"embeddable":true,"href":"https:\/\/myspainfood.com\/da\/wp-json\/wp\/v2\/media\/29574"}],"wp:attachment":[{"href":"https:\/\/myspainfood.com\/da\/wp-json\/wp\/v2\/media?parent=29571"}],"wp:term":[{"taxonomy":"product_brand","embeddable":true,"href":"https:\/\/myspainfood.com\/da\/wp-json\/wp\/v2\/product_brand?post=29571"},{"taxonomy":"product_cat","embeddable":true,"href":"https:\/\/myspainfood.com\/da\/wp-json\/wp\/v2\/product_cat?post=29571"},{"taxonomy":"product_tag","embeddable":true,"href":"https:\/\/myspainfood.com\/da\/wp-json\/wp\/v2\/product_tag?post=29571"}],"curies":[{"name":"wp","href":"https:\/\/api.w.org\/{rel}","templated":true}]}}