{"id":29712,"date":"2025-04-10T12:08:03","date_gmt":"2025-04-10T10:08:03","guid":{"rendered":"https:\/\/myspainfood.com\/producto\/ostefristelser-170-gr\/"},"modified":"2025-04-10T12:08:03","modified_gmt":"2025-04-10T10:08:03","slug":"ostefristelser-170-gr","status":"publish","type":"product","link":"https:\/\/myspainfood.com\/da\/producto\/ostefristelser-170-gr\/","title":{"rendered":"Ostefristelser 170 gr"},"content":{"rendered":"<p>Olie (100 % solsikke), s\u00f8d kirseb\u00e6rpeber, fl\u00f8deost.<\/p>\n","protected":false},"excerpt":{"rendered":"<p>Olie (100 % solsikke), s\u00f8d kirseb\u00e6rpeber, fl\u00f8deost.<\/p>\n","protected":false},"featured_media":29717,"template":"","meta":{"_et_pb_use_builder":"","_et_pb_old_content":"","_et_gb_content_width":""},"product_brand":[1277],"product_cat":[1648,2292,2363],"product_tag":[],"class_list":{"0":"post-29712","1":"product","2":"type-product","3":"status-publish","4":"has-post-thumbnail","6":"product_brand-bokeo","7":"product_cat-konserves","8":"product_cat-ost-og-polse-da","9":"product_cat-peberfrugter","10":"product_shipping_class-kold-forsendelse","12":"first","13":"instock","14":"taxable","15":"shipping-taxable","16":"product-type-variable"},"_links":{"self":[{"href":"https:\/\/myspainfood.com\/da\/wp-json\/wp\/v2\/product\/29712","targetHints":{"allow":["GET"]}}],"collection":[{"href":"https:\/\/myspainfood.com\/da\/wp-json\/wp\/v2\/product"}],"about":[{"href":"https:\/\/myspainfood.com\/da\/wp-json\/wp\/v2\/types\/product"}],"wp:featuredmedia":[{"embeddable":true,"href":"https:\/\/myspainfood.com\/da\/wp-json\/wp\/v2\/media\/29717"}],"wp:attachment":[{"href":"https:\/\/myspainfood.com\/da\/wp-json\/wp\/v2\/media?parent=29712"}],"wp:term":[{"taxonomy":"product_brand","embeddable":true,"href":"https:\/\/myspainfood.com\/da\/wp-json\/wp\/v2\/product_brand?post=29712"},{"taxonomy":"product_cat","embeddable":true,"href":"https:\/\/myspainfood.com\/da\/wp-json\/wp\/v2\/product_cat?post=29712"},{"taxonomy":"product_tag","embeddable":true,"href":"https:\/\/myspainfood.com\/da\/wp-json\/wp\/v2\/product_tag?post=29712"}],"curies":[{"name":"wp","href":"https:\/\/api.w.org\/{rel}","templated":true}]}}