{"id":29896,"date":"2025-04-10T12:08:04","date_gmt":"2025-04-10T10:08:04","guid":{"rendered":"https:\/\/myspainfood.com\/producto\/blok-af-foie-gras-pate-90-canard-picarpicar-150-g\/"},"modified":"2025-09-02T10:40:24","modified_gmt":"2025-09-02T08:40:24","slug":"blok-af-foie-gras-pate-90-canard-picarpicar-150-g","status":"publish","type":"product","link":"https:\/\/myspainfood.com\/da\/producto\/blok-af-foie-gras-pate-90-canard-picarpicar-150-g\/","title":{"rendered":"Blok af Foie Gras-pat\u00e9 90% Canard Picar&amp;picar 150 g"},"content":{"rendered":"<p>PICAR&amp;PICAR tilbyder Bloc Foie Gras af f\u00f8rste kvalitet i pakker med 150 g<\/p>\n<p><strong>Foie gras de canard<\/strong> har en mere intens smag, perfekt til at ledsage vores m\u00e5ltider til enhver tid eller til at bruge som ingrediens i k\u00f8kkenet.<\/p>\n","protected":false},"excerpt":{"rendered":"<p>PICAR&amp;PICAR tilbyder Bloc Foie Gras af f\u00f8rste kvalitet i pakker med 150 g Foie gras de canard har en mere intens smag, perfekt til at ledsage vores m\u00e5ltider til enhver tid eller til at bruge som ingrediens i k\u00f8kkenet.<\/p>\n","protected":false},"featured_media":29898,"template":"","meta":{"_et_pb_use_builder":"","_et_pb_old_content":"","_et_gb_content_width":""},"product_brand":[1127],"product_cat":[6600,1860],"product_tag":[],"class_list":{"0":"post-29896","1":"product","2":"type-product","3":"status-publish","4":"has-post-thumbnail","6":"product_brand-picarpicar","7":"product_cat-foie-da","8":"product_cat-koldt","9":"product_shipping_class-kold-forsendelse","11":"first","12":"outofstock","13":"sale","14":"featured","15":"taxable","16":"shipping-taxable","17":"purchasable","18":"product-type-simple"},"_links":{"self":[{"href":"https:\/\/myspainfood.com\/da\/wp-json\/wp\/v2\/product\/29896","targetHints":{"allow":["GET"]}}],"collection":[{"href":"https:\/\/myspainfood.com\/da\/wp-json\/wp\/v2\/product"}],"about":[{"href":"https:\/\/myspainfood.com\/da\/wp-json\/wp\/v2\/types\/product"}],"wp:featuredmedia":[{"embeddable":true,"href":"https:\/\/myspainfood.com\/da\/wp-json\/wp\/v2\/media\/29898"}],"wp:attachment":[{"href":"https:\/\/myspainfood.com\/da\/wp-json\/wp\/v2\/media?parent=29896"}],"wp:term":[{"taxonomy":"product_brand","embeddable":true,"href":"https:\/\/myspainfood.com\/da\/wp-json\/wp\/v2\/product_brand?post=29896"},{"taxonomy":"product_cat","embeddable":true,"href":"https:\/\/myspainfood.com\/da\/wp-json\/wp\/v2\/product_cat?post=29896"},{"taxonomy":"product_tag","embeddable":true,"href":"https:\/\/myspainfood.com\/da\/wp-json\/wp\/v2\/product_tag?post=29896"}],"curies":[{"name":"wp","href":"https:\/\/api.w.org\/{rel}","templated":true}]}}