{"id":29952,"date":"2025-04-10T12:08:05","date_gmt":"2025-04-10T10:08:05","guid":{"rendered":"https:\/\/myspainfood.com\/producto\/sushi-cecina-og-ost-80-enheder\/"},"modified":"2025-07-28T13:06:15","modified_gmt":"2025-07-28T11:06:15","slug":"sushi-cecina-og-ost-80-enheder","status":"publish","type":"product","link":"https:\/\/myspainfood.com\/da\/producto\/sushi-cecina-og-ost-80-enheder\/","title":{"rendered":"Sushi Cecina og ost 80 enheder"},"content":{"rendered":"<p>Olie (85 % solsikke, 15 % oliven), oliven fyldt med<strong> ansjoser<\/strong>, <strong>vagtel\u00e6g<\/strong>, blandet ost og t\u00f8rret oksek\u00f8d.<\/p>\n","protected":false},"excerpt":{"rendered":"<p>Olie (85 % solsikke, 15 % oliven), oliven fyldt med ansjoser, vagtel\u00e6g, blandet ost og t\u00f8rret oksek\u00f8d.<\/p>\n","protected":false},"featured_media":29953,"template":"","meta":{"_et_pb_use_builder":"","_et_pb_old_content":"","_et_gb_content_width":""},"product_brand":[1277],"product_cat":[1860,1654,2292,1647,1862],"product_tag":[],"class_list":{"0":"post-29952","1":"product","2":"type-product","3":"status-publish","4":"has-post-thumbnail","6":"product_brand-bokeo","7":"product_cat-koldt","8":"product_cat-oliven-da","9":"product_cat-ost-og-polse-da","10":"product_cat-pickles-da","11":"product_cat-pintxos-da","12":"product_shipping_class-kold-forsendelse","14":"first","15":"outofstock","16":"taxable","17":"shipping-taxable","18":"purchasable","19":"product-type-simple"},"_links":{"self":[{"href":"https:\/\/myspainfood.com\/da\/wp-json\/wp\/v2\/product\/29952","targetHints":{"allow":["GET"]}}],"collection":[{"href":"https:\/\/myspainfood.com\/da\/wp-json\/wp\/v2\/product"}],"about":[{"href":"https:\/\/myspainfood.com\/da\/wp-json\/wp\/v2\/types\/product"}],"wp:featuredmedia":[{"embeddable":true,"href":"https:\/\/myspainfood.com\/da\/wp-json\/wp\/v2\/media\/29953"}],"wp:attachment":[{"href":"https:\/\/myspainfood.com\/da\/wp-json\/wp\/v2\/media?parent=29952"}],"wp:term":[{"taxonomy":"product_brand","embeddable":true,"href":"https:\/\/myspainfood.com\/da\/wp-json\/wp\/v2\/product_brand?post=29952"},{"taxonomy":"product_cat","embeddable":true,"href":"https:\/\/myspainfood.com\/da\/wp-json\/wp\/v2\/product_cat?post=29952"},{"taxonomy":"product_tag","embeddable":true,"href":"https:\/\/myspainfood.com\/da\/wp-json\/wp\/v2\/product_tag?post=29952"}],"curies":[{"name":"wp","href":"https:\/\/api.w.org\/{rel}","templated":true}]}}