{"id":30146,"date":"2025-04-10T12:08:03","date_gmt":"2025-04-10T10:08:03","guid":{"rendered":"https:\/\/myspainfood.com\/producto\/gildas-med-kantabrisk-ost-og-ansjoser-5-enheder\/"},"modified":"2025-06-24T16:14:08","modified_gmt":"2025-06-24T14:14:08","slug":"gildas-med-kantabrisk-ost-og-ansjoser-5-enheder","status":"publish","type":"product","link":"https:\/\/myspainfood.com\/da\/producto\/gildas-med-kantabrisk-ost-og-ansjoser-5-enheder\/","title":{"rendered":"Gildas med kantabrisk ost og ansjoser 5 enheder"},"content":{"rendered":"<p>Olie (85 % solsikke, 15 % oliven), <strong>ansjosfyldte<\/strong> oliven,<strong> kantabrisk ansjosfilet<\/strong>, halvh\u00e6rdet ost, r\u00f8d peber og r\u00f8d peber.<\/p>\n","protected":false},"excerpt":{"rendered":"<p>Olie (85 % solsikke, 15 % oliven), ansjosfyldte oliven, kantabrisk ansjosfilet, halvh\u00e6rdet ost, r\u00f8d peber og r\u00f8d peber.<\/p>\n","protected":false},"featured_media":30156,"template":"","meta":{"_et_pb_use_builder":"","_et_pb_old_content":"","_et_gb_content_width":""},"product_brand":[1277],"product_cat":[1861,4043,1860,1648,1654,2292,2363,1647,1862],"product_tag":[],"class_list":{"0":"post-30146","1":"product","2":"type-product","3":"status-publish","4":"has-post-thumbnail","6":"product_brand-bokeo","7":"product_cat-ansjoser","8":"product_cat-chilipeber","9":"product_cat-koldt","10":"product_cat-konserves","11":"product_cat-oliven-da","12":"product_cat-ost-og-polse-da","13":"product_cat-peberfrugter","14":"product_cat-pickles-da","15":"product_cat-pintxos-da","16":"product_shipping_class-kold-forsendelse","18":"first","19":"instock","20":"taxable","21":"shipping-taxable","22":"product-type-variable"},"_links":{"self":[{"href":"https:\/\/myspainfood.com\/da\/wp-json\/wp\/v2\/product\/30146","targetHints":{"allow":["GET"]}}],"collection":[{"href":"https:\/\/myspainfood.com\/da\/wp-json\/wp\/v2\/product"}],"about":[{"href":"https:\/\/myspainfood.com\/da\/wp-json\/wp\/v2\/types\/product"}],"wp:featuredmedia":[{"embeddable":true,"href":"https:\/\/myspainfood.com\/da\/wp-json\/wp\/v2\/media\/30156"}],"wp:attachment":[{"href":"https:\/\/myspainfood.com\/da\/wp-json\/wp\/v2\/media?parent=30146"}],"wp:term":[{"taxonomy":"product_brand","embeddable":true,"href":"https:\/\/myspainfood.com\/da\/wp-json\/wp\/v2\/product_brand?post=30146"},{"taxonomy":"product_cat","embeddable":true,"href":"https:\/\/myspainfood.com\/da\/wp-json\/wp\/v2\/product_cat?post=30146"},{"taxonomy":"product_tag","embeddable":true,"href":"https:\/\/myspainfood.com\/da\/wp-json\/wp\/v2\/product_tag?post=30146"}],"curies":[{"name":"wp","href":"https:\/\/api.w.org\/{rel}","templated":true}]}}