{"id":30607,"date":"2025-04-10T12:08:03","date_gmt":"2025-04-10T10:08:03","guid":{"rendered":"https:\/\/myspainfood.com\/producto\/cecina-og-ost-gildas-4-enheder\/"},"modified":"2026-04-15T13:22:38","modified_gmt":"2026-04-15T11:22:38","slug":"cecina-og-ost-gildas-4-enheder","status":"publish","type":"product","link":"https:\/\/myspainfood.com\/da\/producto\/cecina-og-ost-gildas-4-enheder\/","title":{"rendered":"Cecina og ost Gildas 4 enheder"},"content":{"rendered":"<p>Olie (85 % solsikke, 15 % oliven), halvh\u00e6rdet ost og t\u00f8rret oksek\u00f8d.<\/p>\n","protected":false},"excerpt":{"rendered":"<p>Olie (85 % solsikke, 15 % oliven), halvh\u00e6rdet ost og t\u00f8rret oksek\u00f8d.<\/p>\n","protected":false},"featured_media":30613,"template":"","meta":{"_et_pb_use_builder":"","_et_pb_old_content":"","_et_gb_content_width":""},"product_brand":[1277],"product_cat":[2752,1860,2292,1647,1862,2293,2061],"product_tag":[],"class_list":{"0":"post-30607","1":"product","2":"type-product","3":"status-publish","4":"has-post-thumbnail","6":"product_brand-bokeo","7":"product_cat-haerdning","8":"product_cat-koldt","9":"product_cat-ost-og-polse-da","10":"product_cat-pickles-da","11":"product_cat-pintxos-da","12":"product_cat-polse-da","13":"product_cat-vimpler-banderillas","14":"product_shipping_class-kold-forsendelse","16":"first","17":"instock","18":"taxable","19":"shipping-taxable","20":"purchasable","21":"product-type-variable"},"_links":{"self":[{"href":"https:\/\/myspainfood.com\/da\/wp-json\/wp\/v2\/product\/30607","targetHints":{"allow":["GET"]}}],"collection":[{"href":"https:\/\/myspainfood.com\/da\/wp-json\/wp\/v2\/product"}],"about":[{"href":"https:\/\/myspainfood.com\/da\/wp-json\/wp\/v2\/types\/product"}],"wp:featuredmedia":[{"embeddable":true,"href":"https:\/\/myspainfood.com\/da\/wp-json\/wp\/v2\/media\/30613"}],"wp:attachment":[{"href":"https:\/\/myspainfood.com\/da\/wp-json\/wp\/v2\/media?parent=30607"}],"wp:term":[{"taxonomy":"product_brand","embeddable":true,"href":"https:\/\/myspainfood.com\/da\/wp-json\/wp\/v2\/product_brand?post=30607"},{"taxonomy":"product_cat","embeddable":true,"href":"https:\/\/myspainfood.com\/da\/wp-json\/wp\/v2\/product_cat?post=30607"},{"taxonomy":"product_tag","embeddable":true,"href":"https:\/\/myspainfood.com\/da\/wp-json\/wp\/v2\/product_tag?post=30607"}],"curies":[{"name":"wp","href":"https:\/\/api.w.org\/{rel}","templated":true}]}}