{"id":30887,"date":"2025-04-10T12:09:09","date_gmt":"2025-04-10T10:09:09","guid":{"rendered":"https:\/\/myspainfood.com\/producto\/el-gran-cardenal-gede-og-ko-paprikaost\/"},"modified":"2025-06-24T14:16:40","modified_gmt":"2025-06-24T12:16:40","slug":"el-gran-cardenal-gede-og-ko-paprikaost","status":"publish","type":"product","link":"https:\/\/myspainfood.com\/da\/producto\/el-gran-cardenal-gede-og-ko-paprikaost\/","title":{"rendered":"El Gran Cardenal gede- og ko-paprikaost"},"content":{"rendered":"<div class=\"et_pb_blurb_container\">\n<div class=\"et_pb_blurb_container\">\n<h4 class=\"et_pb_module_header\">Ged med paprika<\/h4>\n<div class=\"et_pb_blurb_description\">Ydersiden er belagt med naturlig paprika (fremstillet ved at t\u00f8rre og kv\u00e6rne r\u00f8d peber), som giver osten en flot r\u00f8dlig farve samt en helt s\u00e6rlig aroma og smag.<\/p>\n<p>Kombinationen af gedem\u00e6lkens cremethed og smagen af naturlig paprika er en af de bedste mulige kombinationer i oste.<\/p><\/div>\n<\/div>\n<\/div>\n","protected":false},"excerpt":{"rendered":"<p>Ged med paprika Ydersiden er belagt med naturlig paprika (fremstillet ved at t\u00f8rre og kv\u00e6rne r\u00f8d peber), som giver osten en flot r\u00f8dlig farve samt en helt s\u00e6rlig aroma og smag. Kombinationen af gedem\u00e6lkens cremethed og smagen af naturlig paprika er en af de bedste mulige kombinationer i oste.<\/p>\n","protected":false},"featured_media":30893,"template":"","meta":{"_et_pb_use_builder":"","_et_pb_old_content":"","_et_gb_content_width":""},"product_brand":[1319],"product_cat":[2752,1860,2292],"product_tag":[],"class_list":{"0":"post-30887","1":"product","2":"type-product","3":"status-publish","4":"has-post-thumbnail","6":"product_brand-el-gran-cardenal","7":"product_cat-haerdning","8":"product_cat-koldt","9":"product_cat-ost-og-polse-da","10":"product_shipping_class-kold-forsendelse","12":"first","13":"outofstock","14":"sale","15":"taxable","16":"shipping-taxable","17":"product-type-variable"},"_links":{"self":[{"href":"https:\/\/myspainfood.com\/da\/wp-json\/wp\/v2\/product\/30887","targetHints":{"allow":["GET"]}}],"collection":[{"href":"https:\/\/myspainfood.com\/da\/wp-json\/wp\/v2\/product"}],"about":[{"href":"https:\/\/myspainfood.com\/da\/wp-json\/wp\/v2\/types\/product"}],"wp:featuredmedia":[{"embeddable":true,"href":"https:\/\/myspainfood.com\/da\/wp-json\/wp\/v2\/media\/30893"}],"wp:attachment":[{"href":"https:\/\/myspainfood.com\/da\/wp-json\/wp\/v2\/media?parent=30887"}],"wp:term":[{"taxonomy":"product_brand","embeddable":true,"href":"https:\/\/myspainfood.com\/da\/wp-json\/wp\/v2\/product_brand?post=30887"},{"taxonomy":"product_cat","embeddable":true,"href":"https:\/\/myspainfood.com\/da\/wp-json\/wp\/v2\/product_cat?post=30887"},{"taxonomy":"product_tag","embeddable":true,"href":"https:\/\/myspainfood.com\/da\/wp-json\/wp\/v2\/product_tag?post=30887"}],"curies":[{"name":"wp","href":"https:\/\/api.w.org\/{rel}","templated":true}]}}