{"id":31489,"date":"2025-04-10T12:08:39","date_gmt":"2025-04-10T10:08:39","guid":{"rendered":"https:\/\/myspainfood.com\/producto\/cruceiro-de-ferreiros-albarino\/"},"modified":"2025-04-10T12:08:39","modified_gmt":"2025-04-10T10:08:39","slug":"cruceiro-de-ferreiros-albarino","status":"publish","type":"product","link":"https:\/\/myspainfood.com\/da\/producto\/cruceiro-de-ferreiros-albarino\/","title":{"rendered":"Cruceiro de Ferreiros Albari\u00f1o"},"content":{"rendered":"<p>Denne klassiske galiciske vin er ren og lys med en n\u00e6sten gr\u00f8n farve. Aromaer af grapefrugt synger over en blomsteragtig baggrund med antydninger af mineralitet. Den har krop, god struktur og en st\u00e6rk finish, en fantastisk vin til lette fiskeretter eller frisk ost.  <\/p>\n<div>vin lavet af Albari\u00f1o, Godello og Loureiro-druer, fik s\u00f8lvmedalje ved International Wine Awards 2017 i hvidvinskategorien.<\/div>\n<p>Navn\/omr\u00e5de: Ixp Do Mi\u00f1o<\/p>\n","protected":false},"excerpt":{"rendered":"<p>Denne klassiske galiciske vin er ren og lys med en n\u00e6sten gr\u00f8n farve. Aromaer af grapefrugt synger over en blomsteragtig baggrund med antydninger af mineralitet. Den har krop, god struktur og en st\u00e6rk finish, en fantastisk vin til lette fiskeretter eller frisk ost. vin lavet af Albari\u00f1o, Godello og Loureiro-druer, fik s\u00f8lvmedalje ved International Wine [&hellip;]<\/p>\n","protected":false},"featured_media":31499,"template":"","meta":{"_et_pb_use_builder":"","_et_pb_old_content":"","_et_gb_content_width":""},"product_brand":[1302],"product_cat":[4899,6303],"product_tag":[7029],"class_list":{"0":"post-31489","1":"product","2":"type-product","3":"status-publish","4":"has-post-thumbnail","6":"product_brand-galiciano","7":"product_cat-drikkevarer-da","8":"product_cat-vin-da-3","9":"product_tag-albarino-da","11":"first","12":"instock","13":"taxable","14":"shipping-taxable","15":"purchasable","16":"product-type-variable"},"_links":{"self":[{"href":"https:\/\/myspainfood.com\/da\/wp-json\/wp\/v2\/product\/31489","targetHints":{"allow":["GET"]}}],"collection":[{"href":"https:\/\/myspainfood.com\/da\/wp-json\/wp\/v2\/product"}],"about":[{"href":"https:\/\/myspainfood.com\/da\/wp-json\/wp\/v2\/types\/product"}],"wp:featuredmedia":[{"embeddable":true,"href":"https:\/\/myspainfood.com\/da\/wp-json\/wp\/v2\/media\/31499"}],"wp:attachment":[{"href":"https:\/\/myspainfood.com\/da\/wp-json\/wp\/v2\/media?parent=31489"}],"wp:term":[{"taxonomy":"product_brand","embeddable":true,"href":"https:\/\/myspainfood.com\/da\/wp-json\/wp\/v2\/product_brand?post=31489"},{"taxonomy":"product_cat","embeddable":true,"href":"https:\/\/myspainfood.com\/da\/wp-json\/wp\/v2\/product_cat?post=31489"},{"taxonomy":"product_tag","embeddable":true,"href":"https:\/\/myspainfood.com\/da\/wp-json\/wp\/v2\/product_tag?post=31489"}],"curies":[{"name":"wp","href":"https:\/\/api.w.org\/{rel}","templated":true}]}}