{"id":31681,"date":"2025-04-10T12:09:08","date_gmt":"2025-04-10T10:09:08","guid":{"rendered":"https:\/\/myspainfood.com\/producto\/faareost-med-rosmarin-el-gran-cardenal\/"},"modified":"2025-07-28T10:32:33","modified_gmt":"2025-07-28T08:32:33","slug":"faareost-med-rosmarin-el-gran-cardenal","status":"publish","type":"product","link":"https:\/\/myspainfood.com\/da\/producto\/faareost-med-rosmarin-el-gran-cardenal\/","title":{"rendered":"F\u00e5reost med rosmarin El Gran Cardenal"},"content":{"rendered":"<div class=\"et_pb_blurb_container\">\n<div class=\"et_pb_blurb_container\">\n<h4 class=\"et_pb_module_header\">F\u00e5r med rosmarin<\/h4>\n<div class=\"et_pb_blurb_description\">Rosmarin er en aromatisk plante, der er typisk for Middelhavsomr\u00e5det. Dens aroma impr\u00e6gnerer vores Castellano de Oveja-ost og giver den en meget nuanceret duft og smag, samtidig med at den hj\u00e6lper med at beskytte osten. <\/p>\n<p>I blomstersproget er rosmarin et symbol p\u00e5 god tro og \u00e5benhed.<\/p><\/div>\n<\/div>\n<\/div>\n","protected":false},"excerpt":{"rendered":"<p>F\u00e5r med rosmarin Rosmarin er en aromatisk plante, der er typisk for Middelhavsomr\u00e5det. Dens aroma impr\u00e6gnerer vores Castellano de Oveja-ost og giver den en meget nuanceret duft og smag, samtidig med at den hj\u00e6lper med at beskytte osten. I blomstersproget er rosmarin et symbol p\u00e5 god tro og \u00e5benhed.<\/p>\n","protected":false},"featured_media":31687,"template":"","meta":{"_et_pb_use_builder":"","_et_pb_old_content":"","_et_gb_content_width":""},"product_brand":[1319],"product_cat":[2752,1860,2292],"product_tag":[],"class_list":{"0":"post-31681","1":"product","2":"type-product","3":"status-publish","4":"has-post-thumbnail","6":"product_brand-el-gran-cardenal","7":"product_cat-haerdning","8":"product_cat-koldt","9":"product_cat-ost-og-polse-da","10":"product_shipping_class-kold-forsendelse","12":"first","13":"outofstock","14":"taxable","15":"shipping-taxable","16":"purchasable","17":"product-type-variable"},"_links":{"self":[{"href":"https:\/\/myspainfood.com\/da\/wp-json\/wp\/v2\/product\/31681","targetHints":{"allow":["GET"]}}],"collection":[{"href":"https:\/\/myspainfood.com\/da\/wp-json\/wp\/v2\/product"}],"about":[{"href":"https:\/\/myspainfood.com\/da\/wp-json\/wp\/v2\/types\/product"}],"wp:featuredmedia":[{"embeddable":true,"href":"https:\/\/myspainfood.com\/da\/wp-json\/wp\/v2\/media\/31687"}],"wp:attachment":[{"href":"https:\/\/myspainfood.com\/da\/wp-json\/wp\/v2\/media?parent=31681"}],"wp:term":[{"taxonomy":"product_brand","embeddable":true,"href":"https:\/\/myspainfood.com\/da\/wp-json\/wp\/v2\/product_brand?post=31681"},{"taxonomy":"product_cat","embeddable":true,"href":"https:\/\/myspainfood.com\/da\/wp-json\/wp\/v2\/product_cat?post=31681"},{"taxonomy":"product_tag","embeddable":true,"href":"https:\/\/myspainfood.com\/da\/wp-json\/wp\/v2\/product_tag?post=31681"}],"curies":[{"name":"wp","href":"https:\/\/api.w.org\/{rel}","templated":true}]}}