{"id":31796,"date":"2025-04-10T12:09:10","date_gmt":"2025-04-10T10:09:10","guid":{"rendered":"https:\/\/myspainfood.com\/producto\/gede-og-koost-med-sort-hvidloeg-el-gran-cardenal\/"},"modified":"2025-06-24T16:12:26","modified_gmt":"2025-06-24T14:12:26","slug":"gede-og-koost-med-sort-hvidloeg-el-gran-cardenal","status":"publish","type":"product","link":"https:\/\/myspainfood.com\/da\/producto\/gede-og-koost-med-sort-hvidloeg-el-gran-cardenal\/","title":{"rendered":"Gede- og koost med sort hvidl\u00f8g El Gran Cardenal"},"content":{"rendered":"<div class=\"et_pb_blurb_container\">\n<div class=\"et_pb_blurb_container\">\n<div class=\"et_pb_blurb_container\">\n<h4 class=\"et_pb_module_header\">Ged med sort hvidl\u00f8g<\/h4>\n<div class=\"et_pb_blurb_description\">Cremet ost lavet af gede- og kom\u00e6lk med dele af sort hvidl\u00f8g indeni. Det giver den en let s\u00f8dlig smag og antioxidante egenskaber. <\/p>\n<p>Det tilskrives ogs\u00e5 andre egenskaber, s\u00e5som at reducere risikoen for kr\u00e6ft og forl\u00e6nge livet. Det, vi er sikre p\u00e5, er, at resultatet af smagen af gedem\u00e6lk sammen med sort hvidl\u00f8g vil v\u00e6re en behagelig overraskelse. <\/p><\/div>\n<\/div>\n<\/div>\n<\/div>\n","protected":false},"excerpt":{"rendered":"<p>Ged med sort hvidl\u00f8g Cremet ost lavet af gede- og kom\u00e6lk med dele af sort hvidl\u00f8g indeni. Det giver den en let s\u00f8dlig smag og antioxidante egenskaber. Det tilskrives ogs\u00e5 andre egenskaber, s\u00e5som at reducere risikoen for kr\u00e6ft og forl\u00e6nge livet. Det, vi er sikre p\u00e5, er, at resultatet af smagen af gedem\u00e6lk sammen med [&hellip;]<\/p>\n","protected":false},"featured_media":31800,"template":"","meta":{"_et_pb_use_builder":"","_et_pb_old_content":"","_et_gb_content_width":""},"product_brand":[1319],"product_cat":[2752,1860,2292],"product_tag":[],"class_list":{"0":"post-31796","1":"product","2":"type-product","3":"status-publish","4":"has-post-thumbnail","6":"product_brand-el-gran-cardenal","7":"product_cat-haerdning","8":"product_cat-koldt","9":"product_cat-ost-og-polse-da","10":"product_shipping_class-kold-forsendelse","12":"first","13":"outofstock","14":"taxable","15":"shipping-taxable","16":"purchasable","17":"product-type-variable"},"_links":{"self":[{"href":"https:\/\/myspainfood.com\/da\/wp-json\/wp\/v2\/product\/31796","targetHints":{"allow":["GET"]}}],"collection":[{"href":"https:\/\/myspainfood.com\/da\/wp-json\/wp\/v2\/product"}],"about":[{"href":"https:\/\/myspainfood.com\/da\/wp-json\/wp\/v2\/types\/product"}],"wp:featuredmedia":[{"embeddable":true,"href":"https:\/\/myspainfood.com\/da\/wp-json\/wp\/v2\/media\/31800"}],"wp:attachment":[{"href":"https:\/\/myspainfood.com\/da\/wp-json\/wp\/v2\/media?parent=31796"}],"wp:term":[{"taxonomy":"product_brand","embeddable":true,"href":"https:\/\/myspainfood.com\/da\/wp-json\/wp\/v2\/product_brand?post=31796"},{"taxonomy":"product_cat","embeddable":true,"href":"https:\/\/myspainfood.com\/da\/wp-json\/wp\/v2\/product_cat?post=31796"},{"taxonomy":"product_tag","embeddable":true,"href":"https:\/\/myspainfood.com\/da\/wp-json\/wp\/v2\/product_tag?post=31796"}],"curies":[{"name":"wp","href":"https:\/\/api.w.org\/{rel}","templated":true}]}}