{"id":31859,"date":"2025-04-10T12:08:54","date_gmt":"2025-04-10T10:08:54","guid":{"rendered":"https:\/\/myspainfood.com\/producto\/sanmer-black-pearl-olive-140-160-hele-5-kg\/"},"modified":"2025-05-08T20:47:17","modified_gmt":"2025-05-08T18:47:17","slug":"sanmer-black-pearl-olive-140-160-hele-5-kg","status":"publish","type":"product","link":"https:\/\/myspainfood.com\/da\/producto\/sanmer-black-pearl-olive-140-160-hele-5-kg\/","title":{"rendered":"Sanmer Black Pearl Olive 140\/160 hele 5 kg"},"content":{"rendered":"<p>Intens sort farve med st\u00e6rk glans, saftigt k\u00f8d og behagelig konsistens. En fantastisk ledsager til friske salater og pizzaer, l\u00e6kker til enhver mild ret. <\/p>\n","protected":false},"excerpt":{"rendered":"<p>Intens sort farve med st\u00e6rk glans, saftigt k\u00f8d og behagelig konsistens. En fantastisk ledsager til friske salater og pizzaer, l\u00e6kker til enhver mild ret.<\/p>\n","protected":false},"featured_media":31864,"template":"","meta":{"_et_pb_use_builder":"","_et_pb_old_content":"","_et_gb_content_width":""},"product_brand":[1069,1303],"product_cat":[1654,1647],"product_tag":[2039,7082],"class_list":{"0":"post-31859","1":"product","2":"type-product","3":"status-publish","4":"has-post-thumbnail","6":"product_brand-sangar","7":"product_brand-sanmer","8":"product_cat-oliven-da","9":"product_cat-pickles-da","10":"product_tag-kamille","11":"product_tag-sort","13":"first","14":"outofstock","15":"taxable","16":"shipping-taxable","17":"purchasable","18":"product-type-simple"},"_links":{"self":[{"href":"https:\/\/myspainfood.com\/da\/wp-json\/wp\/v2\/product\/31859","targetHints":{"allow":["GET"]}}],"collection":[{"href":"https:\/\/myspainfood.com\/da\/wp-json\/wp\/v2\/product"}],"about":[{"href":"https:\/\/myspainfood.com\/da\/wp-json\/wp\/v2\/types\/product"}],"wp:featuredmedia":[{"embeddable":true,"href":"https:\/\/myspainfood.com\/da\/wp-json\/wp\/v2\/media\/31864"}],"wp:attachment":[{"href":"https:\/\/myspainfood.com\/da\/wp-json\/wp\/v2\/media?parent=31859"}],"wp:term":[{"taxonomy":"product_brand","embeddable":true,"href":"https:\/\/myspainfood.com\/da\/wp-json\/wp\/v2\/product_brand?post=31859"},{"taxonomy":"product_cat","embeddable":true,"href":"https:\/\/myspainfood.com\/da\/wp-json\/wp\/v2\/product_cat?post=31859"},{"taxonomy":"product_tag","embeddable":true,"href":"https:\/\/myspainfood.com\/da\/wp-json\/wp\/v2\/product_tag?post=31859"}],"curies":[{"name":"wp","href":"https:\/\/api.w.org\/{rel}","templated":true}]}}