{"id":32138,"date":"2025-04-10T12:08:59","date_gmt":"2025-04-10T10:08:59","guid":{"rendered":"https:\/\/myspainfood.com\/producto\/m-jesus-de-la-hoz-monsalve-2024-verdejo\/"},"modified":"2025-04-10T12:08:59","modified_gmt":"2025-04-10T10:08:59","slug":"m-jesus-de-la-hoz-monsalve-2024-verdejo","status":"publish","type":"product","link":"https:\/\/myspainfood.com\/da\/producto\/m-jesus-de-la-hoz-monsalve-2024-verdejo\/","title":{"rendered":"M Jesus de La Hoz Monsalve 2024 Verdejo"},"content":{"rendered":"<div class=\"cs-blog-content\">\n<p>Denne vin er opkaldt til \u00e6re for en familietradition, der er forankret i vinfremstilling. Vinfremstillingsudstyret er udstyret med den nyeste teknologi for at sikre, at mosten ikke mister noget af sin sortskarakter. G\u00e6ring i rustfri st\u00e5ltanke giver absolut temperaturkontrol og respekterer den strenge kvalitetskontrol af hver proces. <\/p>\n<p><strong>Farve:<\/strong> lyst str\u00e5farvet.<\/p>\n<p><strong>Aroma:<\/strong> udtryksfuld, sortstypisk, frisk frugt.<\/p>\n<p><strong>Smag:<\/strong> velsmagende, frugtagtig, frisk, k\u00f8dfuld.<\/p>\n<\/div>\n<h1><span class=\"vintage\"> <\/span><\/h1>\n","protected":false},"excerpt":{"rendered":"<p>Denne vin er opkaldt til \u00e6re for en familietradition, der er forankret i vinfremstilling. Vinfremstillingsudstyret er udstyret med den nyeste teknologi for at sikre, at mosten ikke mister noget af sin sortskarakter. G\u00e6ring i rustfri st\u00e5ltanke giver absolut temperaturkontrol og respekterer den strenge kvalitetskontrol af hver proces. Farve: lyst str\u00e5farvet. Aroma: udtryksfuld, sortstypisk, frisk frugt. [&hellip;]<\/p>\n","protected":false},"featured_media":32145,"template":"","meta":{"_et_pb_use_builder":"","_et_pb_old_content":"","_et_gb_content_width":""},"product_brand":[1140],"product_cat":[4899,5278],"product_tag":[7109,7110],"class_list":{"0":"post-32138","1":"product","2":"type-product","3":"status-publish","4":"has-post-thumbnail","6":"product_brand-ladera-de-los-obispos","7":"product_cat-drikkevarer-da","8":"product_cat-vin-da-2","9":"product_tag-gotisk","10":"product_tag-hjul","12":"first","13":"instock","14":"featured","15":"taxable","16":"shipping-taxable","17":"purchasable","18":"product-type-variable"},"_links":{"self":[{"href":"https:\/\/myspainfood.com\/da\/wp-json\/wp\/v2\/product\/32138","targetHints":{"allow":["GET"]}}],"collection":[{"href":"https:\/\/myspainfood.com\/da\/wp-json\/wp\/v2\/product"}],"about":[{"href":"https:\/\/myspainfood.com\/da\/wp-json\/wp\/v2\/types\/product"}],"wp:featuredmedia":[{"embeddable":true,"href":"https:\/\/myspainfood.com\/da\/wp-json\/wp\/v2\/media\/32145"}],"wp:attachment":[{"href":"https:\/\/myspainfood.com\/da\/wp-json\/wp\/v2\/media?parent=32138"}],"wp:term":[{"taxonomy":"product_brand","embeddable":true,"href":"https:\/\/myspainfood.com\/da\/wp-json\/wp\/v2\/product_brand?post=32138"},{"taxonomy":"product_cat","embeddable":true,"href":"https:\/\/myspainfood.com\/da\/wp-json\/wp\/v2\/product_cat?post=32138"},{"taxonomy":"product_tag","embeddable":true,"href":"https:\/\/myspainfood.com\/da\/wp-json\/wp\/v2\/product_tag?post=32138"}],"curies":[{"name":"wp","href":"https:\/\/api.w.org\/{rel}","templated":true}]}}