{"id":32190,"date":"2025-04-10T12:09:28","date_gmt":"2025-04-10T10:09:28","guid":{"rendered":"https:\/\/myspainfood.com\/producto\/el-gran-cardenal-tender-mixed-cheese\/"},"modified":"2026-01-29T11:58:38","modified_gmt":"2026-01-29T10:58:38","slug":"el-gran-cardenal-tender-mixed-cheese","status":"publish","type":"product","link":"https:\/\/myspainfood.com\/da\/producto\/el-gran-cardenal-tender-mixed-cheese\/","title":{"rendered":"El Gran Cardenal Tender Mixed Cheese"},"content":{"rendered":"<div class=\"et_pb_column et_pb_column_4_4 et_pb_column_1 et_pb_css_mix_blend_mode_passthrough et-last-child\">\n<div class=\"et_pb_module et_pb_text et_pb_text_1 et_pb_text_align_justified et_pb_bg_layout_light\">\n<div class=\"et_pb_text_inner\">\n<p>Fremstillet efter en familieopskrift med vores blanding af f\u00e5re- og kom\u00e6lk, som giver en fantastisk balance i munden p\u00e5 grund af sin bl\u00f8dhed og cremethed. Oste med forskellige modningsperioder i en tr\u00e6t\u00f8rrer: Tierno, Semicurado (fra 2 til 4 m\u00e5neders modning), Curado (fra 4 til 6 m\u00e5neders modning) og Viejo (fra 6 til 8 m\u00e5neders modning). <\/p>\n<\/div>\n<\/div>\n<\/div>\n","protected":false},"excerpt":{"rendered":"<p>Fremstillet efter en familieopskrift med vores blanding af f\u00e5re- og kom\u00e6lk, som giver en fantastisk balance i munden p\u00e5 grund af sin bl\u00f8dhed og cremethed. Oste med forskellige modningsperioder i en tr\u00e6t\u00f8rrer: Tierno, Semicurado (fra 2 til 4 m\u00e5neders modning), Curado (fra 4 til 6 m\u00e5neders modning) og Viejo (fra 6 til 8 m\u00e5neders modning).<\/p>\n","protected":false},"featured_media":32199,"template":"","meta":{"_et_pb_use_builder":"","_et_pb_old_content":"","_et_gb_content_width":""},"product_brand":[1319],"product_cat":[2752,1860,2292],"product_tag":[],"class_list":{"0":"post-32190","1":"product","2":"type-product","3":"status-publish","4":"has-post-thumbnail","6":"product_brand-el-gran-cardenal","7":"product_cat-haerdning","8":"product_cat-koldt","9":"product_cat-ost-og-polse-da","10":"product_shipping_class-kold-forsendelse","12":"first","13":"outofstock","14":"taxable","15":"shipping-taxable","16":"product-type-variable"},"_links":{"self":[{"href":"https:\/\/myspainfood.com\/da\/wp-json\/wp\/v2\/product\/32190","targetHints":{"allow":["GET"]}}],"collection":[{"href":"https:\/\/myspainfood.com\/da\/wp-json\/wp\/v2\/product"}],"about":[{"href":"https:\/\/myspainfood.com\/da\/wp-json\/wp\/v2\/types\/product"}],"wp:featuredmedia":[{"embeddable":true,"href":"https:\/\/myspainfood.com\/da\/wp-json\/wp\/v2\/media\/32199"}],"wp:attachment":[{"href":"https:\/\/myspainfood.com\/da\/wp-json\/wp\/v2\/media?parent=32190"}],"wp:term":[{"taxonomy":"product_brand","embeddable":true,"href":"https:\/\/myspainfood.com\/da\/wp-json\/wp\/v2\/product_brand?post=32190"},{"taxonomy":"product_cat","embeddable":true,"href":"https:\/\/myspainfood.com\/da\/wp-json\/wp\/v2\/product_cat?post=32190"},{"taxonomy":"product_tag","embeddable":true,"href":"https:\/\/myspainfood.com\/da\/wp-json\/wp\/v2\/product_tag?post=32190"}],"curies":[{"name":"wp","href":"https:\/\/api.w.org\/{rel}","templated":true}]}}