{"id":32789,"date":"2025-04-10T12:09:07","date_gmt":"2025-04-10T10:09:07","guid":{"rendered":"https:\/\/myspainfood.com\/producto\/el-gran-cardenal-faareost-med-olivenolie\/"},"modified":"2025-07-28T13:09:55","modified_gmt":"2025-07-28T11:09:55","slug":"el-gran-cardenal-faareost-med-olivenolie","status":"publish","type":"product","link":"https:\/\/myspainfood.com\/da\/producto\/el-gran-cardenal-faareost-med-olivenolie\/","title":{"rendered":"El Gran Cardenal f\u00e5reost med olivenolie"},"content":{"rendered":"<div class=\"et_pb_blurb_container\">\n<div class=\"et_pb_blurb_container\">\n<h4 class=\"et_pb_module_header\">F\u00e5r med olie<\/h4>\n<div class=\"et_pb_blurb_description\">Vores castilianske f\u00e5reost, vinder af 4 internationale guldmedaljer, sammen med en af middelhavskostens skatte, olivenolie.<\/p>\n<p>Til dette bruger vi vores egen olie, fra hundrede\u00e5rige oliventr\u00e6er dyrket i de omr\u00e5der, som San Isidro dyrkede sammen med sin kone&#8230;<\/p><\/div>\n<\/div>\n<\/div>\n","protected":false},"excerpt":{"rendered":"<p>F\u00e5r med olie Vores castilianske f\u00e5reost, vinder af 4 internationale guldmedaljer, sammen med en af middelhavskostens skatte, olivenolie. Til dette bruger vi vores egen olie, fra hundrede\u00e5rige oliventr\u00e6er dyrket i de omr\u00e5der, som San Isidro dyrkede sammen med sin kone&#8230;<\/p>\n","protected":false},"featured_media":32797,"template":"","meta":{"_et_pb_use_builder":"","_et_pb_old_content":"","_et_gb_content_width":""},"product_brand":[1319],"product_cat":[2752,1860,2292],"product_tag":[],"class_list":{"0":"post-32789","1":"product","2":"type-product","3":"status-publish","4":"has-post-thumbnail","6":"product_brand-el-gran-cardenal","7":"product_cat-haerdning","8":"product_cat-koldt","9":"product_cat-ost-og-polse-da","10":"product_shipping_class-kold-forsendelse","12":"first","13":"outofstock","14":"taxable","15":"shipping-taxable","16":"purchasable","17":"product-type-variable"},"_links":{"self":[{"href":"https:\/\/myspainfood.com\/da\/wp-json\/wp\/v2\/product\/32789","targetHints":{"allow":["GET"]}}],"collection":[{"href":"https:\/\/myspainfood.com\/da\/wp-json\/wp\/v2\/product"}],"about":[{"href":"https:\/\/myspainfood.com\/da\/wp-json\/wp\/v2\/types\/product"}],"wp:featuredmedia":[{"embeddable":true,"href":"https:\/\/myspainfood.com\/da\/wp-json\/wp\/v2\/media\/32797"}],"wp:attachment":[{"href":"https:\/\/myspainfood.com\/da\/wp-json\/wp\/v2\/media?parent=32789"}],"wp:term":[{"taxonomy":"product_brand","embeddable":true,"href":"https:\/\/myspainfood.com\/da\/wp-json\/wp\/v2\/product_brand?post=32789"},{"taxonomy":"product_cat","embeddable":true,"href":"https:\/\/myspainfood.com\/da\/wp-json\/wp\/v2\/product_cat?post=32789"},{"taxonomy":"product_tag","embeddable":true,"href":"https:\/\/myspainfood.com\/da\/wp-json\/wp\/v2\/product_tag?post=32789"}],"curies":[{"name":"wp","href":"https:\/\/api.w.org\/{rel}","templated":true}]}}