{"id":32857,"date":"2025-04-10T12:09:28","date_gmt":"2025-04-10T10:09:28","guid":{"rendered":"https:\/\/myspainfood.com\/producto\/spansk-raamaelksost-fra-faar-el-gran-cardenal\/"},"modified":"2025-07-28T13:12:28","modified_gmt":"2025-07-28T11:12:28","slug":"spansk-raamaelksost-fra-faar-el-gran-cardenal","status":"publish","type":"product","link":"https:\/\/myspainfood.com\/da\/producto\/spansk-raamaelksost-fra-faar-el-gran-cardenal\/","title":{"rendered":"Spansk r\u00e5m\u00e6lksost fra f\u00e5r El Gran Cardenal"},"content":{"rendered":"<div class=\"et_pb_blurb_container\">\n<div class=\"et_pb_blurb_container\">\n<div class=\"et_pb_blurb_container\">\n<p class=\"et_pb_module_header\">R\u00e5 f\u00e5rem\u00e6lk<\/p>\n<div class=\"et_pb_blurb_description\">Lavet af den mest udvalgte m\u00e6lk, der indsamles dagligt for at sikre friskhed og kvalitet, hvilket garanterer en st\u00f8rre smag og en fantastisk aroma.<\/div>\n<\/div>\n<\/div>\n<\/div>\n","protected":false},"excerpt":{"rendered":"<p>R\u00e5 f\u00e5rem\u00e6lk Lavet af den mest udvalgte m\u00e6lk, der indsamles dagligt for at sikre friskhed og kvalitet, hvilket garanterer en st\u00f8rre smag og en fantastisk aroma.<\/p>\n","protected":false},"featured_media":32862,"template":"","meta":{"_et_pb_use_builder":"","_et_pb_old_content":"","_et_gb_content_width":""},"product_brand":[1319],"product_cat":[2752,1860,2292],"product_tag":[],"class_list":{"0":"post-32857","1":"product","2":"type-product","3":"status-publish","4":"has-post-thumbnail","6":"product_brand-el-gran-cardenal","7":"product_cat-haerdning","8":"product_cat-koldt","9":"product_cat-ost-og-polse-da","10":"product_shipping_class-kold-forsendelse","12":"first","13":"outofstock","14":"taxable","15":"shipping-taxable","16":"purchasable","17":"product-type-variable"},"_links":{"self":[{"href":"https:\/\/myspainfood.com\/da\/wp-json\/wp\/v2\/product\/32857","targetHints":{"allow":["GET"]}}],"collection":[{"href":"https:\/\/myspainfood.com\/da\/wp-json\/wp\/v2\/product"}],"about":[{"href":"https:\/\/myspainfood.com\/da\/wp-json\/wp\/v2\/types\/product"}],"wp:featuredmedia":[{"embeddable":true,"href":"https:\/\/myspainfood.com\/da\/wp-json\/wp\/v2\/media\/32862"}],"wp:attachment":[{"href":"https:\/\/myspainfood.com\/da\/wp-json\/wp\/v2\/media?parent=32857"}],"wp:term":[{"taxonomy":"product_brand","embeddable":true,"href":"https:\/\/myspainfood.com\/da\/wp-json\/wp\/v2\/product_brand?post=32857"},{"taxonomy":"product_cat","embeddable":true,"href":"https:\/\/myspainfood.com\/da\/wp-json\/wp\/v2\/product_cat?post=32857"},{"taxonomy":"product_tag","embeddable":true,"href":"https:\/\/myspainfood.com\/da\/wp-json\/wp\/v2\/product_tag?post=32857"}],"curies":[{"name":"wp","href":"https:\/\/api.w.org\/{rel}","templated":true}]}}