{"id":32956,"date":"2025-04-10T12:09:07","date_gmt":"2025-04-10T10:09:07","guid":{"rendered":"https:\/\/myspainfood.com\/producto\/el-gran-cardenal-troeffelfyldt-faareost\/"},"modified":"2026-03-13T13:08:41","modified_gmt":"2026-03-13T12:08:41","slug":"el-gran-cardenal-troeffelfyldt-faareost","status":"publish","type":"product","link":"https:\/\/myspainfood.com\/da\/producto\/el-gran-cardenal-troeffelfyldt-faareost\/","title":{"rendered":"El Gran Cardenal tr\u00f8ffelfyldt f\u00e5reost"},"content":{"rendered":"<div class=\"et_pb_blurb_container\">\n<h4 class=\"et_pb_module_header\">Tr\u00f8ffelfarvet f\u00e5r<\/h4>\n<div class=\"et_pb_blurb_description\">\n<p>Den mest eksklusive af vores oste. Vinder af Super Gold Medal ved den internationale World Cheese Awards 2016-17. <\/p>\n<p>Kun med f\u00e5rem\u00e6lk fra de bedste bes\u00e6tninger tils\u00e6tter vi tr\u00f8ffel fra begyndelsen af produktionen, s\u00e5 de lever sammen under hele modningen og giver en umiskendelig aroma og smag, der respekterer essensen af castiliansk f\u00e5rem\u00e6lksost.<\/p>\n<\/div>\n<\/div>\n","protected":false},"excerpt":{"rendered":"<p>Tr\u00f8ffelfarvet f\u00e5r Den mest eksklusive af vores oste. Vinder af Super Gold Medal ved den internationale World Cheese Awards 2016-17. Kun med f\u00e5rem\u00e6lk fra de bedste bes\u00e6tninger tils\u00e6tter vi tr\u00f8ffel fra begyndelsen af produktionen, s\u00e5 de lever sammen under hele modningen og giver en umiskendelig aroma og smag, der respekterer essensen af castiliansk f\u00e5rem\u00e6lksost.<\/p>\n","protected":false},"featured_media":32962,"template":"","meta":{"_et_pb_use_builder":"","_et_pb_old_content":"","_et_gb_content_width":""},"product_brand":[1319],"product_cat":[2752,1860,2292],"product_tag":[],"class_list":{"0":"post-32956","1":"product","2":"type-product","3":"status-publish","4":"has-post-thumbnail","6":"product_brand-el-gran-cardenal","7":"product_cat-haerdning","8":"product_cat-koldt","9":"product_cat-ost-og-polse-da","10":"product_shipping_class-kold-forsendelse","12":"first","13":"outofstock","14":"taxable","15":"shipping-taxable","16":"purchasable","17":"product-type-variable"},"_links":{"self":[{"href":"https:\/\/myspainfood.com\/da\/wp-json\/wp\/v2\/product\/32956","targetHints":{"allow":["GET"]}}],"collection":[{"href":"https:\/\/myspainfood.com\/da\/wp-json\/wp\/v2\/product"}],"about":[{"href":"https:\/\/myspainfood.com\/da\/wp-json\/wp\/v2\/types\/product"}],"wp:featuredmedia":[{"embeddable":true,"href":"https:\/\/myspainfood.com\/da\/wp-json\/wp\/v2\/media\/32962"}],"wp:attachment":[{"href":"https:\/\/myspainfood.com\/da\/wp-json\/wp\/v2\/media?parent=32956"}],"wp:term":[{"taxonomy":"product_brand","embeddable":true,"href":"https:\/\/myspainfood.com\/da\/wp-json\/wp\/v2\/product_brand?post=32956"},{"taxonomy":"product_cat","embeddable":true,"href":"https:\/\/myspainfood.com\/da\/wp-json\/wp\/v2\/product_cat?post=32956"},{"taxonomy":"product_tag","embeddable":true,"href":"https:\/\/myspainfood.com\/da\/wp-json\/wp\/v2\/product_tag?post=32956"}],"curies":[{"name":"wp","href":"https:\/\/api.w.org\/{rel}","templated":true}]}}